{"id":758249,"date":"2025-08-28T07:59:15","date_gmt":"2025-08-28T04:59:15","guid":{"rendered":"https:\/\/roveyayinevi.com.tr\/index.php\/urun\/irditech-2018-uluslararasi-ar-ge-inovasyon-ve-teknoloji-yonetimi-kongresi-bildiriler-kitabi\/"},"modified":"2026-04-16T03:11:20","modified_gmt":"2026-04-16T00:11:20","slug":"irditech-2018-uluslararasi-ar-ge-inovasyon-ve-teknoloji-yonetimi-kongresi-bildiriler-kitabi","status":"publish","type":"product","link":"https:\/\/roveyayinevi.com.tr\/index.php\/urun\/irditech-2018-uluslararasi-ar-ge-inovasyon-ve-teknoloji-yonetimi-kongresi-bildiriler-kitabi\/","title":{"rendered":"Irditech 2018 Uluslararas\u0131 Ar-Ge \u0130novasyon Ve Teknoloji Y\u00f6netimi Kongresi Bildiriler Kitab\u0131"},"content":{"rendered":"<p>Uluslararas\u0131 Ar-Ge, \u0130novasyon ve Teknoloji Y\u00f6netimi kongresinin ilki, 18 May\u0131s 2018 tarihinde Okan \u00dcniversitesinde ger\u00e7ekle\u015fmi\u015ftir. Bu kongre ile \u00fclkemizde Ar-Ge ve inovasyon \u00e7al\u0131\u015fmalar\u0131n\u0131 desteklemek amac\u0131yla a\u00e7\u0131lm\u0131\u015f, Ar-Ge ve Tasar\u0131m Merkezlerinin ve \u00fcniversitelerin akademik \u00e7al\u0131\u015fmalar\u0131n\u0131n ortak bir platfomda toplanmas\u0131 hedeflenmi\u015ftir. Bilim Sanayi ve Teknoloji Bakanl\u0131\u011f\u0131 onayl\u0131 Ar-Ge ve tasar\u0131m merkezlerimiz, y\u00fcksek teknoloji \u00fcr\u00fcn gam\u0131m\u0131z\u0131n artt\u0131r\u0131labilmesi i\u00e7in hayati misyonlar \u00fcstlenmi\u015flerdir. K\u00fcresel rekabette avantajl\u0131 olabilmek ve ihracat hacimlerimizi kal\u0131c\u0131 bir \u015fekilde artt\u0131rabilmemiz Ar-Ge tabanl\u0131 yap\u0131sal d\u00f6n\u00fc\u015f\u00fcm ile m\u00fcmk\u00fcn g\u00f6z\u00fckmektedir. Bu ba\u011flamda at\u0131lan yerinde ve h\u0131zl\u0131 ad\u0131mlar Ar-Ge potansiyelimizi ciddi bir \u015fekilde artt\u0131rm\u0131\u015f artt\u0131rmaya devam edecektir diye de\u011ferlendirilmektedir.<\/p>\n","protected":false},"excerpt":{"rendered":"<p>Uluslararas\u0131 Ar-Ge, \u0130novasyon ve Teknoloji Y\u00f6netimi kongresinin ilki, 18 May\u0131s 2018 tarihinde Okan \u00dcniversitesinde ger\u00e7ekle\u015fmi\u015ftir. Bu kongre ile \u00fclkemizde Ar-Ge ve inovasyon \u00e7al\u0131\u015fmalar\u0131n\u0131 desteklemek amac\u0131yla a\u00e7\u0131lm\u0131\u015f,<span class=\"excerpt-hellip\"> [\u2026]<\/span><\/p>\n","protected":false},"featured_media":0,"template":"","meta":{"_monsterinsights_skip_tracking":false,"_monsterinsights_sitenote_active":false,"_monsterinsights_sitenote_note":"","_monsterinsights_sitenote_category":0},"product_brand":[],"product_cat":[13005],"product_tag":[],"class_list":{"0":"post-758249","1":"product","2":"type-product","3":"status-publish","5":"product_cat-bilim-muhendislik","6":"pa_cilt-ciltsiz","7":"pa_tur-kitap","8":"pa_yayinevi-istanbul-okan-universitesi","9":"pa_yazar-okan-kollektif","11":"first","12":"instock","13":"sale","14":"shipping-taxable","15":"purchasable","16":"product-type-simple"},"_links":{"self":[{"href":"https:\/\/roveyayinevi.com.tr\/index.php\/wp-json\/wp\/v2\/product\/758249","targetHints":{"allow":["GET"]}}],"collection":[{"href":"https:\/\/roveyayinevi.com.tr\/index.php\/wp-json\/wp\/v2\/product"}],"about":[{"href":"https:\/\/roveyayinevi.com.tr\/index.php\/wp-json\/wp\/v2\/types\/product"}],"wp:attachment":[{"href":"https:\/\/roveyayinevi.com.tr\/index.php\/wp-json\/wp\/v2\/media?parent=758249"}],"wp:term":[{"taxonomy":"product_brand","embeddable":true,"href":"https:\/\/roveyayinevi.com.tr\/index.php\/wp-json\/wp\/v2\/product_brand?post=758249"},{"taxonomy":"product_cat","embeddable":true,"href":"https:\/\/roveyayinevi.com.tr\/index.php\/wp-json\/wp\/v2\/product_cat?post=758249"},{"taxonomy":"product_tag","embeddable":true,"href":"https:\/\/roveyayinevi.com.tr\/index.php\/wp-json\/wp\/v2\/product_tag?post=758249"}],"curies":[{"name":"wp","href":"https:\/\/api.w.org\/{rel}","templated":true}]}}