{"id":758248,"date":"2025-08-28T07:59:13","date_gmt":"2025-08-28T04:59:13","guid":{"rendered":"https:\/\/roveyayinevi.com.tr\/index.php\/urun\/hidroelektrik-santrallerin-tasarim-ve-hesap-esaslari\/"},"modified":"2026-04-16T03:11:20","modified_gmt":"2026-04-16T00:11:20","slug":"hidroelektrik-santrallerin-tasarim-ve-hesap-esaslari","status":"publish","type":"product","link":"https:\/\/roveyayinevi.com.tr\/index.php\/urun\/hidroelektrik-santrallerin-tasarim-ve-hesap-esaslari\/","title":{"rendered":"Hidroelektrik Santrallerin Tasar\u0131m ve Hesap Esaslar\u0131"},"content":{"rendered":"<p>Hidroelektrik Santraller risk ta\u015f\u0131mayan, hava kirlili\u011fi olu\u015fturmayan, iklim de\u011fi\u015fikli\u011fine neden olmayan ve do\u011fal \u00e7evreyi bozmayan g\u00fc\u00e7 \u00fcreticileridir. Ayn\u0131 zamanda \u00e7evreyle uyumlu, temiz, yenilenebilir, yak\u0131t gideri olmayan, uzun \u00f6m\u00fcrl\u00fc (200 y\u0131l), yat\u0131r\u0131m\u0131 geri d\u00f6nme s\u00fcresi k\u0131sa, (5-10 y\u0131l) i\u015fletme gideri (0,2 cent\/kWh), d\u0131\u015fa ba\u011f\u0131ml\u0131 olmayan elektrik \u00fcreticileridir.\u00dclkemiz h\u0131zla kalk\u0131nmaya ba\u015flad\u0131\u011f\u0131 i\u00e7in enerji gereksinmesi de ayn\u0131 h\u0131zla artmaktad\u0131r. 2020 y\u0131l\u0131na kadar 550 milyar kWh (% 22 si hidroelektrik) enerji gereksinmesi olaca\u011f\u0131 hesaplanmaktad\u0131r. \u00dclkemizin DS\u0130 verilerine g\u00f6re teknik ve ekonomik olarak de\u011ferlendirilebilen 140 milyar Kwh hidrolektrik potansiyeli vard\u0131r. 2023 y\u0131l\u0131na kadar bu kapasitenin kullan\u0131ma sunulmas\u0131 i\u00e7in 1738 adet HES projesinin devreye sokulmas\u0131 planlanm\u0131\u015ft\u0131r.<\/p>\n","protected":false},"excerpt":{"rendered":"<p>Hidroelektrik Santraller risk ta\u015f\u0131mayan, hava kirlili\u011fi olu\u015fturmayan, iklim de\u011fi\u015fikli\u011fine neden olmayan ve do\u011fal \u00e7evreyi bozmayan g\u00fc\u00e7 \u00fcreticileridir. Ayn\u0131 zamanda \u00e7evreyle uyumlu, temiz, yenilenebilir, yak\u0131t gideri olmayan,<span class=\"excerpt-hellip\"> [\u2026]<\/span><\/p>\n","protected":false},"featured_media":0,"template":"","meta":{"_monsterinsights_skip_tracking":false,"_monsterinsights_sitenote_active":false,"_monsterinsights_sitenote_note":"","_monsterinsights_sitenote_category":0},"product_brand":[],"product_cat":[12573,12566],"product_tag":[],"class_list":{"0":"post-758248","1":"product","2":"type-product","3":"status-publish","5":"product_cat-akademik-kitaplar","6":"product_cat-egitim","7":"pa_cilt-ciltsiz","8":"pa_tur-kitap","9":"pa_yayinevi-istanbul-okan-universitesi","10":"pa_yazar-atil-bulu","12":"first","13":"instock","14":"sale","15":"shipping-taxable","16":"purchasable","17":"product-type-simple"},"_links":{"self":[{"href":"https:\/\/roveyayinevi.com.tr\/index.php\/wp-json\/wp\/v2\/product\/758248","targetHints":{"allow":["GET"]}}],"collection":[{"href":"https:\/\/roveyayinevi.com.tr\/index.php\/wp-json\/wp\/v2\/product"}],"about":[{"href":"https:\/\/roveyayinevi.com.tr\/index.php\/wp-json\/wp\/v2\/types\/product"}],"wp:attachment":[{"href":"https:\/\/roveyayinevi.com.tr\/index.php\/wp-json\/wp\/v2\/media?parent=758248"}],"wp:term":[{"taxonomy":"product_brand","embeddable":true,"href":"https:\/\/roveyayinevi.com.tr\/index.php\/wp-json\/wp\/v2\/product_brand?post=758248"},{"taxonomy":"product_cat","embeddable":true,"href":"https:\/\/roveyayinevi.com.tr\/index.php\/wp-json\/wp\/v2\/product_cat?post=758248"},{"taxonomy":"product_tag","embeddable":true,"href":"https:\/\/roveyayinevi.com.tr\/index.php\/wp-json\/wp\/v2\/product_tag?post=758248"}],"curies":[{"name":"wp","href":"https:\/\/api.w.org\/{rel}","templated":true}]}}