{"id":758247,"date":"2025-08-28T07:59:11","date_gmt":"2025-08-28T04:59:11","guid":{"rendered":"https:\/\/roveyayinevi.com.tr\/index.php\/urun\/halkla-iliskiler-pazarlama-yonlu-bir-yaklasim\/"},"modified":"2026-04-16T03:11:20","modified_gmt":"2026-04-16T00:11:20","slug":"halkla-iliskiler-pazarlama-yonlu-bir-yaklasim","status":"publish","type":"product","link":"https:\/\/roveyayinevi.com.tr\/index.php\/urun\/halkla-iliskiler-pazarlama-yonlu-bir-yaklasim\/","title":{"rendered":"Halkla \u0130li\u015fkiler: Pazarlama Y\u00f6nl\u00fc Bir Yakla\u015f\u0131m"},"content":{"rendered":"<p>G\u00fcn\u00fcm\u00fczde, televizyonlar radyolar ve di\u011fer bas\u0131n ara\u00e7lar\u0131n\u0131n g\u00fcc\u00fc, \u00f6zellikle, reklam arac\u0131l\u0131\u011f\u0131 ile kitleleri etkileme h\u0131z\u0131 iyi bilinmektedir. Bununla beraber, piyasalarda rekabet avantaj\u0131 sa\u011flamak i\u00e7in reklama ek olarak yeni bir tak\u0131m m\u00fc\u015fterilere ula\u015fma y\u00f6ntemleri \u00f6n plana \u00e7\u0131kmaya ba\u015flam\u0131\u015ft\u0131r.Baz\u0131lar\u0131na g\u00f6re, halkla ili\u015fkiler sanki ucuz yollu b\u00f6yle bir tan\u0131t\u0131m ek g\u00fcc\u00fcd\u00fcr. Yani tan\u0131t\u0131mdan arda kalan parasal olanaklarla yap\u0131lan, e\u011flenceli bir i\u015f gibi.Bir \u00e7ok ki\u015fi ve kurum taraf\u0131ndan sanki reklam\u0131n ve tan\u0131t\u0131m\u0131n yard\u0131mc\u0131 elemanlar\u0131 olarak d\u00fc\u015f\u00fcn\u00fclen halkla ili\u015fkilerciler, akademik ya\u015famda ise daha \u00e7ok ileti\u015fimle ili\u015fkilendirilerek, sadece o kapsamda ele al\u0131nan bir faaliyet alan\u0131 \u00e7al\u0131\u015fanlar\u0131d\u0131r.Bir \u00e7ok kitap ve benzeri yay\u0131nda, halkla ili\u015fkiler; medya kanal\u0131 do\u011fru olarak se\u00e7ildikten sonra, hedef kitlenin d\u00fc\u015f\u00fcncelerini ve tercihini etkilemek i\u00e7in kullan\u0131lan bir ileti\u015fim ve etkileme y\u00f6n\u00fc g\u00fc\u00e7l\u00fc ki\u015filerce yap\u0131lan bir \u00e7al\u0131\u015fma tarz\u0131 olarak ele al\u0131nm\u0131\u015ft\u0131r.Genellikle i\u015f d\u00fcnyas\u0131nda halkla ili\u015fkiler ise, sadece etkili ve sevimli bir ileti\u015fim yetene\u011fi olan veya \u015firketleri tan\u0131tan bir veya birka\u00e7 ki\u015fini yapabilece\u011fi, g\u00fcler y\u00fczl\u00fc tatl\u0131 dilli olmakla ba\u015far\u0131labilen, \u015firin ve moda bir u\u011fra\u015f\u0131 alan\u0131d\u0131r. Daha \u00e7ok yak\u0131\u015f\u0131kl\u0131 erkek ve g\u00fczel kad\u0131nlar\u0131n do\u011fal olarak tercih edildi\u011fi san\u0131lan; g\u00f6steri\u015fli, zevkli, bir meslek olarak, insanlar taraf\u0131ndan konu\u015fulan ve hakk\u0131nda hemen herkesin bir fikri oldu\u011fu i\u015fin ad\u0131d\u0131r halkla ili\u015fkiler.Bu \u00e7al\u0131\u015fmam\u0131zda halkla ili\u015fkiler; onun evrensel geli\u015fimi ve g\u00fcn\u00fcm\u00fczdeki yans\u0131malar\u0131yla beraber; ileti\u015fim, hedef Pazar, pazarlama ileti\u015fimi ve s\u00fcrekli m\u00fc\u015fteri tatmini gibi unsurlarla b\u00fct\u00fcnle\u015ftirilerek ele al\u0131nm\u0131\u015ft\u0131r.<\/p>\n","protected":false},"excerpt":{"rendered":"<p>G\u00fcn\u00fcm\u00fczde, televizyonlar radyolar ve di\u011fer bas\u0131n ara\u00e7lar\u0131n\u0131n g\u00fcc\u00fc, \u00f6zellikle, reklam arac\u0131l\u0131\u011f\u0131 ile kitleleri etkileme h\u0131z\u0131 iyi bilinmektedir. Bununla beraber, piyasalarda rekabet avantaj\u0131 sa\u011flamak i\u00e7in reklama ek<span class=\"excerpt-hellip\"> [\u2026]<\/span><\/p>\n","protected":false},"featured_media":0,"template":"","meta":{"_monsterinsights_skip_tracking":false,"_monsterinsights_sitenote_active":false,"_monsterinsights_sitenote_note":"","_monsterinsights_sitenote_category":0},"product_brand":[],"product_cat":[12573,12566],"product_tag":[],"class_list":{"0":"post-758247","1":"product","2":"type-product","3":"status-publish","5":"product_cat-akademik-kitaplar","6":"product_cat-egitim","7":"pa_cilt-ciltsiz","8":"pa_tur-kitap","9":"pa_yayinevi-istanbul-okan-universitesi","10":"pa_yazar-mehmet-alikisioglu","12":"first","13":"instock","14":"sale","15":"shipping-taxable","16":"purchasable","17":"product-type-simple"},"_links":{"self":[{"href":"https:\/\/roveyayinevi.com.tr\/index.php\/wp-json\/wp\/v2\/product\/758247","targetHints":{"allow":["GET"]}}],"collection":[{"href":"https:\/\/roveyayinevi.com.tr\/index.php\/wp-json\/wp\/v2\/product"}],"about":[{"href":"https:\/\/roveyayinevi.com.tr\/index.php\/wp-json\/wp\/v2\/types\/product"}],"wp:attachment":[{"href":"https:\/\/roveyayinevi.com.tr\/index.php\/wp-json\/wp\/v2\/media?parent=758247"}],"wp:term":[{"taxonomy":"product_brand","embeddable":true,"href":"https:\/\/roveyayinevi.com.tr\/index.php\/wp-json\/wp\/v2\/product_brand?post=758247"},{"taxonomy":"product_cat","embeddable":true,"href":"https:\/\/roveyayinevi.com.tr\/index.php\/wp-json\/wp\/v2\/product_cat?post=758247"},{"taxonomy":"product_tag","embeddable":true,"href":"https:\/\/roveyayinevi.com.tr\/index.php\/wp-json\/wp\/v2\/product_tag?post=758247"}],"curies":[{"name":"wp","href":"https:\/\/api.w.org\/{rel}","templated":true}]}}