{"id":758246,"date":"2025-08-28T07:59:10","date_gmt":"2025-08-28T04:59:10","guid":{"rendered":"https:\/\/roveyayinevi.com.tr\/index.php\/urun\/enerji-kaynaklari\/"},"modified":"2026-04-16T03:11:20","modified_gmt":"2026-04-16T00:11:20","slug":"enerji-kaynaklari","status":"publish","type":"product","link":"https:\/\/roveyayinevi.com.tr\/index.php\/urun\/enerji-kaynaklari\/","title":{"rendered":"Enerji Kaynaklar\u0131"},"content":{"rendered":"<p>Bu kitapta i\u015fledi\u011fim yakla\u015f\u0131m\u0131n, y\u0131llar sonra yeni bir yer\u00e7ekimi kuram\u0131ma temel te\u015fkil edebilece\u011fi, do\u011frusu, akl\u0131ma hi\u00e7 gelmemi\u015fti. Bu \u00e7er\u00e7evede, kitab\u0131n s\u0131rf, daha sonra, geli\u015ftirdi\u011fim \u00f6zg\u00fcn yakla\u015f\u0131m\u0131n ilk filizlerini ta\u015f\u0131yor olmas\u0131 dolay\u0131s\u0131yla, tekrar ele al\u0131nmas\u0131n\u0131n, uygun olaca\u011f\u0131, d\u00fc\u015f\u00fcncesi, \u00e7a\u011fr\u0131\u015ft\u0131.Kitaptaki yakla\u015f\u0131m, esas itibariyle Massachusetts Institute of Technology&#8217;nin (Cambridge, ABD), N\u00fckleer M\u00fchendislik B\u00f6l\u00fcm\u00fc &#8216;nde doktoram\u0131 yapt\u0131\u011f\u0131m y\u0131llarda (1968-1972) geli\u015ftirmeye ba\u015flad\u0131\u011f\u0131m d\u00fc\u015f\u00fcnce \u00fczerine, oturuyor. Bu d\u00fc\u015f\u00fcnceden, i\u015fte ne g\u00fczel ki, yeni bir yer \u00e7ekimi kuram\u0131 do\u011fmu\u015f bulunuyor. D\u00fc\u015f\u00fcnce ger\u00e7ekte, atoma ve g\u00f6ky\u00fcz\u00fcne bak\u0131\u015f\u0131m\u0131z\u0131, ilk kez, ayn\u0131 bir kavramlar demeti ve ayn\u0131 bir matematiksel kurgu zemini \u00fczerine, in\u015fa ediyor.<\/p>\n","protected":false},"excerpt":{"rendered":"<p>Bu kitapta i\u015fledi\u011fim yakla\u015f\u0131m\u0131n, y\u0131llar sonra yeni bir yer\u00e7ekimi kuram\u0131ma temel te\u015fkil edebilece\u011fi, do\u011frusu, akl\u0131ma hi\u00e7 gelmemi\u015fti. Bu \u00e7er\u00e7evede, kitab\u0131n s\u0131rf, daha sonra, geli\u015ftirdi\u011fim \u00f6zg\u00fcn yakla\u015f\u0131m\u0131n<span class=\"excerpt-hellip\"> [\u2026]<\/span><\/p>\n","protected":false},"featured_media":0,"template":"","meta":{"_monsterinsights_skip_tracking":false,"_monsterinsights_sitenote_active":false,"_monsterinsights_sitenote_note":"","_monsterinsights_sitenote_category":0},"product_brand":[],"product_cat":[12573,12566],"product_tag":[],"class_list":{"0":"post-758246","1":"product","2":"type-product","3":"status-publish","5":"product_cat-akademik-kitaplar","6":"product_cat-egitim","7":"pa_cilt-ciltsiz","8":"pa_tur-kitap","9":"pa_yayinevi-istanbul-okan-universitesi","10":"pa_yazar-tolga-yarman","12":"first","13":"instock","14":"sale","15":"shipping-taxable","16":"purchasable","17":"product-type-simple"},"_links":{"self":[{"href":"https:\/\/roveyayinevi.com.tr\/index.php\/wp-json\/wp\/v2\/product\/758246","targetHints":{"allow":["GET"]}}],"collection":[{"href":"https:\/\/roveyayinevi.com.tr\/index.php\/wp-json\/wp\/v2\/product"}],"about":[{"href":"https:\/\/roveyayinevi.com.tr\/index.php\/wp-json\/wp\/v2\/types\/product"}],"wp:attachment":[{"href":"https:\/\/roveyayinevi.com.tr\/index.php\/wp-json\/wp\/v2\/media?parent=758246"}],"wp:term":[{"taxonomy":"product_brand","embeddable":true,"href":"https:\/\/roveyayinevi.com.tr\/index.php\/wp-json\/wp\/v2\/product_brand?post=758246"},{"taxonomy":"product_cat","embeddable":true,"href":"https:\/\/roveyayinevi.com.tr\/index.php\/wp-json\/wp\/v2\/product_cat?post=758246"},{"taxonomy":"product_tag","embeddable":true,"href":"https:\/\/roveyayinevi.com.tr\/index.php\/wp-json\/wp\/v2\/product_tag?post=758246"}],"curies":[{"name":"wp","href":"https:\/\/api.w.org\/{rel}","templated":true}]}}