{"id":758244,"date":"2025-08-28T07:59:08","date_gmt":"2025-08-28T04:59:08","guid":{"rendered":"https:\/\/roveyayinevi.com.tr\/index.php\/urun\/butun-yonleriyle-destanlasan-canakkale-1915\/"},"modified":"2026-04-16T03:11:20","modified_gmt":"2026-04-16T00:11:20","slug":"butun-yonleriyle-destanlasan-canakkale-1915","status":"publish","type":"product","link":"https:\/\/roveyayinevi.com.tr\/index.php\/urun\/butun-yonleriyle-destanlasan-canakkale-1915\/","title":{"rendered":"B\u00fct\u00fcn Y\u00f6nleriyle Destanla\u015fan \u00c7anakkale 1915"},"content":{"rendered":"<p>Bu \u00e7al\u0131\u015fmada; \u00c7anakkale sava\u015f alan\u0131nda ya\u015fanan olaylar\u0131n \u00f6zeti de olsa b\u00fct\u00fcn boyutlar\u0131 ile ortaya konularak okuyucular\u0131n bilgilendirilmesi ama\u00e7lanm\u0131\u015ft\u0131r. Avrupal\u0131lar\u0131n hasta adam, bitti t\u00fckendi dedikleri imparatorlu\u011fun \u00c7anakkale&#8217;de yoklukla ve asil ruhla nas\u0131l m\u00fccadele vererek dirildi\u011fine tan\u0131k olmu\u015flard\u0131r. B\u00f6ylesi bir ruhu ve \u00f6zg\u00fcrl\u00fc\u011f\u00fcne sahip olma inanc\u0131n\u0131 gelecek nesillere aktarmak biz e\u011fitimcilerin \u00f6nemli ve \u00f6ncelikli g\u00f6revi oldu\u011fu inanc\u0131n\u0131 ta\u015f\u0131maktay\u0131m. \u0130\u015fte bu kitap bu amac\u0131 ger\u00e7ekle\u015ftirmek i\u00e7in okuyuculara sunulmu\u015ftur.<\/p>\n","protected":false},"excerpt":{"rendered":"<p>Bu \u00e7al\u0131\u015fmada; \u00c7anakkale sava\u015f alan\u0131nda ya\u015fanan olaylar\u0131n \u00f6zeti de olsa b\u00fct\u00fcn boyutlar\u0131 ile ortaya konularak okuyucular\u0131n bilgilendirilmesi ama\u00e7lanm\u0131\u015ft\u0131r. Avrupal\u0131lar\u0131n hasta adam, bitti t\u00fckendi dedikleri imparatorlu\u011fun \u00c7anakkale&#8217;de<span class=\"excerpt-hellip\"> [\u2026]<\/span><\/p>\n","protected":false},"featured_media":0,"template":"","meta":{"_monsterinsights_skip_tracking":false,"_monsterinsights_sitenote_active":false,"_monsterinsights_sitenote_note":"","_monsterinsights_sitenote_category":0},"product_brand":[],"product_cat":[12304],"product_tag":[],"class_list":{"0":"post-758244","1":"product","2":"type-product","3":"status-publish","5":"product_cat-tarih","6":"pa_cilt-ciltsiz","7":"pa_tur-kitap","8":"pa_yayinevi-istanbul-okan-universitesi","9":"pa_yazar-mehmet-kilic","11":"first","12":"instock","13":"sale","14":"shipping-taxable","15":"purchasable","16":"product-type-simple"},"_links":{"self":[{"href":"https:\/\/roveyayinevi.com.tr\/index.php\/wp-json\/wp\/v2\/product\/758244","targetHints":{"allow":["GET"]}}],"collection":[{"href":"https:\/\/roveyayinevi.com.tr\/index.php\/wp-json\/wp\/v2\/product"}],"about":[{"href":"https:\/\/roveyayinevi.com.tr\/index.php\/wp-json\/wp\/v2\/types\/product"}],"wp:attachment":[{"href":"https:\/\/roveyayinevi.com.tr\/index.php\/wp-json\/wp\/v2\/media?parent=758244"}],"wp:term":[{"taxonomy":"product_brand","embeddable":true,"href":"https:\/\/roveyayinevi.com.tr\/index.php\/wp-json\/wp\/v2\/product_brand?post=758244"},{"taxonomy":"product_cat","embeddable":true,"href":"https:\/\/roveyayinevi.com.tr\/index.php\/wp-json\/wp\/v2\/product_cat?post=758244"},{"taxonomy":"product_tag","embeddable":true,"href":"https:\/\/roveyayinevi.com.tr\/index.php\/wp-json\/wp\/v2\/product_tag?post=758244"}],"curies":[{"name":"wp","href":"https:\/\/api.w.org\/{rel}","templated":true}]}}