{"id":758242,"date":"2025-08-28T07:59:06","date_gmt":"2025-08-28T04:59:06","guid":{"rendered":"https:\/\/roveyayinevi.com.tr\/index.php\/urun\/akilli-ulastirma-teknolojileri-calistayi\/"},"modified":"2026-04-16T03:11:20","modified_gmt":"2026-04-16T00:11:20","slug":"akilli-ulastirma-teknolojileri-calistayi","status":"publish","type":"product","link":"https:\/\/roveyayinevi.com.tr\/index.php\/urun\/akilli-ulastirma-teknolojileri-calistayi\/","title":{"rendered":"Ak\u0131ll\u0131 Ula\u015ft\u0131rma Teknolojileri \u00c7al\u0131\u015ftay\u0131"},"content":{"rendered":"<p>Ula\u015f\u0131m Teknolojileri ve Ak\u0131ll\u0131 Otomotiv Sistemleri \u00e7ok geni\u015f bir ara\u015ft\u0131rma alan\u0131n\u0131 kapsamaktad\u0131r. UTAS ilgili alanlara y\u00f6nelik stratejik plan ve teknoloji yol haritas\u0131 \u00e7al\u0131\u015fmalar\u0131n\u0131n her iki y\u0131lda bir tekrarl\u0131cak ve en \u00f6nemli geli\u015fim potansiyelini ve sanayimizin ve \u00fclkemizin ihtiya\u00e7lar\u0131n\u0131 tespit ederek ara\u015ft\u0131rmalar\u0131n\u0131 bu konular \u00fczerinde yo\u011funla\u015ft\u0131racakt\u0131r. Bu amaca y\u00f6nelik ilk \u00e7al\u0131\u015ftay, 9 Aral\u0131k 2011 G\u00fcn\u00fc Ula\u015ft\u0131rma, Denizcilik ve Haberle\u015fme Bakan\u0131 Binali Y\u0131ld\u0131r\u0131m&#8217;\u0131n da kat\u0131l\u0131m\u0131yla Okan \u00dcniversitesi&#8217;nde ger\u00e7ekle\u015ftirilmi\u015ftir.<\/p>\n","protected":false},"excerpt":{"rendered":"<p>Ula\u015f\u0131m Teknolojileri ve Ak\u0131ll\u0131 Otomotiv Sistemleri \u00e7ok geni\u015f bir ara\u015ft\u0131rma alan\u0131n\u0131 kapsamaktad\u0131r. UTAS ilgili alanlara y\u00f6nelik stratejik plan ve teknoloji yol haritas\u0131 \u00e7al\u0131\u015fmalar\u0131n\u0131n her iki y\u0131lda<span class=\"excerpt-hellip\"> [\u2026]<\/span><\/p>\n","protected":false},"featured_media":0,"template":"","meta":{"_monsterinsights_skip_tracking":false,"_monsterinsights_sitenote_active":false,"_monsterinsights_sitenote_note":"","_monsterinsights_sitenote_category":0},"product_brand":[],"product_cat":[12573,12566],"product_tag":[],"class_list":{"0":"post-758242","1":"product","2":"type-product","3":"status-publish","5":"product_cat-akademik-kitaplar","6":"product_cat-egitim","7":"pa_cilt-ciltsiz","8":"pa_tur-kitap","9":"pa_yayinevi-istanbul-okan-universitesi","10":"pa_yazar-okan-kollektif","12":"first","13":"instock","14":"sale","15":"shipping-taxable","16":"purchasable","17":"product-type-simple"},"_links":{"self":[{"href":"https:\/\/roveyayinevi.com.tr\/index.php\/wp-json\/wp\/v2\/product\/758242","targetHints":{"allow":["GET"]}}],"collection":[{"href":"https:\/\/roveyayinevi.com.tr\/index.php\/wp-json\/wp\/v2\/product"}],"about":[{"href":"https:\/\/roveyayinevi.com.tr\/index.php\/wp-json\/wp\/v2\/types\/product"}],"wp:attachment":[{"href":"https:\/\/roveyayinevi.com.tr\/index.php\/wp-json\/wp\/v2\/media?parent=758242"}],"wp:term":[{"taxonomy":"product_brand","embeddable":true,"href":"https:\/\/roveyayinevi.com.tr\/index.php\/wp-json\/wp\/v2\/product_brand?post=758242"},{"taxonomy":"product_cat","embeddable":true,"href":"https:\/\/roveyayinevi.com.tr\/index.php\/wp-json\/wp\/v2\/product_cat?post=758242"},{"taxonomy":"product_tag","embeddable":true,"href":"https:\/\/roveyayinevi.com.tr\/index.php\/wp-json\/wp\/v2\/product_tag?post=758242"}],"curies":[{"name":"wp","href":"https:\/\/api.w.org\/{rel}","templated":true}]}}