{"id":758241,"date":"2025-08-28T07:59:04","date_gmt":"2025-08-28T04:59:04","guid":{"rendered":"https:\/\/roveyayinevi.com.tr\/index.php\/urun\/adli-muhasebe\/"},"modified":"2026-04-16T03:11:20","modified_gmt":"2026-04-16T00:11:20","slug":"adli-muhasebe","status":"publish","type":"product","link":"https:\/\/roveyayinevi.com.tr\/index.php\/urun\/adli-muhasebe\/","title":{"rendered":"Adli Muhasebe"},"content":{"rendered":"<p>Adli Muhasebe kitab\u0131, d\u00fcnyada \u00f6nemli bir yere sahip olan ancak \u00fclkemizde hen\u00fcz gerekli de\u011feri ve \u00f6nemi kazanamam\u0131\u015f olan adli muhasebenin ekonomik ve teknolojik geli\u015fmeler \u0131\u015f\u0131\u011f\u0131nda ayr\u0131nt\u0131l\u0131 olarak inceleyerek konunun ilgili makamlar i\u00e7in daha iyi anla\u015f\u0131lmas\u0131na katk\u0131da bulunmakt\u0131r.Ekonomik geli\u015fmelerin \u00fclke s\u0131n\u0131rlar\u0131n\u0131 a\u015fan ticaret, serbest dola\u015f\u0131m b\u00f6lgeleri i\u015fletme yap\u0131lar\u0131n\u0131 \u00f6nemli \u00f6l\u00e7\u00fcde etkileeyerek de\u011fi\u015ftirmesi beraberindefirmalar\u0131n denetimini zorla\u015ft\u0131rm\u0131\u015ft\u0131r. Al\u0131nan \u00f6nlemlere ra\u011fmen, doland\u0131r\u0131c\u0131l\u0131k ve hile sorunlar\u0131 nedeni ile d\u00fcnya \u00e7ap\u0131nda \u00fcretimin \u00f6nemli bir b\u00f6l\u00fcm\u00fc kaybolmaktad\u0131r. Dolay\u0131s\u0131yla bir\u00e7ok ba\u011f\u0131ms\u0131z kurum bu kay\u0131plar\u0131 \u00f6nlemek i\u00e7in yeni denetim teknikleri kullanmaktad\u0131r.Adli Muhasebe kitab\u0131 adli muhasebe mesle\u011fini tan\u0131tmak ile beraber bu mesle\u011fin kapsam\u0131na giren hileli i\u015flemlerin tespiti ve sonras\u0131nda uygulanan prosed\u00fcr\u00fc aktarmaktad\u0131r.<\/p>\n","protected":false},"excerpt":{"rendered":"<p>Adli Muhasebe kitab\u0131, d\u00fcnyada \u00f6nemli bir yere sahip olan ancak \u00fclkemizde hen\u00fcz gerekli de\u011feri ve \u00f6nemi kazanamam\u0131\u015f olan adli muhasebenin ekonomik ve teknolojik geli\u015fmeler \u0131\u015f\u0131\u011f\u0131nda ayr\u0131nt\u0131l\u0131<span class=\"excerpt-hellip\"> [\u2026]<\/span><\/p>\n","protected":false},"featured_media":0,"template":"","meta":{"_monsterinsights_skip_tracking":false,"_monsterinsights_sitenote_active":false,"_monsterinsights_sitenote_note":"","_monsterinsights_sitenote_category":0},"product_brand":[],"product_cat":[12566],"product_tag":[],"class_list":{"0":"post-758241","1":"product","2":"type-product","3":"status-publish","5":"product_cat-egitim","6":"pa_cilt-ciltsiz","7":"pa_tur-kitap","8":"pa_yayinevi-istanbul-okan-universitesi","9":"pa_yazar-hakan-tastan","11":"first","12":"instock","13":"sale","14":"shipping-taxable","15":"purchasable","16":"product-type-simple"},"_links":{"self":[{"href":"https:\/\/roveyayinevi.com.tr\/index.php\/wp-json\/wp\/v2\/product\/758241","targetHints":{"allow":["GET"]}}],"collection":[{"href":"https:\/\/roveyayinevi.com.tr\/index.php\/wp-json\/wp\/v2\/product"}],"about":[{"href":"https:\/\/roveyayinevi.com.tr\/index.php\/wp-json\/wp\/v2\/types\/product"}],"wp:attachment":[{"href":"https:\/\/roveyayinevi.com.tr\/index.php\/wp-json\/wp\/v2\/media?parent=758241"}],"wp:term":[{"taxonomy":"product_brand","embeddable":true,"href":"https:\/\/roveyayinevi.com.tr\/index.php\/wp-json\/wp\/v2\/product_brand?post=758241"},{"taxonomy":"product_cat","embeddable":true,"href":"https:\/\/roveyayinevi.com.tr\/index.php\/wp-json\/wp\/v2\/product_cat?post=758241"},{"taxonomy":"product_tag","embeddable":true,"href":"https:\/\/roveyayinevi.com.tr\/index.php\/wp-json\/wp\/v2\/product_tag?post=758241"}],"curies":[{"name":"wp","href":"https:\/\/api.w.org\/{rel}","templated":true}]}}