{"id":758240,"date":"2025-08-28T07:59:03","date_gmt":"2025-08-28T04:59:03","guid":{"rendered":"https:\/\/roveyayinevi.com.tr\/index.php\/urun\/2-yerel-yonetim-anlayisinda-yeni-yaklasimlar-sempozyumu-11-nisan-2013\/"},"modified":"2026-04-16T03:11:20","modified_gmt":"2026-04-16T00:11:20","slug":"2-yerel-yonetim-anlayisinda-yeni-yaklasimlar-sempozyumu-11-nisan-2013","status":"publish","type":"product","link":"https:\/\/roveyayinevi.com.tr\/index.php\/urun\/2-yerel-yonetim-anlayisinda-yeni-yaklasimlar-sempozyumu-11-nisan-2013\/","title":{"rendered":"\u201c2. Yerel Y\u00f6netim Anlay\u0131\u015f\u0131nda Yeni Yakla\u015f\u0131mlar\u201d Sempozyumu 11 Nisan 2013"},"content":{"rendered":"<p>Sempozyum \u00f6ncesinde \u00e7al\u0131\u015fmalar\u0131na ba\u015flayan at\u00f6lye gruplar\u0131, Belediye Ba\u015fkanlar\u0131, Belediye Meclis \u00dcyeleri, Akedemisyenler, Teknik Ba\u015fkan Yard\u0131mc\u0131lar\u0131, Sivil Toplum \u00d6rg\u00fctleri ve Meslek Odalar\u0131 temsilcilerinden olu\u015fmu\u015ftur. Ama\u00e7; kentle ilgili sorunlar\u0131 farkl\u0131 akt\u00f6rlerin bak\u0131\u015f a\u00e7\u0131lar\u0131 ile tart\u0131\u015fmak ve yeni fikirlerin \u00fcretilmesini sa\u011flamak olmu\u015ftur. Bu konular\u0131n g\u00fcncel ve \u00f6ncelikli olanlar\u0131; kentsel d\u00f6n\u00fc\u015f\u00fcm, kat\u0131l\u0131mc\u0131l\u0131k, sosyal belediyecilik, alt yap\u0131 ve ula\u015f\u0131m sorunlar\u0131 ile kent esteti\u011fidir. Deprem riski alt\u0131ndaki \u00dclkemizde \u0130stanbul ba\u015fta olmak \u00fczere kentlerimizde yeniden yap\u0131lan\u0131rken, eski ka\u00e7ak yap\u0131 ve gecekondula\u015fman\u0131n yerine daha modern ara\u00e7larla fakat yine sa\u011fl\u0131ks\u0131z ve kontrols\u00fcz \u201cModern Gecekondu\u201d ekseninde bir yap\u0131la\u015fmaya gidildi\u011fi dikkate al\u0131nd\u0131\u011f\u0131nda, kentsel d\u00f6n\u00fc\u015f\u00fcm uygulama s\u00fcrecinin kritik olarak incelenmesi gerekti\u011fi vurgulanm\u0131\u015ft\u0131r\u2026<\/p>\n","protected":false},"excerpt":{"rendered":"<p>Sempozyum \u00f6ncesinde \u00e7al\u0131\u015fmalar\u0131na ba\u015flayan at\u00f6lye gruplar\u0131, Belediye Ba\u015fkanlar\u0131, Belediye Meclis \u00dcyeleri, Akedemisyenler, Teknik Ba\u015fkan Yard\u0131mc\u0131lar\u0131, Sivil Toplum \u00d6rg\u00fctleri ve Meslek Odalar\u0131 temsilcilerinden olu\u015fmu\u015ftur. Ama\u00e7; kentle ilgili<span class=\"excerpt-hellip\"> [\u2026]<\/span><\/p>\n","protected":false},"featured_media":0,"template":"","meta":{"_monsterinsights_skip_tracking":false,"_monsterinsights_sitenote_active":false,"_monsterinsights_sitenote_note":"","_monsterinsights_sitenote_category":0},"product_brand":[],"product_cat":[13772,12364],"product_tag":[],"class_list":{"0":"post-758240","1":"product","2":"type-product","3":"status-publish","5":"product_cat-basvuru-kitaplari","6":"product_cat-genel-konular","7":"pa_cilt-ciltsiz","8":"pa_tur-kitap","9":"pa_yayinevi-istanbul-okan-universitesi","10":"pa_yazar-okan-kollektif","12":"first","13":"instock","14":"sale","15":"shipping-taxable","16":"purchasable","17":"product-type-simple"},"_links":{"self":[{"href":"https:\/\/roveyayinevi.com.tr\/index.php\/wp-json\/wp\/v2\/product\/758240","targetHints":{"allow":["GET"]}}],"collection":[{"href":"https:\/\/roveyayinevi.com.tr\/index.php\/wp-json\/wp\/v2\/product"}],"about":[{"href":"https:\/\/roveyayinevi.com.tr\/index.php\/wp-json\/wp\/v2\/types\/product"}],"wp:attachment":[{"href":"https:\/\/roveyayinevi.com.tr\/index.php\/wp-json\/wp\/v2\/media?parent=758240"}],"wp:term":[{"taxonomy":"product_brand","embeddable":true,"href":"https:\/\/roveyayinevi.com.tr\/index.php\/wp-json\/wp\/v2\/product_brand?post=758240"},{"taxonomy":"product_cat","embeddable":true,"href":"https:\/\/roveyayinevi.com.tr\/index.php\/wp-json\/wp\/v2\/product_cat?post=758240"},{"taxonomy":"product_tag","embeddable":true,"href":"https:\/\/roveyayinevi.com.tr\/index.php\/wp-json\/wp\/v2\/product_tag?post=758240"}],"curies":[{"name":"wp","href":"https:\/\/api.w.org\/{rel}","templated":true}]}}