{"id":758239,"date":"2025-08-28T07:59:01","date_gmt":"2025-08-28T04:59:01","guid":{"rendered":"https:\/\/roveyayinevi.com.tr\/index.php\/urun\/merhaba-canim-dunya\/"},"modified":"2026-04-16T03:11:20","modified_gmt":"2026-04-16T00:11:20","slug":"merhaba-canim-dunya","status":"publish","type":"product","link":"https:\/\/roveyayinevi.com.tr\/index.php\/urun\/merhaba-canim-dunya\/","title":{"rendered":"Merhaba Can\u0131m D\u00fcnya!"},"content":{"rendered":"<p>D\u00fcnyay\u0131 ve insan\u0131 co\u015fkun bir \u201cMerhaba!\u201d ile kucaklayan Suat Ta\u015fer\u2019in \u015fiirlerinde geni\u015f bir g\u00f6zlem g\u00fcc\u00fc ve insan perspektifi dikkat \u00e7eker. Attil\u00e2 \u0130lhan\u2019\u0131n Fedailer Mangas\u0131 tan\u0131m\u0131yla \u015fiirlerinin reaksiyoner y\u00f6n\u00fcn\u00fc vurgulad\u0131\u011f\u0131 1940 ku\u015fa\u011f\u0131 i\u00e7erisinde yer alan Suat Ta\u015fer, \u015fiirlerinde bireyden hareket ederek canl\u0131 bir toplum panoramas\u0131 sunarken bar\u0131\u015f, \u00f6zg\u00fcrl\u00fck ve ya\u015fama sevgisini \u00f6nceler. \u0130deolojik s\u00f6yleme mesafeli duran dizelerinde toplumu ve toplumsal sorunlar\u0131 ger\u00e7ek\u00e7i bir \u00fcslupla aktarmay\u0131 ama\u00e7lar. Bu \u00e7al\u0131\u015fma, \u00e7ok y\u00f6nl\u00fc bir sanatk\u00e2r olan Suat Ta\u015fer\u2019in \u015fiir d\u00fcnyas\u0131n\u0131n kap\u0131lar\u0131n\u0131 aralayarak disiplinleraras\u0131 bak\u0131\u015f a\u00e7\u0131s\u0131yla Ta\u015fer\u2019in \u015fiirlerini irdelemektedir.<\/p>\n","protected":false},"excerpt":{"rendered":"<p>D\u00fcnyay\u0131 ve insan\u0131 co\u015fkun bir \u201cMerhaba!\u201d ile kucaklayan Suat Ta\u015fer\u2019in \u015fiirlerinde geni\u015f bir g\u00f6zlem g\u00fcc\u00fc ve insan perspektifi dikkat \u00e7eker. Attil\u00e2 \u0130lhan\u2019\u0131n Fedailer Mangas\u0131 tan\u0131m\u0131yla \u015fiirlerinin<span class=\"excerpt-hellip\"> [\u2026]<\/span><\/p>\n","protected":false},"featured_media":0,"template":"","meta":{"_monsterinsights_skip_tracking":false,"_monsterinsights_sitenote_active":false,"_monsterinsights_sitenote_note":"","_monsterinsights_sitenote_category":0},"product_brand":[],"product_cat":[13072,12291],"product_tag":[],"class_list":{"0":"post-758239","1":"product","2":"type-product","3":"status-publish","5":"product_cat-arastirma-inceleme-referans","6":"product_cat-edebiyat","7":"pa_cilt-ciltsiz","8":"pa_tur-kitap","9":"pa_yayinevi-ihlamur-kitap","10":"pa_yazar-ihlamur-kollektif","12":"first","13":"instock","14":"sale","15":"shipping-taxable","16":"purchasable","17":"product-type-simple"},"_links":{"self":[{"href":"https:\/\/roveyayinevi.com.tr\/index.php\/wp-json\/wp\/v2\/product\/758239","targetHints":{"allow":["GET"]}}],"collection":[{"href":"https:\/\/roveyayinevi.com.tr\/index.php\/wp-json\/wp\/v2\/product"}],"about":[{"href":"https:\/\/roveyayinevi.com.tr\/index.php\/wp-json\/wp\/v2\/types\/product"}],"wp:attachment":[{"href":"https:\/\/roveyayinevi.com.tr\/index.php\/wp-json\/wp\/v2\/media?parent=758239"}],"wp:term":[{"taxonomy":"product_brand","embeddable":true,"href":"https:\/\/roveyayinevi.com.tr\/index.php\/wp-json\/wp\/v2\/product_brand?post=758239"},{"taxonomy":"product_cat","embeddable":true,"href":"https:\/\/roveyayinevi.com.tr\/index.php\/wp-json\/wp\/v2\/product_cat?post=758239"},{"taxonomy":"product_tag","embeddable":true,"href":"https:\/\/roveyayinevi.com.tr\/index.php\/wp-json\/wp\/v2\/product_tag?post=758239"}],"curies":[{"name":"wp","href":"https:\/\/api.w.org\/{rel}","templated":true}]}}