{"id":758238,"date":"2025-08-28T07:59:00","date_gmt":"2025-08-28T04:59:00","guid":{"rendered":"https:\/\/roveyayinevi.com.tr\/index.php\/urun\/gumusler-kasabasi-ciltli\/"},"modified":"2026-04-16T03:11:20","modified_gmt":"2026-04-16T00:11:20","slug":"gumusler-kasabasi-ciltli","status":"publish","type":"product","link":"https:\/\/roveyayinevi.com.tr\/index.php\/urun\/gumusler-kasabasi-ciltli\/","title":{"rendered":"G\u00fcm\u00fc\u015fler Kasabas\u0131 (Ciltli)"},"content":{"rendered":"<p>Do\u011fup b\u00fcy\u00fcd\u00fc\u011f\u00fcm e\u015fsiz, \u015firin ve Ni\u011fde\u2019nin en g\u00fczel beldelerinden biri olan G\u00fcm\u00fc\u015fler\u2019in yaz\u0131l\u0131p ara\u015ft\u0131r\u0131lmas\u0131 ve insanlara tan\u0131t\u0131lmas\u0131 gereken tarihi ve k\u00fclt\u00fcrel ya\u015fam\u0131n ve birikimin oldu\u011funu g\u00f6sterdi. G\u00fcm\u00fc\u015fler beldesini b\u00fcy\u00fcd\u00fck\u00e7e merakl\u0131, ilgili, bilin\u00e7li ve anlaml\u0131 bir g\u00f6zle g\u00f6rmeye ba\u015flad\u0131m. Var olan birikimimle ve sosyolog olmam\u0131n verdi\u011fi donan\u0131mla bu s\u00fcreci daha da etkin k\u0131lmak i\u00e7in yola \u00e7\u0131kt\u0131m. \u00c7ocuklu\u011fumun elma bah\u00e7elerinde ge\u00e7ti\u011fi, her ak\u015fam manast\u0131r\u0131n efsaneli \u00f6yk\u00fclerini dinleyerek b\u00fcy\u00fcd\u00fc\u011f\u00fcm, bahar mevsiminde ye\u015filin benzersiz tonlar\u0131n\u0131n g\u00f6z kama\u015ft\u0131rd\u0131\u011f\u0131, \u00e7i\u00e7eklerin birer renk c\u00fcmb\u00fc\u015f\u00fcne benzedi\u011fi bu mek\u00e2n\u0131, G\u00fcm\u00fc\u015fler beldesini, ara\u015ft\u0131r\u0131p yazmay\u0131 ve insanlara tan\u0131tmay\u0131 kendime bor\u00e7 bildim. Bunlar\u0131n yan\u0131nda ya\u015fad\u0131\u011f\u0131m yerin fark\u0131na vararak buran\u0131n dinamiklerini, ge\u00e7mi\u015fini, \u015fimdisini bilerek ya\u015faman\u0131n daha anlaml\u0131 oldu\u011funu g\u00f6rmeye ba\u015flad\u0131m. \u015eehir ve beldelerin dinamiklerinin h\u0131zla de\u011fi\u015fip geli\u015fti\u011fi g\u00fcn\u00fcm\u00fczde bu ara\u015ft\u0131rmalar\u0131m\u0131n ve derlemelerimin benim gibi t\u00fcm merakl\u0131 okurlar\u0131n bilmesi ve en \u00f6nemlisi gelecek ku\u015faklara aktar\u0131lmas\u0131 gerekti\u011fini d\u00fc\u015f\u00fcn\u00fcyorum.<\/p>\n","protected":false},"excerpt":{"rendered":"<p>Do\u011fup b\u00fcy\u00fcd\u00fc\u011f\u00fcm e\u015fsiz, \u015firin ve Ni\u011fde\u2019nin en g\u00fczel beldelerinden biri olan G\u00fcm\u00fc\u015fler\u2019in yaz\u0131l\u0131p ara\u015ft\u0131r\u0131lmas\u0131 ve insanlara tan\u0131t\u0131lmas\u0131 gereken tarihi ve k\u00fclt\u00fcrel ya\u015fam\u0131n ve birikimin oldu\u011funu g\u00f6sterdi.<span class=\"excerpt-hellip\"> [\u2026]<\/span><\/p>\n","protected":false},"featured_media":0,"template":"","meta":{"_monsterinsights_skip_tracking":false,"_monsterinsights_sitenote_active":false,"_monsterinsights_sitenote_note":"","_monsterinsights_sitenote_category":0},"product_brand":[],"product_cat":[12365,12364],"product_tag":[],"class_list":{"0":"post-758238","1":"product","2":"type-product","3":"status-publish","5":"product_cat-diger-genel-konular","6":"product_cat-genel-konular","7":"pa_cilt-ciltli","8":"pa_tur-kitap","9":"pa_yayinevi-ihlamur-kitap","10":"pa_yazar-kubra-inan","12":"first","13":"instock","14":"sale","15":"shipping-taxable","16":"purchasable","17":"product-type-simple"},"_links":{"self":[{"href":"https:\/\/roveyayinevi.com.tr\/index.php\/wp-json\/wp\/v2\/product\/758238","targetHints":{"allow":["GET"]}}],"collection":[{"href":"https:\/\/roveyayinevi.com.tr\/index.php\/wp-json\/wp\/v2\/product"}],"about":[{"href":"https:\/\/roveyayinevi.com.tr\/index.php\/wp-json\/wp\/v2\/types\/product"}],"wp:attachment":[{"href":"https:\/\/roveyayinevi.com.tr\/index.php\/wp-json\/wp\/v2\/media?parent=758238"}],"wp:term":[{"taxonomy":"product_brand","embeddable":true,"href":"https:\/\/roveyayinevi.com.tr\/index.php\/wp-json\/wp\/v2\/product_brand?post=758238"},{"taxonomy":"product_cat","embeddable":true,"href":"https:\/\/roveyayinevi.com.tr\/index.php\/wp-json\/wp\/v2\/product_cat?post=758238"},{"taxonomy":"product_tag","embeddable":true,"href":"https:\/\/roveyayinevi.com.tr\/index.php\/wp-json\/wp\/v2\/product_tag?post=758238"}],"curies":[{"name":"wp","href":"https:\/\/api.w.org\/{rel}","templated":true}]}}