{"id":758234,"date":"2025-08-28T07:58:52","date_gmt":"2025-08-28T04:58:52","guid":{"rendered":"https:\/\/roveyayinevi.com.tr\/index.php\/urun\/yasar-kemal\/"},"modified":"2026-04-16T03:11:20","modified_gmt":"2026-04-16T00:11:20","slug":"yasar-kemal","status":"publish","type":"product","link":"https:\/\/roveyayinevi.com.tr\/index.php\/urun\/yasar-kemal\/","title":{"rendered":"Ya\u015far Kemal"},"content":{"rendered":"<p>\u015eair, hik\u00e2yeci, romanc\u0131, derlemeci, denemeci, ara\u015ft\u0131rmac\u0131, r\u00f6portajc\u0131 gibi farkl\u0131 y\u00f6nleri olan sanat\u00e7\u0131 ayn\u0131 zamanda siyasetle de u\u011fra\u015fm\u0131\u015f, kendi fikirleri \u00e7er\u00e7evesinde \u00fclkesinin daha iyi bir konuma gelmesi i\u00e7in gayret g\u00f6stermi\u015ftir.Bu \u00e7al\u0131\u015fmada Ya\u015far Kemal \u00fczerine yaz\u0131lm\u0131\u015f 35 yaz\u0131 bulunmaktad\u0131r. Dile\u011fimiz buradaki yaz\u0131lar\u0131n Ya\u015far Kemal\u2019i de\u011ferlendirmede ve yeni eserler ortaya koymada bir katk\u0131s\u0131 olmas\u0131d\u0131r. \u00c7al\u0131\u015fmay\u0131 haz\u0131rlarken kapsay\u0131c\u0131 olmas\u0131 a\u00e7\u0131s\u0131ndan sanat\u00e7\u0131n\u0131n hayat\u0131ndan sanat\u00e7\u0131l\u0131\u011f\u0131na, romanc\u0131l\u0131\u011f\u0131ndan \u015fairli\u011fine, hik\u00e2yecili\u011finden denemeci ve r\u00f6portajc\u0131l\u0131\u011f\u0131na kadar farkl\u0131 y\u00f6nlerini i\u00e7ermesine gayret ettik. \u00d6ncelikle eserleriyle bu \u00e7al\u0131\u015fmay\u0131 haz\u0131rlamam\u0131za vesile olan usta yazar Ya\u015far Kemal\u2019e minnettarl\u0131\u011f\u0131m\u0131 belirtmek isterim. Nurlar i\u00e7inde uyusun\u2026<\/p>\n","protected":false},"excerpt":{"rendered":"<p>\u015eair, hik\u00e2yeci, romanc\u0131, derlemeci, denemeci, ara\u015ft\u0131rmac\u0131, r\u00f6portajc\u0131 gibi farkl\u0131 y\u00f6nleri olan sanat\u00e7\u0131 ayn\u0131 zamanda siyasetle de u\u011fra\u015fm\u0131\u015f, kendi fikirleri \u00e7er\u00e7evesinde \u00fclkesinin daha iyi bir konuma gelmesi<span class=\"excerpt-hellip\"> [\u2026]<\/span><\/p>\n","protected":false},"featured_media":0,"template":"","meta":{"_monsterinsights_skip_tracking":false,"_monsterinsights_sitenote_active":false,"_monsterinsights_sitenote_note":"","_monsterinsights_sitenote_category":0},"product_brand":[],"product_cat":[18545,12291],"product_tag":[],"class_list":{"0":"post-758234","1":"product","2":"type-product","3":"status-publish","5":"product_cat-anlati","6":"product_cat-edebiyat","7":"pa_cilt-ciltli","8":"pa_tur-kitap","9":"pa_yayinevi-ihlamur-kitap","10":"pa_yazar-ihlamur-kollektif","12":"first","13":"instock","14":"sale","15":"shipping-taxable","16":"purchasable","17":"product-type-simple"},"_links":{"self":[{"href":"https:\/\/roveyayinevi.com.tr\/index.php\/wp-json\/wp\/v2\/product\/758234","targetHints":{"allow":["GET"]}}],"collection":[{"href":"https:\/\/roveyayinevi.com.tr\/index.php\/wp-json\/wp\/v2\/product"}],"about":[{"href":"https:\/\/roveyayinevi.com.tr\/index.php\/wp-json\/wp\/v2\/types\/product"}],"wp:attachment":[{"href":"https:\/\/roveyayinevi.com.tr\/index.php\/wp-json\/wp\/v2\/media?parent=758234"}],"wp:term":[{"taxonomy":"product_brand","embeddable":true,"href":"https:\/\/roveyayinevi.com.tr\/index.php\/wp-json\/wp\/v2\/product_brand?post=758234"},{"taxonomy":"product_cat","embeddable":true,"href":"https:\/\/roveyayinevi.com.tr\/index.php\/wp-json\/wp\/v2\/product_cat?post=758234"},{"taxonomy":"product_tag","embeddable":true,"href":"https:\/\/roveyayinevi.com.tr\/index.php\/wp-json\/wp\/v2\/product_tag?post=758234"}],"curies":[{"name":"wp","href":"https:\/\/api.w.org\/{rel}","templated":true}]}}