{"id":758232,"date":"2025-08-28T07:58:49","date_gmt":"2025-08-28T04:58:49","guid":{"rendered":"https:\/\/roveyayinevi.com.tr\/index.php\/urun\/emine-isinsu\/"},"modified":"2026-04-16T03:11:20","modified_gmt":"2026-04-16T00:11:20","slug":"emine-isinsu","status":"publish","type":"product","link":"https:\/\/roveyayinevi.com.tr\/index.php\/urun\/emine-isinsu\/","title":{"rendered":"Emine I\u015f\u0131nsu"},"content":{"rendered":"<p>Edebiyat\u0131n pek \u00e7ok t\u00fcr\u00fcnde eserler veren Emine I\u015f\u0131nsu, insano\u011flunun ya\u015fam\u0131 anlamland\u0131rma arzusunu s\u00f6z\u00fcn b\u00fcy\u00fcl\u00fc ikliminde yar\u0131nlara b\u0131rakarak fizik\u00ee varl\u0131\u011f\u0131n\u0131 5 May\u0131s 2021\u2019de tamamlay\u0131p aram\u0131zdan ayr\u0131lm\u0131\u015ft\u0131r. Ancak, o, insanl\u0131k h\u00e2llerimizi, d\u00fcn ile kurdu\u011fumuz irtibat\u0131, i\u00e7inde ya\u015fan\u0131lan zaman\u0131 anlama u\u011fra\u015f\u0131m\u0131z\u0131, toplumsal ve k\u00fclt\u00fcrel varl\u0131\u011f\u0131m\u0131z\u0131n temellendi\u011fi de\u011ferleri, insan olarak kalabilme imk\u00e2nlar\u0131m\u0131z\u0131 s\u00f6ze d\u00f6n\u00fc\u015ft\u00fcrerek s\u00fcrekli hayat\u0131n i\u00e7inde kalmaya devam edecektir.I\u015f\u0131nsu\u2019nun \u00f6l\u00fcm\u00fcnden bir y\u0131l \u00f6nce Hakan Sar\u0131 ve Yusuf Ko\u015far taraf\u0131ndan haz\u0131rlanan ve Ihlamur Yay\u0131nlar\u0131nca okurlar\u0131na ula\u015ft\u0131r\u0131lan Emine I\u015f\u0131nsu Arma\u011fan\u0131\u2019n\u0131n \u00fczerinden hen\u00fcz iki y\u0131l ge\u00e7meden yine Ihlamur Yay\u0131nlar\u0131nca -hat\u0131ralara duyulan bir sayg\u0131 \u00f6rne\u011fi olarak- yay\u0131nlanan elinizdeki bu kitap, I\u015f\u0131nsu\u2019nun her dem hayat\u0131m\u0131z\u0131n i\u00e7inde olmaya devam edece\u011fini g\u00f6steren g\u00fczel bir \u00f6rnektir.Prof. Dr. Mitat Durmu\u015f<\/p>\n","protected":false},"excerpt":{"rendered":"<p>Edebiyat\u0131n pek \u00e7ok t\u00fcr\u00fcnde eserler veren Emine I\u015f\u0131nsu, insano\u011flunun ya\u015fam\u0131 anlamland\u0131rma arzusunu s\u00f6z\u00fcn b\u00fcy\u00fcl\u00fc ikliminde yar\u0131nlara b\u0131rakarak fizik\u00ee varl\u0131\u011f\u0131n\u0131 5 May\u0131s 2021\u2019de tamamlay\u0131p aram\u0131zdan ayr\u0131lm\u0131\u015ft\u0131r. Ancak,<span class=\"excerpt-hellip\"> [\u2026]<\/span><\/p>\n","protected":false},"featured_media":0,"template":"","meta":{"_monsterinsights_skip_tracking":false,"_monsterinsights_sitenote_active":false,"_monsterinsights_sitenote_note":"","_monsterinsights_sitenote_category":0},"product_brand":[],"product_cat":[12291,12711],"product_tag":[],"class_list":{"0":"post-758232","1":"product","2":"type-product","3":"status-publish","5":"product_cat-edebiyat","6":"product_cat-roman-oyku","7":"pa_cilt-ciltli","8":"pa_tur-kitap","9":"pa_yayinevi-ihlamur-kitap","10":"pa_yazar-ihlamur-kollektif","12":"first","13":"instock","14":"sale","15":"shipping-taxable","16":"purchasable","17":"product-type-simple"},"_links":{"self":[{"href":"https:\/\/roveyayinevi.com.tr\/index.php\/wp-json\/wp\/v2\/product\/758232","targetHints":{"allow":["GET"]}}],"collection":[{"href":"https:\/\/roveyayinevi.com.tr\/index.php\/wp-json\/wp\/v2\/product"}],"about":[{"href":"https:\/\/roveyayinevi.com.tr\/index.php\/wp-json\/wp\/v2\/types\/product"}],"wp:attachment":[{"href":"https:\/\/roveyayinevi.com.tr\/index.php\/wp-json\/wp\/v2\/media?parent=758232"}],"wp:term":[{"taxonomy":"product_brand","embeddable":true,"href":"https:\/\/roveyayinevi.com.tr\/index.php\/wp-json\/wp\/v2\/product_brand?post=758232"},{"taxonomy":"product_cat","embeddable":true,"href":"https:\/\/roveyayinevi.com.tr\/index.php\/wp-json\/wp\/v2\/product_cat?post=758232"},{"taxonomy":"product_tag","embeddable":true,"href":"https:\/\/roveyayinevi.com.tr\/index.php\/wp-json\/wp\/v2\/product_tag?post=758232"}],"curies":[{"name":"wp","href":"https:\/\/api.w.org\/{rel}","templated":true}]}}