{"id":758231,"date":"2025-08-28T07:58:48","date_gmt":"2025-08-28T04:58:48","guid":{"rendered":"https:\/\/roveyayinevi.com.tr\/index.php\/urun\/100-yilinda-milli-mucadele-edebiyati\/"},"modified":"2026-04-16T03:11:20","modified_gmt":"2026-04-16T00:11:20","slug":"100-yilinda-milli-mucadele-edebiyati","status":"publish","type":"product","link":"https:\/\/roveyayinevi.com.tr\/index.php\/urun\/100-yilinda-milli-mucadele-edebiyati\/","title":{"rendered":"100. Y\u0131l\u0131nda Milli M\u00fccadele Edebiyat\u0131"},"content":{"rendered":"<p>2022 y\u0131l\u0131 Mill\u00ee M\u00fccadele\u2019nin ba\u015far\u0131ya ula\u015fmas\u0131n\u0131n 100. y\u0131l\u0131d\u0131r. Elinizdeki kitap, T\u00fcrk milletinin tarih sahnesinden \u00e7ekilmemek ad\u0131na Mustafa Kemal Atat\u00fcrk\u2019\u00fcn \u00f6nderli\u011finde topyek\u00fbn verdi\u011fi silahl\u0131 m\u00fccadelenin \u015fiir, roman, hik\u00e2ye, tiyatro, an\u0131, hitabet, mektup, s\u00fcreli yay\u0131n gibi farkl\u0131 t\u00fcrlerdeki edeb\u00ee eserlere nas\u0131l yans\u0131d\u0131\u011f\u0131n\u0131, Mill\u00ee M\u00fccadele ile ilgili birinci derecedeki baz\u0131 tarih\u00ee belgelerin edebiyattaki yerlerini ortaya koymay\u0131 hedeflemektedir.Estetik kayg\u0131y\u0131 \u00f6nceleyen edebiyat\u0131n, milletin tarih\u00ee haf\u0131zas\u0131n\u0131 olu\u015fturma g\u00f6revini de yerine getirmek ad\u0131na T\u00fcrk milleti i\u00e7in hayat\u00ee bir d\u00f6neme\u00e7 olan Mill\u00ee M\u00fccadele\u2019yi hangi a\u00e7\u0131lardan i\u015fledi\u011fini tespit etmek \u00fczere haz\u0131rlanan bu kapsaml\u0131 \u00e7al\u0131\u015fma Prof. Dr. Bilge Ercilasun, Prof. Dr. \u0130nci Engin\u00fcn, Prof. Dr. Recep Duymaz, Prof. Dr. Zeynep Kerman gibi Yeni T\u00fcrk Edebiyat\u0131 sahas\u0131n\u0131n k\u0131demli hocalar\u0131n\u0131n da yer ald\u0131\u011f\u0131 otuz d\u00f6rt akademisyenin katk\u0131lar\u0131yla meydana gelmi\u015ftir. Prof. Dr. Alev SINAR U\u011eURLU<\/p>\n","protected":false},"excerpt":{"rendered":"<p>2022 y\u0131l\u0131 Mill\u00ee M\u00fccadele\u2019nin ba\u015far\u0131ya ula\u015fmas\u0131n\u0131n 100. y\u0131l\u0131d\u0131r. Elinizdeki kitap, T\u00fcrk milletinin tarih sahnesinden \u00e7ekilmemek ad\u0131na Mustafa Kemal Atat\u00fcrk\u2019\u00fcn \u00f6nderli\u011finde topyek\u00fbn verdi\u011fi silahl\u0131 m\u00fccadelenin \u015fiir, roman,<span class=\"excerpt-hellip\"> [\u2026]<\/span><\/p>\n","protected":false},"featured_media":0,"template":"","meta":{"_monsterinsights_skip_tracking":false,"_monsterinsights_sitenote_active":false,"_monsterinsights_sitenote_note":"","_monsterinsights_sitenote_category":0},"product_brand":[],"product_cat":[12530,12304],"product_tag":[],"class_list":{"0":"post-758231","1":"product","2":"type-product","3":"status-publish","5":"product_cat-mustafa-kemal-ataturk","6":"product_cat-tarih","7":"pa_cilt-ciltli","8":"pa_tur-kitap","9":"pa_yayinevi-ihlamur-kitap","10":"pa_yazar-ihlamur-kollektif","12":"first","13":"instock","14":"sale","15":"shipping-taxable","16":"purchasable","17":"product-type-simple"},"_links":{"self":[{"href":"https:\/\/roveyayinevi.com.tr\/index.php\/wp-json\/wp\/v2\/product\/758231","targetHints":{"allow":["GET"]}}],"collection":[{"href":"https:\/\/roveyayinevi.com.tr\/index.php\/wp-json\/wp\/v2\/product"}],"about":[{"href":"https:\/\/roveyayinevi.com.tr\/index.php\/wp-json\/wp\/v2\/types\/product"}],"wp:attachment":[{"href":"https:\/\/roveyayinevi.com.tr\/index.php\/wp-json\/wp\/v2\/media?parent=758231"}],"wp:term":[{"taxonomy":"product_brand","embeddable":true,"href":"https:\/\/roveyayinevi.com.tr\/index.php\/wp-json\/wp\/v2\/product_brand?post=758231"},{"taxonomy":"product_cat","embeddable":true,"href":"https:\/\/roveyayinevi.com.tr\/index.php\/wp-json\/wp\/v2\/product_cat?post=758231"},{"taxonomy":"product_tag","embeddable":true,"href":"https:\/\/roveyayinevi.com.tr\/index.php\/wp-json\/wp\/v2\/product_tag?post=758231"}],"curies":[{"name":"wp","href":"https:\/\/api.w.org\/{rel}","templated":true}]}}