{"id":758230,"date":"2025-08-28T07:58:45","date_gmt":"2025-08-28T04:58:45","guid":{"rendered":"https:\/\/roveyayinevi.com.tr\/index.php\/urun\/edebiyatta-utopya-distopya\/"},"modified":"2026-04-16T03:11:20","modified_gmt":"2026-04-16T00:11:20","slug":"edebiyatta-utopya-distopya","status":"publish","type":"product","link":"https:\/\/roveyayinevi.com.tr\/index.php\/urun\/edebiyatta-utopya-distopya\/","title":{"rendered":"Edebiyatta \u00dctopya\/Distopya"},"content":{"rendered":"<p>Ayd\u0131nlama \u00e7a\u011f\u0131 ile ba\u015flayan ak\u0131lc\u0131l\u0131k ve akl\u0131n geli\u015fim a\u015famalar\u0131n\u0131 \u00fctopya ve kar\u015f\u0131-\u00fctopya kurgular\u0131nda g\u00f6rmek m\u00fcmk\u00fcnd\u00fcr. Akl\u0131n y\u00fcceltilmesi ve bireyin y\u00fckseli\u015fi ile ba\u015flayan s\u00fcre\u00e7 akl\u0131n kar\u015f\u0131 konulamaz bir noktaya gelmesi ve \u00f6znenin yitimi noktas\u0131na ula\u015fm\u0131\u015ft\u0131r. Bu s\u00fcre\u00e7, \u00fctopyadan kar\u015f\u0131-\u00fctopyaya uzanan uzun bir maceran\u0131n anlat\u0131m\u0131 ile kar\u015f\u0131m\u0131za \u00e7\u0131kmaktad\u0131r.Dolay\u0131s\u0131yla Ihlamur K\u00fclt\u00fcr, Sanat ve Edebiyat Dergisi\u2019nin Edebiyatta \u00dctopya ve Distopya kitab\u0131n\u0131 t\u00fcm olarak takip eden bir okur iki \u015feye \u015fahit olacakt\u0131r. \u0130lk olarak, bir t\u00fcr ve felsef\u00ee bir d\u00fc\u015f\u00fcnce bi\u00e7imi olan \u00fctopya ve kar\u015f\u0131-\u00fctopya kurgular\u0131n\u0131n T\u00fcrk ve D\u00fcnya edebiyatlar\u0131ndaki geli\u015fimine; ikinci olarak insan akl\u0131n\u0131n ve bireyin, ayd\u0131nlanma felsefesinden ba\u015flayarak postmodern evreye kadarki geli\u015fimine.Prof. Dr. S. Dilek YAL\u00c7IN \u00c7EL\u0130K<\/p>\n","protected":false},"excerpt":{"rendered":"<p>Ayd\u0131nlama \u00e7a\u011f\u0131 ile ba\u015flayan ak\u0131lc\u0131l\u0131k ve akl\u0131n geli\u015fim a\u015famalar\u0131n\u0131 \u00fctopya ve kar\u015f\u0131-\u00fctopya kurgular\u0131nda g\u00f6rmek m\u00fcmk\u00fcnd\u00fcr. Akl\u0131n y\u00fcceltilmesi ve bireyin y\u00fckseli\u015fi ile ba\u015flayan s\u00fcre\u00e7 akl\u0131n kar\u015f\u0131 konulamaz<span class=\"excerpt-hellip\"> [\u2026]<\/span><\/p>\n","protected":false},"featured_media":0,"template":"","meta":{"_monsterinsights_skip_tracking":false,"_monsterinsights_sitenote_active":false,"_monsterinsights_sitenote_note":"","_monsterinsights_sitenote_category":0},"product_brand":[],"product_cat":[13072,12291],"product_tag":[],"class_list":{"0":"post-758230","1":"product","2":"type-product","3":"status-publish","5":"product_cat-arastirma-inceleme-referans","6":"product_cat-edebiyat","7":"pa_cilt-ciltli","8":"pa_tur-kitap","9":"pa_yayinevi-ihlamur-kitap","10":"pa_yazar-ihlamur-kollektif","12":"first","13":"instock","14":"sale","15":"shipping-taxable","16":"purchasable","17":"product-type-simple"},"_links":{"self":[{"href":"https:\/\/roveyayinevi.com.tr\/index.php\/wp-json\/wp\/v2\/product\/758230","targetHints":{"allow":["GET"]}}],"collection":[{"href":"https:\/\/roveyayinevi.com.tr\/index.php\/wp-json\/wp\/v2\/product"}],"about":[{"href":"https:\/\/roveyayinevi.com.tr\/index.php\/wp-json\/wp\/v2\/types\/product"}],"wp:attachment":[{"href":"https:\/\/roveyayinevi.com.tr\/index.php\/wp-json\/wp\/v2\/media?parent=758230"}],"wp:term":[{"taxonomy":"product_brand","embeddable":true,"href":"https:\/\/roveyayinevi.com.tr\/index.php\/wp-json\/wp\/v2\/product_brand?post=758230"},{"taxonomy":"product_cat","embeddable":true,"href":"https:\/\/roveyayinevi.com.tr\/index.php\/wp-json\/wp\/v2\/product_cat?post=758230"},{"taxonomy":"product_tag","embeddable":true,"href":"https:\/\/roveyayinevi.com.tr\/index.php\/wp-json\/wp\/v2\/product_tag?post=758230"}],"curies":[{"name":"wp","href":"https:\/\/api.w.org\/{rel}","templated":true}]}}