{"id":758226,"date":"2025-08-28T07:58:29","date_gmt":"2025-08-28T04:58:29","guid":{"rendered":"https:\/\/roveyayinevi.com.tr\/index.php\/urun\/haci-bektas-i-veli-ciltli\/"},"modified":"2026-04-16T03:11:20","modified_gmt":"2026-04-16T00:11:20","slug":"haci-bektas-i-veli-ciltli","status":"publish","type":"product","link":"https:\/\/roveyayinevi.com.tr\/index.php\/urun\/haci-bektas-i-veli-ciltli\/","title":{"rendered":"Hac\u0131 Bekta\u015f-\u0131 Veli (Ciltli)"},"content":{"rendered":"<p>\u0130kinci D\u00fcnya Sava\u015f\u0131ndan sonra d\u00fcnya bar\u0131\u015f\u0131n\u0131 tesis etmek ve korumak i\u00e7in kurulan UNESCO, sevgi ve bar\u0131\u015f\u0131 anlatabilmenin yolunu Hac\u0131 Bekta\u015f-\u0131 Vel\u00ee&#8217;nin bu ve bunun gibi menk\u0131belerini insanl\u0131\u011fa aktarma gayretiyle Anma ve Kutlama Y\u0131l D\u00f6n\u00fcmleri Program\u0131&#8217;na Hac\u0131 Bekta\u015f-\u0131 Vel\u00ee&#8217;yi almakla isabetli bir i\u015f yapm\u0131\u015ft\u0131r. Hac\u0131 Bekta\u015f-\u0131 Vel\u00ee&#8217;nin bu programa al\u0131nmas\u0131 i\u00e7in gayretlerinden dolay\u0131 UNESCO T\u00fcrkiye Mill\u00ee Komisyonu ad\u0131na Prof. Dr. \u00d6cal O\u011fuz&#8217;a, kitab\u0131m\u0131za katk\u0131 sunan 36 akademisyen ve yazar\u0131m\u0131za, \u00e7al\u0131\u015fmam\u0131zda bizi destekleyen dan\u0131\u015fma kurulumuzdaki hocalar\u0131m\u0131z say\u0131n Prof. Dr. Atabey K\u0131l\u0131\u00e7, Prof. Dr. G\u0131yasettin Ayta\u015f, Prof. Dr. Hayrettin \u0130vgin ve Prof. Dr. \u0130smail Erdo\u011fan&#8217;a te\u015fekk\u00fcrlerimizi sunuyoruz. Ayr\u0131ca ba\u015fta Hac\u0131 Bekta\u015f-\u0131 Vel\u00ee olmak \u00fczere erenlerin ruhuna de\u011fecek \u201cG\u00fclbang\u201d\u0131 terenn\u00fcm eden \u00fcstat H\u00fcseyin Dedekarg\u0131no\u011flu&#8217;na \u015f\u00fckranlar\u0131m\u0131z\u0131 sunar\u0131z.<\/p>\n","protected":false},"excerpt":{"rendered":"<p>\u0130kinci D\u00fcnya Sava\u015f\u0131ndan sonra d\u00fcnya bar\u0131\u015f\u0131n\u0131 tesis etmek ve korumak i\u00e7in kurulan UNESCO, sevgi ve bar\u0131\u015f\u0131 anlatabilmenin yolunu Hac\u0131 Bekta\u015f-\u0131 Vel\u00ee&#8217;nin bu ve bunun gibi menk\u0131belerini<span class=\"excerpt-hellip\"> [\u2026]<\/span><\/p>\n","protected":false},"featured_media":0,"template":"","meta":{"_monsterinsights_skip_tracking":false,"_monsterinsights_sitenote_active":false,"_monsterinsights_sitenote_note":"","_monsterinsights_sitenote_category":0},"product_brand":[],"product_cat":[12718,12719],"product_tag":[],"class_list":{"0":"post-758226","1":"product","2":"type-product","3":"status-publish","5":"product_cat-din","6":"product_cat-islam","7":"pa_cilt-ciltli","8":"pa_tur-kitap","9":"pa_yayinevi-ihlamur-kitap","10":"pa_yazar-ihlamur-kollektif","12":"first","13":"instock","14":"sale","15":"shipping-taxable","16":"purchasable","17":"product-type-simple"},"_links":{"self":[{"href":"https:\/\/roveyayinevi.com.tr\/index.php\/wp-json\/wp\/v2\/product\/758226","targetHints":{"allow":["GET"]}}],"collection":[{"href":"https:\/\/roveyayinevi.com.tr\/index.php\/wp-json\/wp\/v2\/product"}],"about":[{"href":"https:\/\/roveyayinevi.com.tr\/index.php\/wp-json\/wp\/v2\/types\/product"}],"wp:attachment":[{"href":"https:\/\/roveyayinevi.com.tr\/index.php\/wp-json\/wp\/v2\/media?parent=758226"}],"wp:term":[{"taxonomy":"product_brand","embeddable":true,"href":"https:\/\/roveyayinevi.com.tr\/index.php\/wp-json\/wp\/v2\/product_brand?post=758226"},{"taxonomy":"product_cat","embeddable":true,"href":"https:\/\/roveyayinevi.com.tr\/index.php\/wp-json\/wp\/v2\/product_cat?post=758226"},{"taxonomy":"product_tag","embeddable":true,"href":"https:\/\/roveyayinevi.com.tr\/index.php\/wp-json\/wp\/v2\/product_tag?post=758226"}],"curies":[{"name":"wp","href":"https:\/\/api.w.org\/{rel}","templated":true}]}}