{"id":758224,"date":"2025-08-28T07:58:26","date_gmt":"2025-08-28T04:58:26","guid":{"rendered":"https:\/\/roveyayinevi.com.tr\/index.php\/urun\/malazgirt-zaferi-ve-sultan-alp-arslan-ciltli\/"},"modified":"2026-04-16T03:11:20","modified_gmt":"2026-04-16T00:11:20","slug":"malazgirt-zaferi-ve-sultan-alp-arslan-ciltli","status":"publish","type":"product","link":"https:\/\/roveyayinevi.com.tr\/index.php\/urun\/malazgirt-zaferi-ve-sultan-alp-arslan-ciltli\/","title":{"rendered":"Malazgirt Zaferi ve Sultan Alp Arslan (Ciltli)"},"content":{"rendered":"<p>Elinizdeki kitap Malazgirt Sava\u015f\u0131 ve etkilerini farkl\u0131 bilim dallar\u0131 b\u00fcnyesinde incelemeyi hedeflemi\u015ftir. Bu \u00e7er\u00e7evede tarih alan\u0131nda sekiz makale yer alm\u0131\u015f, Malazgirt Sava\u015f\u0131 farkl\u0131 boyutlar\u0131yla ele al\u0131nmaya \u00e7al\u0131\u015f\u0131lm\u0131\u015ft\u0131r. Sava\u015fa taraf olan devletler, her iki taraftaki komutanlar, sava\u015f\u0131n geli\u015fimi, Ha\u00e7l\u0131 Seferlerine, ekonomiye ve Anadolu&#8217;nun T\u00fcrkle\u015fme s\u00fcrecine etkisi gibi konular, \u00e7al\u0131\u015fmaya d\u00e2hil edilerek okuyucuya farkl\u0131 bak\u0131\u015f a\u00e7\u0131lar\u0131 sunmak hedeflenmi\u015ftir. Di\u011fer bir ifadeyle sava\u015f\u0131n sadece m\u00fccadele k\u0131sm\u0131 de\u011fil, her alandaki etkileriyle de ele al\u0131nm\u0131\u015ft\u0131r. Bu kitap konu hakk\u0131ndaki bildiklerinizi yeniden g\u00f6zden ge\u00e7irmenize, baz\u0131 ezber bilgilerinizi de d\u00fczeltmenize yard\u0131mc\u0131 olacak t\u00fcrden bir \u00e7al\u0131\u015fmad\u0131r.Edebiyat dergisi mahiyetinde olan Ihlamur Dergisi&#8217;nin Malazgirt Zaferi ile ilgili bir hat\u0131ra yay\u0131n\u0131 yap\u0131yor olmas\u0131 da bir di\u011fer farkl\u0131l\u0131kt\u0131r. Yukar\u0131da da belirtti\u011fimiz gibi farkl\u0131 ana bilim dallar\u0131ndaki makalelerin bir araya getirilmi\u015f olmas\u0131 kitab\u0131 daha renkli ve kapsaml\u0131 k\u0131lar mahiyettedir. \u00c7al\u0131\u015fman\u0131n renkli ve kapsaml\u0131 olu\u015fu, hem biz yazarlar hem de okuyucular\u0131 farkl\u0131 bilgilere ula\u015ft\u0131raca\u011f\u0131 i\u00e7in \u00f6nemini daha art\u0131rmaktad\u0131r. Bu vesileyle Malazgirt Zaferi&#8217;nin 950. y\u0131ld\u00f6n\u00fcm\u00fcndeki anlaml\u0131 \u00e7al\u0131\u015fmam\u0131za katk\u0131 veren herkese \u015f\u00fckranlar\u0131m\u0131 sunar, \u00f6zelde Malazgirt Sava\u015f\u0131 genelde de B\u00fcy\u00fck Sel\u00e7uklular tarihine katk\u0131 sa\u011flamas\u0131n\u0131 temenni ederim.Prof. Dr. Cihan Piyadeo\u011flu<\/p>\n","protected":false},"excerpt":{"rendered":"<p>Elinizdeki kitap Malazgirt Sava\u015f\u0131 ve etkilerini farkl\u0131 bilim dallar\u0131 b\u00fcnyesinde incelemeyi hedeflemi\u015ftir. Bu \u00e7er\u00e7evede tarih alan\u0131nda sekiz makale yer alm\u0131\u015f, Malazgirt Sava\u015f\u0131 farkl\u0131 boyutlar\u0131yla ele al\u0131nmaya<span class=\"excerpt-hellip\"> [\u2026]<\/span><\/p>\n","protected":false},"featured_media":0,"template":"","meta":{"_monsterinsights_skip_tracking":false,"_monsterinsights_sitenote_active":false,"_monsterinsights_sitenote_note":"","_monsterinsights_sitenote_category":0},"product_brand":[],"product_cat":[12370,12304],"product_tag":[],"class_list":{"0":"post-758224","1":"product","2":"type-product","3":"status-publish","5":"product_cat-arastirma-inceleme","6":"product_cat-tarih","7":"pa_cilt-ciltli","8":"pa_tur-kitap","9":"pa_yayinevi-ihlamur-kitap","10":"pa_yazar-ihlamur-kollektif","12":"first","13":"instock","14":"sale","15":"shipping-taxable","16":"purchasable","17":"product-type-simple"},"_links":{"self":[{"href":"https:\/\/roveyayinevi.com.tr\/index.php\/wp-json\/wp\/v2\/product\/758224","targetHints":{"allow":["GET"]}}],"collection":[{"href":"https:\/\/roveyayinevi.com.tr\/index.php\/wp-json\/wp\/v2\/product"}],"about":[{"href":"https:\/\/roveyayinevi.com.tr\/index.php\/wp-json\/wp\/v2\/types\/product"}],"wp:attachment":[{"href":"https:\/\/roveyayinevi.com.tr\/index.php\/wp-json\/wp\/v2\/media?parent=758224"}],"wp:term":[{"taxonomy":"product_brand","embeddable":true,"href":"https:\/\/roveyayinevi.com.tr\/index.php\/wp-json\/wp\/v2\/product_brand?post=758224"},{"taxonomy":"product_cat","embeddable":true,"href":"https:\/\/roveyayinevi.com.tr\/index.php\/wp-json\/wp\/v2\/product_cat?post=758224"},{"taxonomy":"product_tag","embeddable":true,"href":"https:\/\/roveyayinevi.com.tr\/index.php\/wp-json\/wp\/v2\/product_tag?post=758224"}],"curies":[{"name":"wp","href":"https:\/\/api.w.org\/{rel}","templated":true}]}}