{"id":758223,"date":"2025-08-28T07:58:24","date_gmt":"2025-08-28T04:58:24","guid":{"rendered":"https:\/\/roveyayinevi.com.tr\/index.php\/urun\/malazgirt-destani\/"},"modified":"2026-04-16T03:11:20","modified_gmt":"2026-04-16T00:11:20","slug":"malazgirt-destani","status":"publish","type":"product","link":"https:\/\/roveyayinevi.com.tr\/index.php\/urun\/malazgirt-destani\/","title":{"rendered":"Malazgirt Destan\u0131"},"content":{"rendered":"<p>Malazgirt ve Anadolu&#8217;nun fethi, T\u00fcrk Destan\u0131 i\u00e7indeki as\u0131l yerini, ileride elbette alacakt\u0131r. Ancak, b\u00fcy\u00fck zaferin 900. y\u0131ld\u00f6n\u00fcm\u00fc m\u00fcnasebetiyle, bu konuda yazd\u0131\u011f\u0131m par\u00e7alar\u0131 biraraya getirerek yay\u0131nlamay\u0131 gerekli buldum.Bu kitab\u0131 meydana getiren par\u00e7alar, daha \u00e7ok, kahramanlar taraf\u0131ndan veya kahramanlar i\u00e7in s\u00f6ylenmi\u015f tiratlard\u0131r. Bu bak\u0131mdan, b\u00fct\u00fcn olarak bir destan niteli\u011fi g\u00f6stermezler. Fakat, yukar\u0131da da belirtti\u011fim gibi, ileride, olaylar\u0131n ve olaylar\u0131 yaratanlar\u0131n zaman\u0131m\u0131za kadar gelen yank\u0131lar\u0131n\u0131 de\u011ferlendirerek bir destan yapmak ve T\u00fcrk Destan\u0131&#8217;ndaki yerine koymak m\u00fcmk\u00fcn olabilecektir.N.Y.G.Destan, insan\u0131n bir anl\u0131k duygulanmas\u0131 ile yaz\u0131labilecek bir \u015fiir t\u00fcr\u00fc de\u011fildir. Ge\u00e7mi\u015fe ait olduklar\u0131 i\u00e7in ara\u015ft\u0131rma gerektirir. Geni\u015f bir dil ve tarih k\u00fclt\u00fcr\u00fc icap ettirir. Sab\u0131rl\u0131 ve \u00e7ileli bir \u00e7al\u0131\u015fma gerektirir. Bunlar Destan yazmay\u0131 zor bir hale getiriyor. Bu y\u00fczden, \u015fairlerimiz, ba\u015flang\u0131\u00e7ta \u015fiir yazmaya hevesleniyor fakat i\u015fin zorlu\u011funu anlay\u0131nca b\u0131rak\u0131yorlar.\u201d diyen Gen\u00e7osmano\u011flu, b\u00fcy\u00fck bir zorlu\u011fu ba\u015fararak tarihe kalm\u0131\u015f ve T\u00fcrk okurlar\u0131n\u0131 kendi tarihlerine katm\u0131\u015ft\u0131r. Bu bak\u0131mdan Malazgirt Zaferi&#8217;nin 950. y\u0131l\u0131nda destan \u015fairinin Malazgirt Destan\u0131 adl\u0131 bu kitab\u0131n\u0131n (ilk yay\u0131nlan\u0131\u015f\u0131ndan 50 y\u0131l sonra) yeniden T\u00fcrk okurlar\u0131 ile bulu\u015fturulmas\u0131 son derece \u00f6nemli ve tarihi bir i\u015f olarak de\u011ferlendirilmelidir. Anadolu topraklar\u0131n\u0131 yurt tutmam\u0131z\u0131 sa\u011flayan Sultan Alp Arslan&#8217;\u0131n ve tarih\u00ee t\u00fcm ervah\u0131n ruhlar\u0131n\u0131 tebcil eden Malazgirt Destan\u0131&#8217;n\u0131n yeniden yay\u0131nlanmas\u0131, T\u00fcrk okurlar\u0131n\u0131n tarihsel varl\u0131k alanlar\u0131 ile estetik d\u00fczeyde temas kurmas\u0131na katk\u0131 sunacakt\u0131r.Mehmet Akif Ersoy&#8217;un yaz\u0131p milletine arma\u011fan etti\u011fi \u0130stiklal Mar\u015f\u0131 olmadan nas\u0131l bayrak t\u00f6reni yap\u0131lmazsa, N. Y. Gen\u00e7osmano\u011flu&#8217;nun Malazgirt Destan\u0131 kitab\u0131nda yer alan Malazgirt Mar\u015f\u0131 adl\u0131 \u015fiiri olmadan da Malazgirt Zaferi t\u00f6reni yap\u0131lamaz. Malazgirt, bir yer ad\u0131 olmaktan daha \u00e7ok tarihsel T\u00fcrk ruhunun somutlanmas\u0131d\u0131r. T\u00fcrk ruhunun \u015fiir metinleri arac\u0131l\u0131\u011f\u0131 ile gelecek ku\u015faklara aktar\u0131lmas\u0131na \u00f6nc\u00fcl\u00fck eden Niyazi Y\u0131ld\u0131r\u0131m Gen\u00e7osmano\u011flu ba\u015fta olmak \u00fczere, kitab\u0131n yeniden yay\u0131nlanmas\u0131nda gayretlerini g\u00f6rd\u00fc\u011f\u00fcm Hakan Sar\u0131 Beyefendi ve t\u00fcm Ihlamur Yay\u0131nlar\u0131 \u00e7al\u0131\u015fanlar\u0131na soylu selam ve sayg\u0131lar ile \u015fahs\u0131m ve ulusum ad\u0131na te\u015fekk\u00fcr ediyorum.Prof. Dr. Mitat DURMU\u015e<\/p>\n","protected":false},"excerpt":{"rendered":"<p>Malazgirt ve Anadolu&#8217;nun fethi, T\u00fcrk Destan\u0131 i\u00e7indeki as\u0131l yerini, ileride elbette alacakt\u0131r. Ancak, b\u00fcy\u00fck zaferin 900. y\u0131ld\u00f6n\u00fcm\u00fc m\u00fcnasebetiyle, bu konuda yazd\u0131\u011f\u0131m par\u00e7alar\u0131 biraraya getirerek yay\u0131nlamay\u0131 gerekli<span class=\"excerpt-hellip\"> [\u2026]<\/span><\/p>\n","protected":false},"featured_media":0,"template":"","meta":{"_monsterinsights_skip_tracking":false,"_monsterinsights_sitenote_active":false,"_monsterinsights_sitenote_note":"","_monsterinsights_sitenote_category":0},"product_brand":[],"product_cat":[12291,12509],"product_tag":[],"class_list":{"0":"post-758223","1":"product","2":"type-product","3":"status-publish","5":"product_cat-edebiyat","6":"product_cat-siir","7":"pa_cilt-ciltsiz","8":"pa_tur-kitap","9":"pa_yayinevi-ihlamur-kitap","10":"pa_yazar-niyazi-yildirim-gencosmanoglu","12":"first","13":"instock","14":"sale","15":"shipping-taxable","16":"purchasable","17":"product-type-simple"},"_links":{"self":[{"href":"https:\/\/roveyayinevi.com.tr\/index.php\/wp-json\/wp\/v2\/product\/758223","targetHints":{"allow":["GET"]}}],"collection":[{"href":"https:\/\/roveyayinevi.com.tr\/index.php\/wp-json\/wp\/v2\/product"}],"about":[{"href":"https:\/\/roveyayinevi.com.tr\/index.php\/wp-json\/wp\/v2\/types\/product"}],"wp:attachment":[{"href":"https:\/\/roveyayinevi.com.tr\/index.php\/wp-json\/wp\/v2\/media?parent=758223"}],"wp:term":[{"taxonomy":"product_brand","embeddable":true,"href":"https:\/\/roveyayinevi.com.tr\/index.php\/wp-json\/wp\/v2\/product_brand?post=758223"},{"taxonomy":"product_cat","embeddable":true,"href":"https:\/\/roveyayinevi.com.tr\/index.php\/wp-json\/wp\/v2\/product_cat?post=758223"},{"taxonomy":"product_tag","embeddable":true,"href":"https:\/\/roveyayinevi.com.tr\/index.php\/wp-json\/wp\/v2\/product_tag?post=758223"}],"curies":[{"name":"wp","href":"https:\/\/api.w.org\/{rel}","templated":true}]}}