{"id":758222,"date":"2025-08-28T07:58:23","date_gmt":"2025-08-28T04:58:23","guid":{"rendered":"https:\/\/roveyayinevi.com.tr\/index.php\/urun\/yunus-emre-i-ii-cilt-kutulu-set-ciltli\/"},"modified":"2026-04-16T03:11:20","modified_gmt":"2026-04-16T00:11:20","slug":"yunus-emre-i-ii-cilt-kutulu-set-ciltli","status":"publish","type":"product","link":"https:\/\/roveyayinevi.com.tr\/index.php\/urun\/yunus-emre-i-ii-cilt-kutulu-set-ciltli\/","title":{"rendered":"Yunus Emre (I-II Cilt Kutulu Set) (Ciltli)"},"content":{"rendered":"<p>Yunus Emre 700. Y\u0131l\u0131 Arma\u011fan\u0131 kitab\u0131nda onun b\u00fct\u00fcn y\u00f6nlerinin ve eserlerinin farkl\u0131 y\u00f6nleriyle ve lay\u0131k\u0131yla g\u00fcn\u00fcm\u00fcz\u00fcn bilimsel birikimi ve bilgi sistemati\u011fi i\u00e7inde yeniden ele al\u0131nmas\u0131 \u00f6nemli bir 700. y\u0131l etkinli\u011fidir. Yunus Emre&#8217;nin felsefesinin, T\u00fcrk diline katk\u0131lar\u0131, edeb\u00ee de\u011feri, tasavvuf bak\u0131\u015f\u0131, e\u011fitim anlay\u0131\u015f\u0131 gibi pek \u00e7ok hususun yeniden ele al\u0131n\u0131p yorumlanmas\u0131 memnuniyet vericidir.UNESCO&#8217;nun 2019 y\u0131l\u0131nda ald\u0131\u011f\u0131 kararla 2021 y\u0131l\u0131n\u0131 Yunus Emre&#8217;nin Vefat\u0131n\u0131n 700. Y\u0131l D\u00f6n\u00fcm\u00fc olarak Anma ve Kutlama Y\u0131l D\u00f6n\u00fcmleri Program\u0131na almas\u0131, Cumhurba\u015fkanl\u0131\u011f\u0131 karar\u0131yla 2021 y\u0131l\u0131n\u0131n \u201cYunus Emre ve T\u00fcrk\u00e7e Y\u0131l\u0131\u201d ilan edilmesi ve bu ilan\u0131 T\u00fcrk Konseyi \u00fcyesi \u00fclkelerce de benimsenmesi gibi bir s\u00fcrecin i\u00e7inde bu eserin ortaya konmas\u0131 son derece \u00f6nemli bir inisiyatif olmu\u015ftur. Eme\u011fi ge\u00e7enlere, katk\u0131 verenlere, de\u011ferli g\u00f6r\u00fc\u015flerini bizlerle payla\u015fanlara UNESCO T\u00fcrkiye Mill\u00ee Komisyonu ad\u0131na te\u015fekk\u00fcrlerimi sunuyorum.Prof. Dr. M. \u00d6cal O\u011eUZUNESCO T\u00fcrkiye Mill\u00ee Komisyonu Ba\u015fkan\u0131<\/p>\n","protected":false},"excerpt":{"rendered":"<p>Yunus Emre 700. Y\u0131l\u0131 Arma\u011fan\u0131 kitab\u0131nda onun b\u00fct\u00fcn y\u00f6nlerinin ve eserlerinin farkl\u0131 y\u00f6nleriyle ve lay\u0131k\u0131yla g\u00fcn\u00fcm\u00fcz\u00fcn bilimsel birikimi ve bilgi sistemati\u011fi i\u00e7inde yeniden ele al\u0131nmas\u0131 \u00f6nemli<span class=\"excerpt-hellip\"> [\u2026]<\/span><\/p>\n","protected":false},"featured_media":0,"template":"","meta":{"_monsterinsights_skip_tracking":false,"_monsterinsights_sitenote_active":false,"_monsterinsights_sitenote_note":"","_monsterinsights_sitenote_category":0},"product_brand":[],"product_cat":[12718,12719],"product_tag":[],"class_list":{"0":"post-758222","1":"product","2":"type-product","3":"status-publish","5":"product_cat-din","6":"product_cat-islam","7":"pa_cilt-ciltli","8":"pa_tur-kitap","9":"pa_yayinevi-ihlamur-kitap","10":"pa_yazar-ihlamur-kollektif","12":"first","13":"instock","14":"sale","15":"shipping-taxable","16":"purchasable","17":"product-type-simple"},"_links":{"self":[{"href":"https:\/\/roveyayinevi.com.tr\/index.php\/wp-json\/wp\/v2\/product\/758222","targetHints":{"allow":["GET"]}}],"collection":[{"href":"https:\/\/roveyayinevi.com.tr\/index.php\/wp-json\/wp\/v2\/product"}],"about":[{"href":"https:\/\/roveyayinevi.com.tr\/index.php\/wp-json\/wp\/v2\/types\/product"}],"wp:attachment":[{"href":"https:\/\/roveyayinevi.com.tr\/index.php\/wp-json\/wp\/v2\/media?parent=758222"}],"wp:term":[{"taxonomy":"product_brand","embeddable":true,"href":"https:\/\/roveyayinevi.com.tr\/index.php\/wp-json\/wp\/v2\/product_brand?post=758222"},{"taxonomy":"product_cat","embeddable":true,"href":"https:\/\/roveyayinevi.com.tr\/index.php\/wp-json\/wp\/v2\/product_cat?post=758222"},{"taxonomy":"product_tag","embeddable":true,"href":"https:\/\/roveyayinevi.com.tr\/index.php\/wp-json\/wp\/v2\/product_tag?post=758222"}],"curies":[{"name":"wp","href":"https:\/\/api.w.org\/{rel}","templated":true}]}}