{"id":758220,"date":"2025-08-28T07:58:20","date_gmt":"2025-08-28T04:58:20","guid":{"rendered":"https:\/\/roveyayinevi.com.tr\/index.php\/urun\/hal-duraklari-1\/"},"modified":"2026-04-16T03:11:19","modified_gmt":"2026-04-16T00:11:19","slug":"hal-duraklari-1","status":"publish","type":"product","link":"https:\/\/roveyayinevi.com.tr\/index.php\/urun\/hal-duraklari-1\/","title":{"rendered":"Hal Duraklar\u0131 1"},"content":{"rendered":"<p>\u201cH\u00e2l Duraklar\u0131\u201d serisine \u201cHissedili\u015f\u201d kitab\u0131m\u0131zla ba\u015fl\u0131yoruz. Kitapta yer alan yaz\u0131larda daha \u00e7ok yazar\u0131n hislerini bulacaks\u0131n\u0131z. G\u00fcn\u00fcm\u00fcz insan\u0131n\u0131n her dem \u00f6zlem duydu\u011fu, arzulad\u0131\u011f\u0131 d\u00fcnyadan kesitler sunan yazar okuyucuyu yeni bir ruh iklimine \u00e7a\u011f\u0131r\u0131yor. Sayfalar boyunca kendinizi bulaca\u011f\u0131n\u0131z sat\u0131rlardan bir kesit\u2026\u201cSokaklarda ba\u015f\u0131 \u00f6nde giden ve geceleri yava\u015f yava\u015f y\u00fcr\u00fcyen dalg\u0131n insanlar, sabah alacas\u0131nda seferden d\u00f6nen bal\u0131k\u00e7\u0131lar, kay\u0131klarda yap\u0131lan sohbetler, bir varilin i\u00e7inde yanan ate\u015fin etraf\u0131nda ellerindeki yiyece\u011fi birbirleriyle b\u00f6l\u00fc\u015fenler, s\u0131cakta ve so\u011fukta sokaklarda kuytular\u0131 mesken edinip kimi zaman onu dah\u00ee payla\u015fanlar, tarih\u00ee oldu\u011fu her h\u00e2linden belli fakat kenarda k\u00f6\u015fede saklan\u0131r gibi kalm\u0131\u015f \u0131ss\u0131z ibadeth\u00e2neler, l\u00e2leler ve karanfiller, a\u00e7\u0131l\u0131nca leyl\u00e2klar kapan\u0131nca ak\u015famsefalar\u0131, sadaka misali verilen mang\u0131rlara g\u00f6z ucuyla dah\u00ee bakmayan ve almayan g\u00f6nl\u00fc tok, ancak kendi a\u00e7 onurlu insanlar, Kanuni, Neyzen ve m\u0131zrapl\u0131 tambur \u00fcstatlar\u0131\u2026 Merkez Efendi Kabristan\u0131, Beyaz\u0131t, \u00c7emberlita\u015f, Salacak, \u00dcsk\u00fcdar ve Adalar, g\u00fcn\u00fcn son seferini yapan tren ve vapurlardaki yorgun sessizlik, sokaklarda yaln\u0131z dola\u015f\u0131rken, \u0131\u015f\u0131klar\u0131 pencerelerden yans\u0131yan kapal\u0131 perdelerin arkas\u0131nda hay\u00e2l etti\u011fi aile hayatlar\u0131 ve k\u00e2mil g\u00f6n\u00fcllerin k\u00e2mil dillerinde hayat bulan olgun sohbetler ve belki akl\u0131ma getiremedi\u011fim niceleri\u2026\u201d<\/p>\n","protected":false},"excerpt":{"rendered":"<p>\u201cH\u00e2l Duraklar\u0131\u201d serisine \u201cHissedili\u015f\u201d kitab\u0131m\u0131zla ba\u015fl\u0131yoruz. Kitapta yer alan yaz\u0131larda daha \u00e7ok yazar\u0131n hislerini bulacaks\u0131n\u0131z. G\u00fcn\u00fcm\u00fcz insan\u0131n\u0131n her dem \u00f6zlem duydu\u011fu, arzulad\u0131\u011f\u0131 d\u00fcnyadan kesitler sunan yazar<span class=\"excerpt-hellip\"> [\u2026]<\/span><\/p>\n","protected":false},"featured_media":0,"template":"","meta":{"_monsterinsights_skip_tracking":false,"_monsterinsights_sitenote_active":false,"_monsterinsights_sitenote_note":"","_monsterinsights_sitenote_category":0},"product_brand":[],"product_cat":[12777,12291],"product_tag":[],"class_list":{"0":"post-758220","1":"product","2":"type-product","3":"status-publish","5":"product_cat-deneme","6":"product_cat-edebiyat","7":"pa_cilt-ciltsiz","8":"pa_tur-kitap","9":"pa_yayinevi-ihlamur-kitap","10":"pa_yazar-tamer-bukulen","12":"first","13":"instock","14":"sale","15":"shipping-taxable","16":"purchasable","17":"product-type-simple"},"_links":{"self":[{"href":"https:\/\/roveyayinevi.com.tr\/index.php\/wp-json\/wp\/v2\/product\/758220","targetHints":{"allow":["GET"]}}],"collection":[{"href":"https:\/\/roveyayinevi.com.tr\/index.php\/wp-json\/wp\/v2\/product"}],"about":[{"href":"https:\/\/roveyayinevi.com.tr\/index.php\/wp-json\/wp\/v2\/types\/product"}],"wp:attachment":[{"href":"https:\/\/roveyayinevi.com.tr\/index.php\/wp-json\/wp\/v2\/media?parent=758220"}],"wp:term":[{"taxonomy":"product_brand","embeddable":true,"href":"https:\/\/roveyayinevi.com.tr\/index.php\/wp-json\/wp\/v2\/product_brand?post=758220"},{"taxonomy":"product_cat","embeddable":true,"href":"https:\/\/roveyayinevi.com.tr\/index.php\/wp-json\/wp\/v2\/product_cat?post=758220"},{"taxonomy":"product_tag","embeddable":true,"href":"https:\/\/roveyayinevi.com.tr\/index.php\/wp-json\/wp\/v2\/product_tag?post=758220"}],"curies":[{"name":"wp","href":"https:\/\/api.w.org\/{rel}","templated":true}]}}