{"id":758215,"date":"2025-08-28T07:58:10","date_gmt":"2025-08-28T04:58:10","guid":{"rendered":"https:\/\/roveyayinevi.com.tr\/index.php\/urun\/bahar\/"},"modified":"2026-04-16T03:11:19","modified_gmt":"2026-04-16T00:11:19","slug":"bahar","status":"publish","type":"product","link":"https:\/\/roveyayinevi.com.tr\/index.php\/urun\/bahar\/","title":{"rendered":"Bahar"},"content":{"rendered":"<p>\u0130brahim T\u0131\u011f\u2019\u0131n son \u00f6yk\u00fc kitab\u0131 olan \u201cBahar\u201d adl\u0131 eserinde 23 \u00f6yk\u00fc bulunmaktad\u0131r. \u0130brahim T\u0131\u011f\u2019\u0131n \u00f6yk\u00fc karakterleri ger\u00e7ek hayattan dev\u015firilmi\u015f, y\u00f6resel bir tav\u0131rla ele al\u0131nm\u0131\u015f bu da onu \u00f6yk\u00fcc\u00fcl\u00fck de ba\u015far\u0131l\u0131 k\u0131lm\u0131\u015ft\u0131r. \u00d6yk\u00fcde bu otantik ifadeleri ve bak\u0131\u015f a\u00e7\u0131lar\u0131 orijinalinden kopmadan g\u00fc\u00e7l\u00fc betimlemelerle bize yans\u0131tan T\u0131\u011f, tam da burada usta bir yazar\u0131n tasvir g\u00fcc\u00fcn\u00fc hissettirmektedir. \u00d6zellikle a\u015fk\u0131 dillendiren ifadeler enfes tarif edilmi\u015ftir. \u00d6yk\u00fclerinde Anadolu\u2019daki insanlar\u0131n geri kalm\u0131\u015fl\u0131\u011f\u0131n\u0131, cehaletini resmeden T\u0131\u011f, toplumsal olarak Anadolu insan\u0131n\u0131n beyninde ak\u0131l ve bilim d\u0131\u015f\u0131nda gelenek ve hurafelerin ne kadar yer etti\u011fini g\u00fczel bir bi\u00e7imde ifade etmi\u015ftir. Yazar ger\u00e7ek\u00e7i tasvir \u00fcslubunun yan\u0131 s\u0131ra \u00f6zellikle sosyolojik meseleleri kinayeli bir dilde yerli yerinde kullanarak bizlere mesaj vermektedir. Zonguldak\u2019l\u0131 olan T\u0131\u011f, b\u00f6lgenin k\u00fclt\u00fcrel bak\u0131\u015f vizyonudur, t\u0131pk\u0131 K\u0131rg\u0131zlar\u0131n \u201cbat\u0131ya a\u00e7\u0131lan penceresi\u201d Cengiz Aytmatov gibi Zonguldak\u2019\u0131n \u201cevrensele a\u00e7\u0131lan y\u00fcz\u00fc\u201d olmu\u015ftur ve esas\u0131nda bu b\u00f6lge i\u00e7in \u00e7ok \u00f6nemli bir kazan\u00e7t\u0131r.   <\/p>\n","protected":false},"excerpt":{"rendered":"<p>\u0130brahim T\u0131\u011f\u2019\u0131n son \u00f6yk\u00fc kitab\u0131 olan \u201cBahar\u201d adl\u0131 eserinde 23 \u00f6yk\u00fc bulunmaktad\u0131r. \u0130brahim T\u0131\u011f\u2019\u0131n \u00f6yk\u00fc karakterleri ger\u00e7ek hayattan dev\u015firilmi\u015f, y\u00f6resel bir tav\u0131rla ele al\u0131nm\u0131\u015f bu da<span class=\"excerpt-hellip\"> [\u2026]<\/span><\/p>\n","protected":false},"featured_media":0,"template":"","meta":{"_monsterinsights_skip_tracking":false,"_monsterinsights_sitenote_active":false,"_monsterinsights_sitenote_note":"","_monsterinsights_sitenote_category":0},"product_brand":[],"product_cat":[12291,12711],"product_tag":[],"class_list":{"0":"post-758215","1":"product","2":"type-product","3":"status-publish","5":"product_cat-edebiyat","6":"product_cat-roman-oyku","7":"pa_cilt-ciltsiz","8":"pa_tur-kitap","9":"pa_yayinevi-myrina-yayinlari","10":"pa_yazar-ibrahim-tig","12":"first","13":"instock","14":"sale","15":"shipping-taxable","16":"purchasable","17":"product-type-simple"},"_links":{"self":[{"href":"https:\/\/roveyayinevi.com.tr\/index.php\/wp-json\/wp\/v2\/product\/758215","targetHints":{"allow":["GET"]}}],"collection":[{"href":"https:\/\/roveyayinevi.com.tr\/index.php\/wp-json\/wp\/v2\/product"}],"about":[{"href":"https:\/\/roveyayinevi.com.tr\/index.php\/wp-json\/wp\/v2\/types\/product"}],"wp:attachment":[{"href":"https:\/\/roveyayinevi.com.tr\/index.php\/wp-json\/wp\/v2\/media?parent=758215"}],"wp:term":[{"taxonomy":"product_brand","embeddable":true,"href":"https:\/\/roveyayinevi.com.tr\/index.php\/wp-json\/wp\/v2\/product_brand?post=758215"},{"taxonomy":"product_cat","embeddable":true,"href":"https:\/\/roveyayinevi.com.tr\/index.php\/wp-json\/wp\/v2\/product_cat?post=758215"},{"taxonomy":"product_tag","embeddable":true,"href":"https:\/\/roveyayinevi.com.tr\/index.php\/wp-json\/wp\/v2\/product_tag?post=758215"}],"curies":[{"name":"wp","href":"https:\/\/api.w.org\/{rel}","templated":true}]}}