{"id":758214,"date":"2025-08-28T07:58:08","date_gmt":"2025-08-28T04:58:08","guid":{"rendered":"https:\/\/roveyayinevi.com.tr\/index.php\/urun\/farkina-varanlar\/"},"modified":"2026-04-16T03:11:19","modified_gmt":"2026-04-16T00:11:19","slug":"farkina-varanlar","status":"publish","type":"product","link":"https:\/\/roveyayinevi.com.tr\/index.php\/urun\/farkina-varanlar\/","title":{"rendered":"Fark\u0131na Varanlar"},"content":{"rendered":"<p>Yelda T\u00fcrko\u011flu bu roman\u0131yla, bizim hep hayal etti\u011fimiz ama hi\u00e7bir zaman yapamad\u0131\u011f\u0131m\u0131z\/ya\u015fayamad\u0131\u011f\u0131m\u0131z bir d\u00fcnyaya g\u00f6nderiyor. Buras\u0131 kentlerde ya\u015fayan, modern insan diye tabir etti\u011fimiz insanlardan olu\u015fan bir k\u00f6y. Ger\u00e7ek Ya\u015fam K\u00f6y\u00fc. Kent hayat\u0131n\u0131n ke\u015fmeke\u015fli\u011finden, samimiyetsizli\u011finden, h\u0131z\u0131ndan ve mutsuz insan y\u0131\u011f\u0131nlar\u0131ndan kurtulmak, do\u011fa ile i\u00e7 i\u00e7e, huzurlu, kaliteli, bir ya\u015fam kurmak isteyenlerin olu\u015fturdu\u011fu yeni bir ya\u015fam tarz\u0131. Mutluluk aray\u0131\u015f\u0131n\u0131n son buldu\u011fu yer. \u0130nsan de\u011fi\u015fti mi, \u00f6z\u00fcne d\u00f6nd\u00fc m\u00fc t\u00fcm d\u00fcnya de\u011fi\u015fir. Ruhlar huzur bulur, mutluluk aray\u0131\u015f\u0131 nihayete erer. Bu insan eliyle kirletilmi\u015f do\u011fa bile kendine gelir. Yeter ki biz \u00f6nce kendimize bakal\u0131m, kendimizi g\u00f6relim ama bir ki\u015fi de\u011fil, hepimiz, d\u00fcnyadaki herkes. Yanl\u0131\u015flar\u0131m\u0131z\u0131 g\u00f6relim ve bu yanl\u0131\u015flar\u0131 d\u00fczeltmek i\u00e7in neler yapabilece\u011fimize bakal\u0131m. \u0130\u015fte, Ger\u00e7ek Ya\u015fam K\u00f6y\u00fc, bunu ger\u00e7ekle\u015ftirebilen insanlar taraf\u0131ndan kurulmu\u015ftur. Nas\u0131l m\u0131?\u2026   <\/p>\n","protected":false},"excerpt":{"rendered":"<p>Yelda T\u00fcrko\u011flu bu roman\u0131yla, bizim hep hayal etti\u011fimiz ama hi\u00e7bir zaman yapamad\u0131\u011f\u0131m\u0131z\/ya\u015fayamad\u0131\u011f\u0131m\u0131z bir d\u00fcnyaya g\u00f6nderiyor. Buras\u0131 kentlerde ya\u015fayan, modern insan diye tabir etti\u011fimiz insanlardan olu\u015fan bir<span class=\"excerpt-hellip\"> [\u2026]<\/span><\/p>\n","protected":false},"featured_media":0,"template":"","meta":{"_monsterinsights_skip_tracking":false,"_monsterinsights_sitenote_active":false,"_monsterinsights_sitenote_note":"","_monsterinsights_sitenote_category":0},"product_brand":[],"product_cat":[12291,12711],"product_tag":[],"class_list":{"0":"post-758214","1":"product","2":"type-product","3":"status-publish","5":"product_cat-edebiyat","6":"product_cat-roman-oyku","7":"pa_cilt-ciltsiz","8":"pa_tur-kitap","9":"pa_yayinevi-myrina-yayinlari","10":"pa_yazar-yelda-turkoglu","12":"first","13":"instock","14":"sale","15":"shipping-taxable","16":"purchasable","17":"product-type-simple"},"_links":{"self":[{"href":"https:\/\/roveyayinevi.com.tr\/index.php\/wp-json\/wp\/v2\/product\/758214","targetHints":{"allow":["GET"]}}],"collection":[{"href":"https:\/\/roveyayinevi.com.tr\/index.php\/wp-json\/wp\/v2\/product"}],"about":[{"href":"https:\/\/roveyayinevi.com.tr\/index.php\/wp-json\/wp\/v2\/types\/product"}],"wp:attachment":[{"href":"https:\/\/roveyayinevi.com.tr\/index.php\/wp-json\/wp\/v2\/media?parent=758214"}],"wp:term":[{"taxonomy":"product_brand","embeddable":true,"href":"https:\/\/roveyayinevi.com.tr\/index.php\/wp-json\/wp\/v2\/product_brand?post=758214"},{"taxonomy":"product_cat","embeddable":true,"href":"https:\/\/roveyayinevi.com.tr\/index.php\/wp-json\/wp\/v2\/product_cat?post=758214"},{"taxonomy":"product_tag","embeddable":true,"href":"https:\/\/roveyayinevi.com.tr\/index.php\/wp-json\/wp\/v2\/product_tag?post=758214"}],"curies":[{"name":"wp","href":"https:\/\/api.w.org\/{rel}","templated":true}]}}