{"id":758213,"date":"2025-08-28T07:58:06","date_gmt":"2025-08-28T04:58:06","guid":{"rendered":"https:\/\/roveyayinevi.com.tr\/index.php\/urun\/mufide-guzin-anadol-butun-siirleri\/"},"modified":"2026-04-16T03:11:19","modified_gmt":"2026-04-16T00:11:19","slug":"mufide-guzin-anadol-butun-siirleri","status":"publish","type":"product","link":"https:\/\/roveyayinevi.com.tr\/index.php\/urun\/mufide-guzin-anadol-butun-siirleri\/","title":{"rendered":"M\u00fcfide G\u00fczin Anadol: B\u00fct\u00fcn \u015eiirleri"},"content":{"rendered":"<p>\u015eair ve yazar M\u00fcfide G\u00fczin Anadol 12 Ocak 1925 tarihinde Arapsun\u2019da do\u011fdu. Aslen Devreklidir. \u0130stanbul \u00dcniversitesi Edebiyat Fak\u00fcltesi, T\u00fcrkoloji B\u00f6l\u00fcm\u00fc\u2019n\u00fc bitirdi. Anadol\u2019un ilk \u015fiirleri Kaynak dergisinde yay\u0131nland\u0131. \u015eiir ve \u00f6yk\u00fclerinde \u00f6\u011fretmen olarak g\u00f6rev yapt\u0131\u011f\u0131 Devrek\u2019in, meyve a\u011fa\u00e7lar\u0131 ile dolu bah\u00e7eli tahta evleri, yemye\u015fil dokusu, \u00fcnl\u00fc \u0131rma\u011f\u0131 ile k\u00fc\u00e7\u00fck kasaba ya\u015fam\u0131ndan \u00e7izgiler bulunur. \u00d6yk\u00fclerinde, birbirinin s\u0131rt\u0131na yaslanan tahta evlerden \u00e7ok, evlerin i\u00e7indeki haleti ruhiyeyi ve bu evlere tutunarak ya\u015fayan insanlar\u0131 anlat\u0131r. \u00c7\u00fcnk\u00fc yazara g\u00f6re bu evler canl\u0131d\u0131r, ya\u015farlar ve \u00f6l\u00fcrler. M\u00fcfide G\u00fczin Anadol, 13 \u015eubat 2005 g\u00fcn\u00fc seksen ya\u015f\u0131nda aram\u0131zdan ayr\u0131ld\u0131. Bu \u015fiir kitab\u0131ndan daha \u00f6nce yay\u0131mlanm\u0131\u015f olan \u015fiirleriyle, Ara\u015ft\u0131rmac\u0131 Yazar \u0130brahim T\u0131\u011f taraf\u0131ndan tespit edilen yay\u0131mlanm\u0131\u015f 39 yeni \u015fiiri bulunmaktad\u0131r. <\/p>\n","protected":false},"excerpt":{"rendered":"<p>\u015eair ve yazar M\u00fcfide G\u00fczin Anadol 12 Ocak 1925 tarihinde Arapsun\u2019da do\u011fdu. Aslen Devreklidir. \u0130stanbul \u00dcniversitesi Edebiyat Fak\u00fcltesi, T\u00fcrkoloji B\u00f6l\u00fcm\u00fc\u2019n\u00fc bitirdi. Anadol\u2019un ilk \u015fiirleri Kaynak dergisinde<span class=\"excerpt-hellip\"> [\u2026]<\/span><\/p>\n","protected":false},"featured_media":0,"template":"","meta":{"_monsterinsights_skip_tracking":false,"_monsterinsights_sitenote_active":false,"_monsterinsights_sitenote_note":"","_monsterinsights_sitenote_category":0},"product_brand":[],"product_cat":[12291,12509],"product_tag":[],"class_list":{"0":"post-758213","1":"product","2":"type-product","3":"status-publish","5":"product_cat-edebiyat","6":"product_cat-siir","7":"pa_cilt-ciltsiz","8":"pa_tur-kitap","9":"pa_yayinevi-myrina-yayinlari","10":"pa_yazar-mufide-guzin-anadol","12":"first","13":"instock","14":"sale","15":"shipping-taxable","16":"purchasable","17":"product-type-simple"},"_links":{"self":[{"href":"https:\/\/roveyayinevi.com.tr\/index.php\/wp-json\/wp\/v2\/product\/758213","targetHints":{"allow":["GET"]}}],"collection":[{"href":"https:\/\/roveyayinevi.com.tr\/index.php\/wp-json\/wp\/v2\/product"}],"about":[{"href":"https:\/\/roveyayinevi.com.tr\/index.php\/wp-json\/wp\/v2\/types\/product"}],"wp:attachment":[{"href":"https:\/\/roveyayinevi.com.tr\/index.php\/wp-json\/wp\/v2\/media?parent=758213"}],"wp:term":[{"taxonomy":"product_brand","embeddable":true,"href":"https:\/\/roveyayinevi.com.tr\/index.php\/wp-json\/wp\/v2\/product_brand?post=758213"},{"taxonomy":"product_cat","embeddable":true,"href":"https:\/\/roveyayinevi.com.tr\/index.php\/wp-json\/wp\/v2\/product_cat?post=758213"},{"taxonomy":"product_tag","embeddable":true,"href":"https:\/\/roveyayinevi.com.tr\/index.php\/wp-json\/wp\/v2\/product_tag?post=758213"}],"curies":[{"name":"wp","href":"https:\/\/api.w.org\/{rel}","templated":true}]}}