{"id":758212,"date":"2025-08-28T07:58:04","date_gmt":"2025-08-28T04:58:04","guid":{"rendered":"https:\/\/roveyayinevi.com.tr\/index.php\/urun\/turk-siirinin-ses-bayragi-arif-nihat-asya\/"},"modified":"2026-04-16T03:11:19","modified_gmt":"2026-04-16T00:11:19","slug":"turk-siirinin-ses-bayragi-arif-nihat-asya","status":"publish","type":"product","link":"https:\/\/roveyayinevi.com.tr\/index.php\/urun\/turk-siirinin-ses-bayragi-arif-nihat-asya\/","title":{"rendered":"T\u00fcrk \u015eiirinin Ses Bayra\u011f\u0131 Arif Nihat Asya"},"content":{"rendered":"<p>Edebiyat\u0131m\u0131zda Bayrak \u015fairi olarak an\u0131lan Arif Nihat Asya, Bayrak \u015fiiriyle T\u00fcrk edebiyat\u0131ndaki en g\u00fczel bayrak \u015fiirlerinden birine imza atar. Asya, ayr\u0131ca mazi ile bug\u00fcn\u00fc bulu\u015fturdu\u011fu, T\u00fcrk tarihinin en \u00f6nemli olaylar\u0131ndan biri olan \u0130stanbul\u2019un fethini anlatt\u0131\u011f\u0131 Fetih Mar\u015f\u0131 ve tasavvufun etkisiyle Hz. Muhammed\u2019e duydu\u011fu b\u00fcy\u00fck hayranl\u0131\u011f\u0131n sonucunda kaleme ald\u0131\u011f\u0131 Naat \u015fiiriyle g\u00fcn\u00fcm\u00fczde h\u00e2l\u00e2 ad\u0131ndan s\u00f6z ettiren sanat\u00e7\u0131lardand\u0131r. Asya, yaln\u0131zca bir \u015fair de\u011fildir. O ayn\u0131 zamanda \u00f6\u011fretmen, gazeteci ve milletvekillidir. Onun bu \u00e7ok y\u00f6nl\u00fc taraf\u0131 sanat\u0131na da yans\u0131r. Sanat\u00e7\u0131, yazm\u0131\u015f oldu\u011fu mensur \u015fiirleriyle, \u00f6zellikle i\u00e7 ve d\u0131\u015f siyaseti konu alan f\u0131kralar\u0131yla, sosyal tenkitin bolca yer ald\u0131\u011f\u0131 gazete yaz\u0131lar\u0131yla, mektuplar\u0131, vecize, n\u00fckte ve hiciv \u00f6zelli\u011fi ta\u015f\u0131yan k\u0131sa nesirleriyle ayn\u0131 zamanda bir fikir ve k\u00fclt\u00fcr adam\u0131d\u0131r. Sanat\u0131, hayat\u0131n\u0131n bir par\u00e7as\u0131 h\u00e2line getiren \u015fair, 1920\u2019li y\u0131llardan vefat\u0131na kadar ge\u00e7en elli be\u015f y\u0131ll\u0131k s\u00fcre\u00e7te \u015fiirden ve nesirden hi\u00e7 kopmaz. \u00d6yle ki g\u00fcn\u00fcm\u00fczde de T\u00fcrk \u015fiirinin ses bayra\u011f\u0131n\u0131 h\u00e2l\u00e2 ayn\u0131 ihti\u015famla dalgaland\u0131rmaya devam eder.<\/p>\n","protected":false},"excerpt":{"rendered":"<p>Edebiyat\u0131m\u0131zda Bayrak \u015fairi olarak an\u0131lan Arif Nihat Asya, Bayrak \u015fiiriyle T\u00fcrk edebiyat\u0131ndaki en g\u00fczel bayrak \u015fiirlerinden birine imza atar. Asya, ayr\u0131ca mazi ile bug\u00fcn\u00fc bulu\u015fturdu\u011fu, T\u00fcrk<span class=\"excerpt-hellip\"> [\u2026]<\/span><\/p>\n","protected":false},"featured_media":0,"template":"","meta":{"_monsterinsights_skip_tracking":false,"_monsterinsights_sitenote_active":false,"_monsterinsights_sitenote_note":"","_monsterinsights_sitenote_category":0},"product_brand":[],"product_cat":[14009,12291],"product_tag":[],"class_list":{"0":"post-758212","1":"product","2":"type-product","3":"status-publish","5":"product_cat-biyografi-otobiyografi-edebiyat","6":"product_cat-edebiyat","7":"pa_cilt-ciltsiz","8":"pa_tur-kitap","9":"pa_yayinevi-ihlamur-akademi","10":"pa_yazar-ayse-tepebasi","12":"first","13":"instock","14":"sale","15":"shipping-taxable","16":"purchasable","17":"product-type-simple"},"_links":{"self":[{"href":"https:\/\/roveyayinevi.com.tr\/index.php\/wp-json\/wp\/v2\/product\/758212","targetHints":{"allow":["GET"]}}],"collection":[{"href":"https:\/\/roveyayinevi.com.tr\/index.php\/wp-json\/wp\/v2\/product"}],"about":[{"href":"https:\/\/roveyayinevi.com.tr\/index.php\/wp-json\/wp\/v2\/types\/product"}],"wp:attachment":[{"href":"https:\/\/roveyayinevi.com.tr\/index.php\/wp-json\/wp\/v2\/media?parent=758212"}],"wp:term":[{"taxonomy":"product_brand","embeddable":true,"href":"https:\/\/roveyayinevi.com.tr\/index.php\/wp-json\/wp\/v2\/product_brand?post=758212"},{"taxonomy":"product_cat","embeddable":true,"href":"https:\/\/roveyayinevi.com.tr\/index.php\/wp-json\/wp\/v2\/product_cat?post=758212"},{"taxonomy":"product_tag","embeddable":true,"href":"https:\/\/roveyayinevi.com.tr\/index.php\/wp-json\/wp\/v2\/product_tag?post=758212"}],"curies":[{"name":"wp","href":"https:\/\/api.w.org\/{rel}","templated":true}]}}