{"id":758211,"date":"2025-08-28T07:58:02","date_gmt":"2025-08-28T04:58:02","guid":{"rendered":"https:\/\/roveyayinevi.com.tr\/index.php\/urun\/manisa-agizlari-calisma-gunlugu\/"},"modified":"2026-04-16T03:11:19","modified_gmt":"2026-04-16T00:11:19","slug":"manisa-agizlari-calisma-gunlugu","status":"publish","type":"product","link":"https:\/\/roveyayinevi.com.tr\/index.php\/urun\/manisa-agizlari-calisma-gunlugu\/","title":{"rendered":"\u201cManisa A\u011f\u0131zlar\u0131\u201d \u00c7al\u0131\u015fma G\u00fcnl\u00fc\u011f\u00fc"},"content":{"rendered":"<p>Projenin tamamlanma \u00f6ncesi, metinlerin s\u0131ralanmas\u0131, numaraland\u0131rma, metin kutular\u0131n\u0131n d\u00fczenlenmesi, kar\u015f\u0131ma \u00e7\u0131kan meselelerle ilgili g\u00f6r\u00fc\u015flerim; bilgisayar kar\u015f\u0131s\u0131ndaki teknik zay\u0131fl\u0131\u011f\u0131m, de\u015fifre s\u0131ras\u0131ndaki yorucu zamanlar; metinlerin fontlarla i\u015faretlenmesi ve kontrol s\u00fcrecinde ses kay\u0131tlar\u0131n\u0131 defalarca dinlemeler. Ve kitab\u0131n ayr\u0131nt\u0131l\u0131 bir gramer olabilmesi i\u00e7in b\u00fct\u00fcn metinleri kelime kelime, sat\u0131r sat\u0131r, paragraf paragraf fi\u015flemeye ba\u015flad\u0131\u011f\u0131m ve kutsal bir i\u015fe ba\u015flar gibi giyindi\u011fim azim ve kararl\u0131l\u0131k giysileri. Tanr\u0131yla konu\u015fmalar\u0131m; ona elimi uzat\u0131\u015f\u0131m\u2026  B\u00fct\u00fcn bunlar\u0131n o andaki kay\u0131tlar\u0131 ve k\u0131saca pek \u00e7ok konu \u00fczerinde d\u00fc\u015f\u00fcnce ve duygular\u0131m var bu g\u00fcnl\u00fckte. Kendi g\u00fcndelik ve \u00f6zel ya\u015fant\u0131m, mesleki \u00e7al\u0131\u015fmalar\u0131m, okul, dersler, evim ve i\u015flerim. Sizi bir bilimsel eserin \u00e7al\u0131\u015fma g\u00fcnl\u00fc\u011f\u00fc ile ba\u015f ba\u015fa b\u0131rak\u0131yorum.<\/p>\n","protected":false},"excerpt":{"rendered":"<p>Projenin tamamlanma \u00f6ncesi, metinlerin s\u0131ralanmas\u0131, numaraland\u0131rma, metin kutular\u0131n\u0131n d\u00fczenlenmesi, kar\u015f\u0131ma \u00e7\u0131kan meselelerle ilgili g\u00f6r\u00fc\u015flerim; bilgisayar kar\u015f\u0131s\u0131ndaki teknik zay\u0131fl\u0131\u011f\u0131m, de\u015fifre s\u0131ras\u0131ndaki yorucu zamanlar; metinlerin fontlarla i\u015faretlenmesi ve<span class=\"excerpt-hellip\"> [\u2026]<\/span><\/p>\n","protected":false},"featured_media":0,"template":"","meta":{"_monsterinsights_skip_tracking":false,"_monsterinsights_sitenote_active":false,"_monsterinsights_sitenote_note":"","_monsterinsights_sitenote_category":0},"product_brand":[],"product_cat":[13701,12291],"product_tag":[],"class_list":{"0":"post-758211","1":"product","2":"type-product","3":"status-publish","5":"product_cat-ani-mektup-gunluk","6":"product_cat-edebiyat","7":"pa_cilt-ciltsiz","8":"pa_tur-kitap","9":"pa_yayinevi-ihlamur-akademi","10":"pa_yazar-ayse-ilker","12":"first","13":"instock","14":"sale","15":"shipping-taxable","16":"purchasable","17":"product-type-simple"},"_links":{"self":[{"href":"https:\/\/roveyayinevi.com.tr\/index.php\/wp-json\/wp\/v2\/product\/758211","targetHints":{"allow":["GET"]}}],"collection":[{"href":"https:\/\/roveyayinevi.com.tr\/index.php\/wp-json\/wp\/v2\/product"}],"about":[{"href":"https:\/\/roveyayinevi.com.tr\/index.php\/wp-json\/wp\/v2\/types\/product"}],"wp:attachment":[{"href":"https:\/\/roveyayinevi.com.tr\/index.php\/wp-json\/wp\/v2\/media?parent=758211"}],"wp:term":[{"taxonomy":"product_brand","embeddable":true,"href":"https:\/\/roveyayinevi.com.tr\/index.php\/wp-json\/wp\/v2\/product_brand?post=758211"},{"taxonomy":"product_cat","embeddable":true,"href":"https:\/\/roveyayinevi.com.tr\/index.php\/wp-json\/wp\/v2\/product_cat?post=758211"},{"taxonomy":"product_tag","embeddable":true,"href":"https:\/\/roveyayinevi.com.tr\/index.php\/wp-json\/wp\/v2\/product_tag?post=758211"}],"curies":[{"name":"wp","href":"https:\/\/api.w.org\/{rel}","templated":true}]}}