{"id":758210,"date":"2025-08-28T07:58:00","date_gmt":"2025-08-28T04:58:00","guid":{"rendered":"https:\/\/roveyayinevi.com.tr\/index.php\/urun\/ii-mesrutiyet-donemi-turk-romaninda-meslekler-1908-1920\/"},"modified":"2026-04-06T03:24:24","modified_gmt":"2026-04-06T00:24:24","slug":"ii-mesrutiyet-donemi-turk-romaninda-meslekler-1908-1920","status":"publish","type":"product","link":"https:\/\/roveyayinevi.com.tr\/index.php\/urun\/ii-mesrutiyet-donemi-turk-romaninda-meslekler-1908-1920\/","title":{"rendered":"II. Me\u015frutiyet D\u00f6nemi T\u00fcrk Roman\u0131nda Meslekler  (1908-1920)"},"content":{"rendered":"<p>II. Me\u015frutiyet\u2019in ilan\u0131yla birlikte T\u00fcrk edebiyat\u0131 hem yay\u0131mlanan edeb\u00ee t\u00fcrler hem de i\u015flenen konular bak\u0131m\u0131ndan zenginle\u015fir. Sans\u00fcr bask\u0131s\u0131n\u0131n ortadan kalkmas\u0131 toplumsal meselelerin \u00f6zellikle roman t\u00fcr\u00fcnde g\u00f6r\u00fcn\u00fcr h\u00e2le gelmesine vesile olur. Bir yandan, 20. y\u00fczy\u0131l ba\u015flar\u0131nda tart\u0131\u015f\u0131lan sosyolojik olgular di\u011fer yandan Osmanl\u0131 \u0130mparatorlu\u011fu\u2019nun i\u00e7inde bulundu\u011fu \u00e7\u00f6z\u00fclme s\u00fcreci, hukukun, art arda girilen sava\u015flar\u0131n, g\u00fcndelik hayat\u0131n, insan haklar\u0131n\u0131n, toplumsal s\u0131n\u0131flar\u0131n konu\u015fulmas\u0131n\u0131 zorunlu k\u0131lar. Bireylerin meslekleriyle tan\u0131mlanmas\u0131 ve s\u0131n\u0131rlar\u0131 belirginle\u015fen sosyal tabakalar\u0131n g\u00fcndelik hayatta birbirleriyle kar\u015f\u0131la\u015fmas\u0131 romanc\u0131 i\u00e7in ideal bir \u00e7at\u0131\u015fma unsuru olarak \u00f6ne \u00e7\u0131kar. Dolay\u0131s\u0131yla II. Me\u015frutiyet d\u00f6neminde yaz\u0131lan romanlarda rastlanan meslekler, toplum hayat\u0131n\u0131 yans\u0131tmak bak\u0131m\u0131ndan \u00f6nemli bir g\u00f6sterge de\u011feri kazan\u0131r. Bu kitapta, II. Me\u015frutiyet d\u00f6neminde yaz\u0131lan ve bibliyografyalara roman t\u00fcr\u00fcnde kay\u0131tlanan edeb\u00ee eserler taranarak \u00e7al\u0131\u015fman\u0131n \u00f6l\u00e7\u00fctlerine uygun olanlar, mesleklerin kurgudaki i\u015flev ve g\u00f6r\u00fcn\u00fcmleri a\u00e7\u0131s\u0131ndan incelenmi\u015ftir.<\/p>\n","protected":false},"excerpt":{"rendered":"<p>II. Me\u015frutiyet\u2019in ilan\u0131yla birlikte T\u00fcrk edebiyat\u0131 hem yay\u0131mlanan edeb\u00ee t\u00fcrler hem de i\u015flenen konular bak\u0131m\u0131ndan zenginle\u015fir. Sans\u00fcr bask\u0131s\u0131n\u0131n ortadan kalkmas\u0131 toplumsal meselelerin \u00f6zellikle roman t\u00fcr\u00fcnde g\u00f6r\u00fcn\u00fcr<span class=\"excerpt-hellip\"> [\u2026]<\/span><\/p>\n","protected":false},"featured_media":0,"template":"","meta":{"_monsterinsights_skip_tracking":false,"_monsterinsights_sitenote_active":false,"_monsterinsights_sitenote_note":"","_monsterinsights_sitenote_category":0},"product_brand":[],"product_cat":[13072,12291],"product_tag":[],"class_list":{"0":"post-758210","1":"product","2":"type-product","3":"status-publish","5":"product_cat-arastirma-inceleme-referans","6":"product_cat-edebiyat","7":"pa_cilt-ciltsiz","8":"pa_tur-kitap","9":"pa_yayinevi-ihlamur-akademi","10":"pa_yazar-merve-akbas","12":"first","13":"instock","14":"sale","15":"shipping-taxable","16":"purchasable","17":"product-type-simple"},"_links":{"self":[{"href":"https:\/\/roveyayinevi.com.tr\/index.php\/wp-json\/wp\/v2\/product\/758210","targetHints":{"allow":["GET"]}}],"collection":[{"href":"https:\/\/roveyayinevi.com.tr\/index.php\/wp-json\/wp\/v2\/product"}],"about":[{"href":"https:\/\/roveyayinevi.com.tr\/index.php\/wp-json\/wp\/v2\/types\/product"}],"wp:attachment":[{"href":"https:\/\/roveyayinevi.com.tr\/index.php\/wp-json\/wp\/v2\/media?parent=758210"}],"wp:term":[{"taxonomy":"product_brand","embeddable":true,"href":"https:\/\/roveyayinevi.com.tr\/index.php\/wp-json\/wp\/v2\/product_brand?post=758210"},{"taxonomy":"product_cat","embeddable":true,"href":"https:\/\/roveyayinevi.com.tr\/index.php\/wp-json\/wp\/v2\/product_cat?post=758210"},{"taxonomy":"product_tag","embeddable":true,"href":"https:\/\/roveyayinevi.com.tr\/index.php\/wp-json\/wp\/v2\/product_tag?post=758210"}],"curies":[{"name":"wp","href":"https:\/\/api.w.org\/{rel}","templated":true}]}}