{"id":758209,"date":"2025-08-28T07:57:58","date_gmt":"2025-08-28T04:57:58","guid":{"rendered":"https:\/\/roveyayinevi.com.tr\/index.php\/urun\/hikayeden-romana\/"},"modified":"2026-04-16T03:11:19","modified_gmt":"2026-04-16T00:11:19","slug":"hikayeden-romana","status":"publish","type":"product","link":"https:\/\/roveyayinevi.com.tr\/index.php\/urun\/hikayeden-romana\/","title":{"rendered":"Hikaye\u2019den Roman\u2019a"},"content":{"rendered":"<p>Hik\u00e2ye\u2019den Roman\u2019a: Anlatma Esas\u0131na Ba\u011fl\u0131 Metinler \u00dczerine \u0130ncelemeler adl\u0131 bu kitap, Servet-i F\u00fcn\u00fbn d\u00f6neminden g\u00fcn\u00fcm\u00fcze kadar baz\u0131 yazarlar\u0131m\u0131z\u0131n roman ve hik\u00e2yelerinin incelemelerinden olu\u015fuyor. \u00c7al\u0131\u015fman\u0131n \u2018Hik\u00e2ye\u2019den\u2019 adl\u0131 ilk b\u00f6l\u00fcm\u00fcnde; Halit Ziya U\u015fakl\u0131gil\u2019den Halide Edip Ad\u0131var\u2019a, Re\u015fat Nuri G\u00fcntekin\u2019den Yakup Kadri Karaosmano\u011flu\u2019na, Refik Halit Karay\u2019dan Sait Faik Abas\u0131yan\u0131k\u2019a, Necip Faz\u0131l K\u0131sak\u00fcrek\u2019ten Sezai Karako\u00e7\u2019a, Ya\u015far Kemal\u2019den Mustafa \u00c7ift\u00e7i\u2019ye kadar bir\u00e7ok ismin hik\u00e2yeleri \u00fczerine de\u011ferlendirmeler yap\u0131l\u0131yor. Ayr\u0131ca Osman Zeki \u00d6zturanl\u0131 ve Necati G\u00fcng\u00f6r\u2019\u00fcn hik\u00e2yecili\u011fine de geni\u015f olarak bak\u0131l\u0131yor. \u2018Roman\u2019a\u2019 ad\u0131n\u0131 ta\u015f\u0131yan ikinci b\u00f6l\u00fcm\u00fcnde ise Peyami Safa\u2019dan Orhan Kemal\u2019e, Suat Dervi\u015f\u2019ten Oktay Akbal\u2019a, Enver Behnan \u015eapolyo\u2019dan Burhan G\u00fcnel\u2019e farkl\u0131 yazarlar\u0131m\u0131z\u0131n baz\u0131 romanlar\u0131 \u00e7e\u015fitli bak\u0131\u015f a\u00e7\u0131lar\u0131 ile ele al\u0131n\u0131yor. Ayr\u0131ca Bekir B\u00fcy\u00fckark\u0131n\u2019\u0131n romanlar\u0131 genel olarak de\u011ferlendirilirken \u0130smail Bilgin\u2019in romanlar\u0131 da \u015fah\u0131slar kadrosu etraf\u0131nda inceleniyor. Kitapta yer alan yaz\u0131lar ile \u00e7a\u011fda\u015f T\u00fcrk edebiyat\u0131n\u0131n \u00f6nemli yazarlar\u0131n\u0131n roman ve hik\u00e2yeleri, farkl\u0131 unsurlar etraf\u0131nda ele al\u0131n\u0131p yorumlanmakta b\u00f6ylece roman ve hik\u00e2ye yazarlar\u0131m\u0131z\u0131n anlat\u0131m ufuklar\u0131na bir yolculuk yap\u0131lmaktad\u0131r.<\/p>\n","protected":false},"excerpt":{"rendered":"<p>Hik\u00e2ye\u2019den Roman\u2019a: Anlatma Esas\u0131na Ba\u011fl\u0131 Metinler \u00dczerine \u0130ncelemeler adl\u0131 bu kitap, Servet-i F\u00fcn\u00fbn d\u00f6neminden g\u00fcn\u00fcm\u00fcze kadar baz\u0131 yazarlar\u0131m\u0131z\u0131n roman ve hik\u00e2yelerinin incelemelerinden olu\u015fuyor. \u00c7al\u0131\u015fman\u0131n \u2018Hik\u00e2ye\u2019den\u2019 adl\u0131<span class=\"excerpt-hellip\"> [\u2026]<\/span><\/p>\n","protected":false},"featured_media":0,"template":"","meta":{"_monsterinsights_skip_tracking":false,"_monsterinsights_sitenote_active":false,"_monsterinsights_sitenote_note":"","_monsterinsights_sitenote_category":0},"product_brand":[],"product_cat":[13072,12291],"product_tag":[],"class_list":{"0":"post-758209","1":"product","2":"type-product","3":"status-publish","5":"product_cat-arastirma-inceleme-referans","6":"product_cat-edebiyat","7":"pa_cilt-ciltsiz","8":"pa_tur-kitap","9":"pa_yayinevi-ihlamur-akademi","10":"pa_yazar-fatih-sakalli","12":"first","13":"instock","14":"sale","15":"shipping-taxable","16":"purchasable","17":"product-type-simple"},"_links":{"self":[{"href":"https:\/\/roveyayinevi.com.tr\/index.php\/wp-json\/wp\/v2\/product\/758209","targetHints":{"allow":["GET"]}}],"collection":[{"href":"https:\/\/roveyayinevi.com.tr\/index.php\/wp-json\/wp\/v2\/product"}],"about":[{"href":"https:\/\/roveyayinevi.com.tr\/index.php\/wp-json\/wp\/v2\/types\/product"}],"wp:attachment":[{"href":"https:\/\/roveyayinevi.com.tr\/index.php\/wp-json\/wp\/v2\/media?parent=758209"}],"wp:term":[{"taxonomy":"product_brand","embeddable":true,"href":"https:\/\/roveyayinevi.com.tr\/index.php\/wp-json\/wp\/v2\/product_brand?post=758209"},{"taxonomy":"product_cat","embeddable":true,"href":"https:\/\/roveyayinevi.com.tr\/index.php\/wp-json\/wp\/v2\/product_cat?post=758209"},{"taxonomy":"product_tag","embeddable":true,"href":"https:\/\/roveyayinevi.com.tr\/index.php\/wp-json\/wp\/v2\/product_tag?post=758209"}],"curies":[{"name":"wp","href":"https:\/\/api.w.org\/{rel}","templated":true}]}}