{"id":758208,"date":"2025-08-28T07:57:57","date_gmt":"2025-08-28T04:57:57","guid":{"rendered":"https:\/\/roveyayinevi.com.tr\/index.php\/urun\/depreme-maruz-kalan-erken-cocukluk-donemi-cocuklarina-yonelik-etkinlikler\/"},"modified":"2026-04-16T03:11:19","modified_gmt":"2026-04-16T00:11:19","slug":"depreme-maruz-kalan-erken-cocukluk-donemi-cocuklarina-yonelik-etkinlikler","status":"publish","type":"product","link":"https:\/\/roveyayinevi.com.tr\/index.php\/urun\/depreme-maruz-kalan-erken-cocukluk-donemi-cocuklarina-yonelik-etkinlikler\/","title":{"rendered":"Depreme Maruz Kalan Erken \u00c7ocukluk D\u00f6nemi \u00c7ocuklar\u0131na Y\u00f6nelik Etkinlikler"},"content":{"rendered":"<p>Erken \u00c7ocukluk d\u00f6nemi ve \u00e7ocuklar\u0131n h\u0131zl\u0131 geli\u015fimini vurgulayarak, \u00e7evreleriyle etkile\u015fim i\u00e7inde olduklar\u0131, deneyimler ve ileti\u015fim yoluyla \u00f6\u011frendikleri \u00fczerinde duruyor. Bu \u00e7al\u0131\u015fma do\u011fal afetlerin insanlar \u00fczerindeki etkilerini, \u00f6zellikle \u00e7ocuklar \u00fczerindeki ruhsal ve fiziksel sonu\u00e7lar\u0131n\u0131 ele al\u0131yor. Bu ba\u011flamda, afetlerin s\u0131k ya\u015fand\u0131\u011f\u0131 b\u00f6lgelerde \u00e7ocuklara afet bilinci olu\u015fturman\u0131n \u00f6nemi ve okul\u00f6ncesi d\u00f6nem \u00e7ocuklar\u0131 i\u00e7in yap\u0131labilecek bilgilendirici etkinliklerin etkisi vurgulan\u0131yor. Bu kitab\u0131n, afetlere maruz kalm\u0131\u015f \u00e7ocuklarda ruhsal etkileri azaltacak etkinliklerin sunulmas\u0131 ve \u00e7ocuklarda afet bilincinin olu\u015fturulmas\u0131na katk\u0131 sa\u011flamas\u0131 ama\u00e7lanmaktad\u0131r.<\/p>\n","protected":false},"excerpt":{"rendered":"<p>Erken \u00c7ocukluk d\u00f6nemi ve \u00e7ocuklar\u0131n h\u0131zl\u0131 geli\u015fimini vurgulayarak, \u00e7evreleriyle etkile\u015fim i\u00e7inde olduklar\u0131, deneyimler ve ileti\u015fim yoluyla \u00f6\u011frendikleri \u00fczerinde duruyor. Bu \u00e7al\u0131\u015fma do\u011fal afetlerin insanlar \u00fczerindeki etkilerini,<span class=\"excerpt-hellip\"> [\u2026]<\/span><\/p>\n","protected":false},"featured_media":0,"template":"","meta":{"_monsterinsights_skip_tracking":false,"_monsterinsights_sitenote_active":false,"_monsterinsights_sitenote_note":"","_monsterinsights_sitenote_category":0},"product_brand":[],"product_cat":[20502,12357],"product_tag":[],"class_list":{"0":"post-758208","1":"product","2":"type-product","3":"status-publish","5":"product_cat-basvuru-kitaplari-psikoloji","6":"product_cat-psikoloji","7":"pa_cilt-ciltsiz","8":"pa_tur-kitap","9":"pa_yayinevi-ihlamur-akademi","10":"pa_yazar-emre-demirtas","11":"pa_yazar-enver-turksoy","12":"pa_yazar-ridvan-karabulut","14":"first","15":"instock","16":"sale","17":"shipping-taxable","18":"purchasable","19":"product-type-simple"},"_links":{"self":[{"href":"https:\/\/roveyayinevi.com.tr\/index.php\/wp-json\/wp\/v2\/product\/758208","targetHints":{"allow":["GET"]}}],"collection":[{"href":"https:\/\/roveyayinevi.com.tr\/index.php\/wp-json\/wp\/v2\/product"}],"about":[{"href":"https:\/\/roveyayinevi.com.tr\/index.php\/wp-json\/wp\/v2\/types\/product"}],"wp:attachment":[{"href":"https:\/\/roveyayinevi.com.tr\/index.php\/wp-json\/wp\/v2\/media?parent=758208"}],"wp:term":[{"taxonomy":"product_brand","embeddable":true,"href":"https:\/\/roveyayinevi.com.tr\/index.php\/wp-json\/wp\/v2\/product_brand?post=758208"},{"taxonomy":"product_cat","embeddable":true,"href":"https:\/\/roveyayinevi.com.tr\/index.php\/wp-json\/wp\/v2\/product_cat?post=758208"},{"taxonomy":"product_tag","embeddable":true,"href":"https:\/\/roveyayinevi.com.tr\/index.php\/wp-json\/wp\/v2\/product_tag?post=758208"}],"curies":[{"name":"wp","href":"https:\/\/api.w.org\/{rel}","templated":true}]}}