{"id":758207,"date":"2025-08-28T07:57:55","date_gmt":"2025-08-28T04:57:55","guid":{"rendered":"https:\/\/roveyayinevi.com.tr\/index.php\/urun\/sozcuk-bilimi\/"},"modified":"2025-09-18T04:08:59","modified_gmt":"2025-09-18T01:08:59","slug":"sozcuk-bilimi","status":"publish","type":"product","link":"https:\/\/roveyayinevi.com.tr\/index.php\/urun\/sozcuk-bilimi\/","title":{"rendered":"S\u00f6zc\u00fck Bilimi"},"content":{"rendered":"<p>Elinizdeki \u00e7al\u0131\u015fma dilin yap\u0131 ta\u015flar\u0131 olan s\u00f6zc\u00fcklerin ses, bi\u00e7im, dizim ve anlam dizgelerindeki rolleri \u00fczerine kuramsal bilgileri bir araya getirmektedir. \u201cBir ad\u0131n, yani s\u00f6zc\u00fc\u011f\u00fcn i\u00e7inde ne var? \u201cBir s\u00f6zc\u00fck ile s\u00f6zc\u00fc\u011f\u00fcn temsil etti\u011fi nesne aras\u0131nda do\u011frudan bir ba\u011flant\u0131 var m\u0131?\u201d, \u201cS\u00f6zc\u00fck uzla\u015f\u0131msal m\u0131 yoksa do\u011fal m\u0131?\u201d, \u201cKa\u00e7 s\u00f6zc\u00fck t\u00fcr\u00fc vard\u0131r?\u201d gibi bir\u00e7ok soruya Antik Yunan filozoflar\u0131ndan g\u00fcn\u00fcm\u00fcze dil \u00fczerine \u00e7al\u0131\u015fanlar\u0131n kendilerince verdi\u011fi yan\u0131tlar\u0131, \u00e7a\u011fda\u015f dil bilim kuramlar\u0131n\u0131n s\u00f6zc\u00fc\u011fe yakla\u015f\u0131mlar\u0131n\u0131 ve s\u00f6zc\u00fck ara\u015ft\u0131rmalar\u0131nda kulland\u0131klar\u0131 y\u00f6ntemler hakk\u0131nda temel bilgileri i\u00e7erir. \u00d6zellikle T\u00fcrkl\u00fck bilimi \u00e7al\u0131\u015fmalar\u0131nda bir rehber olmas\u0131 umuduyla \u00f6rnekler T\u00fcrkiye T\u00fcrk\u00e7esinden, terimler T\u00fcrkl\u00fck bilimi ara\u015ft\u0131rmac\u0131lar\u0131n\u0131n a\u015fina oldu\u011fu terimlerden se\u00e7ilmi\u015ftir.<\/p>\n","protected":false},"excerpt":{"rendered":"<p>Elinizdeki \u00e7al\u0131\u015fma dilin yap\u0131 ta\u015flar\u0131 olan s\u00f6zc\u00fcklerin ses, bi\u00e7im, dizim ve anlam dizgelerindeki rolleri \u00fczerine kuramsal bilgileri bir araya getirmektedir. \u201cBir ad\u0131n, yani s\u00f6zc\u00fc\u011f\u00fcn i\u00e7inde ne<span class=\"excerpt-hellip\"> [\u2026]<\/span><\/p>\n","protected":false},"featured_media":0,"template":"","meta":{"_monsterinsights_skip_tracking":false,"_monsterinsights_sitenote_active":false,"_monsterinsights_sitenote_note":"","_monsterinsights_sitenote_category":0},"product_brand":[],"product_cat":[20225,12291],"product_tag":[],"class_list":{"0":"post-758207","1":"product","2":"type-product","3":"status-publish","5":"product_cat-dil-bilim","6":"product_cat-edebiyat","7":"pa_cilt-ciltsiz","8":"pa_tur-kitap","9":"pa_yayinevi-ihlamur-akademi","10":"pa_yazar-mustafa-levent-yener","12":"first","13":"instock","14":"sale","15":"shipping-taxable","16":"purchasable","17":"product-type-simple"},"_links":{"self":[{"href":"https:\/\/roveyayinevi.com.tr\/index.php\/wp-json\/wp\/v2\/product\/758207","targetHints":{"allow":["GET"]}}],"collection":[{"href":"https:\/\/roveyayinevi.com.tr\/index.php\/wp-json\/wp\/v2\/product"}],"about":[{"href":"https:\/\/roveyayinevi.com.tr\/index.php\/wp-json\/wp\/v2\/types\/product"}],"wp:attachment":[{"href":"https:\/\/roveyayinevi.com.tr\/index.php\/wp-json\/wp\/v2\/media?parent=758207"}],"wp:term":[{"taxonomy":"product_brand","embeddable":true,"href":"https:\/\/roveyayinevi.com.tr\/index.php\/wp-json\/wp\/v2\/product_brand?post=758207"},{"taxonomy":"product_cat","embeddable":true,"href":"https:\/\/roveyayinevi.com.tr\/index.php\/wp-json\/wp\/v2\/product_cat?post=758207"},{"taxonomy":"product_tag","embeddable":true,"href":"https:\/\/roveyayinevi.com.tr\/index.php\/wp-json\/wp\/v2\/product_tag?post=758207"}],"curies":[{"name":"wp","href":"https:\/\/api.w.org\/{rel}","templated":true}]}}