{"id":758205,"date":"2025-08-28T07:57:52","date_gmt":"2025-08-28T04:57:52","guid":{"rendered":"https:\/\/roveyayinevi.com.tr\/index.php\/urun\/muellifi-bilinmeyen-manzum-bir-hz-ali-cenknamesi\/"},"modified":"2026-04-16T03:11:19","modified_gmt":"2026-04-16T00:11:19","slug":"muellifi-bilinmeyen-manzum-bir-hz-ali-cenknamesi","status":"publish","type":"product","link":"https:\/\/roveyayinevi.com.tr\/index.php\/urun\/muellifi-bilinmeyen-manzum-bir-hz-ali-cenknamesi\/","title":{"rendered":"M\u00fcellifi Bilinmeyen Manzum Bir Hz. Ali Cenknamesi"},"content":{"rendered":"<p>\u0130slamiyet\u2019in kabul\u00fcyle birlikte T\u00fcrk edebiyat\u0131nda g\u00f6r\u00fclmeye ba\u015flanan din\u00ee-kahramanl\u0131k hik\u00e2yelerinin \u00f6nemli bir k\u0131sm\u0131 da Hz. Ali ba\u015fkahramanl\u0131\u011f\u0131nda \u015fekillenen cenkn\u00e2melerdir. Terc\u00fcme, telif veya uyarlama yoluyla edebiyat\u0131m\u0131za giren bu eserlerde ana tema \u0130slamiyet\u2019in yay\u0131lmas\u0131, usul ve esaslar\u0131n\u0131n \u00f6\u011fretilmesidir. Bununla birlikte ahlak\u00ee de\u011ferleri haiz, cesaret ve kahramanl\u0131k vas\u0131flar\u0131yla donanm\u0131\u015f \u00f6rnek insan tipinin idealize edildi\u011fi epik-didaktik nitelikteki eserler olarak s\u00f6zl\u00fc ve yaz\u0131l\u0131 gelene\u011fin i\u00e7erisinde y\u00fczy\u0131llarca varl\u0131k g\u00f6stermi\u015flerdir. S\u00f6z konusu ana eksen etraf\u0131nda tarih\u00ee ger\u00e7ekli\u011fin ve ola\u011fan\u00fcst\u00fc unsurlar\u0131n yard\u0131m\u0131yla zenginle\u015ftirilen, \u00e7ok \u00e7e\u015fitli i\u00e7erik ve ba\u015fl\u0131klara sahip olan cenkn\u00e2melerin pek \u00e7o\u011funun m\u00fcellifi bilinmemektedir. Elinizdeki kitap ba\u015f\u0131 ve sonu eksik oldu\u011fu i\u00e7in i\u00e7erisinde m\u00fcellif bilgisi, eser ad\u0131 veya ba\u015fl\u0131\u011f\u0131 gibi bilgileri i\u00e7ermeyen, mesnevi tarz\u0131nda yaz\u0131lm\u0131\u015f bir Hz. Ali cenkn\u00e2mesidir. Giri\u015f, Eserin \u015eekil ve Muhteva \u00d6zellikleri, Eserin \u0130mla ve Dil \u00d6zellikleri, Sonu\u00e7, Metin ve Dizin b\u00f6l\u00fcmlerinden olu\u015fan bu \u00e7al\u0131\u015fmada cenkn\u00e2menin \u00e7eviri yaz\u0131l\u0131 metni ve gramatikal dizini haz\u0131rlanarak, d\u00f6nem metinlerinde seyrek rastlan\u0131lan veya sadece bu metne \u00f6zg\u00fc imla ve dil \u00f6zellikleri incelenmi\u015ftir.<\/p>\n","protected":false},"excerpt":{"rendered":"<p>\u0130slamiyet\u2019in kabul\u00fcyle birlikte T\u00fcrk edebiyat\u0131nda g\u00f6r\u00fclmeye ba\u015flanan din\u00ee-kahramanl\u0131k hik\u00e2yelerinin \u00f6nemli bir k\u0131sm\u0131 da Hz. Ali ba\u015fkahramanl\u0131\u011f\u0131nda \u015fekillenen cenkn\u00e2melerdir. Terc\u00fcme, telif veya uyarlama yoluyla edebiyat\u0131m\u0131za giren bu<span class=\"excerpt-hellip\"> [\u2026]<\/span><\/p>\n","protected":false},"featured_media":0,"template":"","meta":{"_monsterinsights_skip_tracking":false,"_monsterinsights_sitenote_active":false,"_monsterinsights_sitenote_note":"","_monsterinsights_sitenote_category":0},"product_brand":[],"product_cat":[12718,12719],"product_tag":[],"class_list":{"0":"post-758205","1":"product","2":"type-product","3":"status-publish","5":"product_cat-din","6":"product_cat-islam","7":"pa_cilt-ciltsiz","8":"pa_tur-kitap","9":"pa_yayinevi-ihlamur-akademi","10":"pa_yazar-serap-karakilic-aki","12":"first","13":"instock","14":"sale","15":"shipping-taxable","16":"purchasable","17":"product-type-simple"},"_links":{"self":[{"href":"https:\/\/roveyayinevi.com.tr\/index.php\/wp-json\/wp\/v2\/product\/758205","targetHints":{"allow":["GET"]}}],"collection":[{"href":"https:\/\/roveyayinevi.com.tr\/index.php\/wp-json\/wp\/v2\/product"}],"about":[{"href":"https:\/\/roveyayinevi.com.tr\/index.php\/wp-json\/wp\/v2\/types\/product"}],"wp:attachment":[{"href":"https:\/\/roveyayinevi.com.tr\/index.php\/wp-json\/wp\/v2\/media?parent=758205"}],"wp:term":[{"taxonomy":"product_brand","embeddable":true,"href":"https:\/\/roveyayinevi.com.tr\/index.php\/wp-json\/wp\/v2\/product_brand?post=758205"},{"taxonomy":"product_cat","embeddable":true,"href":"https:\/\/roveyayinevi.com.tr\/index.php\/wp-json\/wp\/v2\/product_cat?post=758205"},{"taxonomy":"product_tag","embeddable":true,"href":"https:\/\/roveyayinevi.com.tr\/index.php\/wp-json\/wp\/v2\/product_tag?post=758205"}],"curies":[{"name":"wp","href":"https:\/\/api.w.org\/{rel}","templated":true}]}}