{"id":758204,"date":"2025-08-28T07:57:51","date_gmt":"2025-08-28T04:57:51","guid":{"rendered":"https:\/\/roveyayinevi.com.tr\/index.php\/urun\/mensusr-bir-kirk-hadis-kitabi\/"},"modified":"2026-04-16T03:11:19","modified_gmt":"2026-04-16T00:11:19","slug":"mensusr-bir-kirk-hadis-kitabi","status":"publish","type":"product","link":"https:\/\/roveyayinevi.com.tr\/index.php\/urun\/mensusr-bir-kirk-hadis-kitabi\/","title":{"rendered":"Mensusr Bir K\u0131rk Hadis Kitab\u0131"},"content":{"rendered":"<p>\u0130sl\u00e2m\u2019\u0131n temel kaynaklar\u0131ndan biri olan hadisler, peygamber efendimiz Hz. Muhammed\u2019in (s.a.v) s\u00f6zleri, davran\u0131\u015flar\u0131 ve ya\u015fam\u0131 hakk\u0131nda bilgiler i\u00e7erir. Kur\u2019\u00e2n-\u0131 Ker\u00eem ile birlikte \u0130slam\u2019\u0131n do\u011fru anla\u015f\u0131lmas\u0131na rehberlik eden bu metinler, M\u00fcsl\u00fcmanlar i\u00e7in ahl\u00e2k\u00ee, din\u00ee ve hukuk\u00ee konularda birer kaynak olarak kabul edilir. Bu kaynaklar, \u0130sl\u00e2m toplumlar\u0131n\u0131n ya\u015fam bi\u00e7imini d\u00fczenlerken ayn\u0131 zamanda bireylerin ki\u015fisel geli\u015fimine ve manev\u00ee yolculu\u011funa rehberlik eder. \u0130sl\u00e2m medeniyeti i\u00e7erisinde, k\u0131rk hadis terc\u00fcmelerine en fazla ilgi g\u00f6steren toplum ku\u015fkusuz T\u00fcrkler olmu\u015ftur. Bu \u00e7al\u0131\u015fma da m\u00fcellifi bilinmeyen mensur bir k\u0131rk hadis metnini konu edinmektedir. \u00c7al\u0131\u015fman\u0131n giri\u015f k\u0131sm\u0131nda k\u0131rk hadislerin yaz\u0131l\u0131\u015f nedenleri, \u015fekil \u00f6zellikleri, mahiyetleri hakk\u0131nda bilgi verildikten sonra bu t\u00fcr\u00fcn ortaya \u00e7\u0131k\u0131\u015f\u0131nda en \u00f6nemli fakt\u00f6rlerden biri olan k\u0131rk say\u0131s\u0131n\u0131n T\u00fcrk k\u00fclt\u00fcr\u00fcndeki yerinden bahsedilmi\u015f ve \u0130sl\u00e2m\u00ee T\u00fcrk edebiyat\u0131nda k\u0131rk hadis gelene\u011fi \u00fczerinde durulmu\u015ftur. Daha sonra metnin dil ve \u00fcsl\u00fbp incelemesi yap\u0131lm\u0131\u015f, eserin mahiyeti hakk\u0131nda bilgi verilmi\u015ftir. Son olarak \u00e7eviri yaz\u0131l\u0131 metnin verildi\u011fi \u00e7al\u0131\u015fmaya gramatikal indeks ve t\u0131pk\u0131bas\u0131m eklenmi\u015ftir.<\/p>\n","protected":false},"excerpt":{"rendered":"<p>\u0130sl\u00e2m\u2019\u0131n temel kaynaklar\u0131ndan biri olan hadisler, peygamber efendimiz Hz. Muhammed\u2019in (s.a.v) s\u00f6zleri, davran\u0131\u015flar\u0131 ve ya\u015fam\u0131 hakk\u0131nda bilgiler i\u00e7erir. Kur\u2019\u00e2n-\u0131 Ker\u00eem ile birlikte \u0130slam\u2019\u0131n do\u011fru anla\u015f\u0131lmas\u0131na rehberlik<span class=\"excerpt-hellip\"> [\u2026]<\/span><\/p>\n","protected":false},"featured_media":0,"template":"","meta":{"_monsterinsights_skip_tracking":false,"_monsterinsights_sitenote_active":false,"_monsterinsights_sitenote_note":"","_monsterinsights_sitenote_category":0},"product_brand":[],"product_cat":[12718,12719],"product_tag":[],"class_list":{"0":"post-758204","1":"product","2":"type-product","3":"status-publish","5":"product_cat-din","6":"product_cat-islam","7":"pa_cilt-ciltsiz","8":"pa_tur-kitap","9":"pa_yayinevi-ihlamur-akademi","10":"pa_yazar-gulsah-gaye-fidan","12":"first","13":"instock","14":"sale","15":"shipping-taxable","16":"purchasable","17":"product-type-simple"},"_links":{"self":[{"href":"https:\/\/roveyayinevi.com.tr\/index.php\/wp-json\/wp\/v2\/product\/758204","targetHints":{"allow":["GET"]}}],"collection":[{"href":"https:\/\/roveyayinevi.com.tr\/index.php\/wp-json\/wp\/v2\/product"}],"about":[{"href":"https:\/\/roveyayinevi.com.tr\/index.php\/wp-json\/wp\/v2\/types\/product"}],"wp:attachment":[{"href":"https:\/\/roveyayinevi.com.tr\/index.php\/wp-json\/wp\/v2\/media?parent=758204"}],"wp:term":[{"taxonomy":"product_brand","embeddable":true,"href":"https:\/\/roveyayinevi.com.tr\/index.php\/wp-json\/wp\/v2\/product_brand?post=758204"},{"taxonomy":"product_cat","embeddable":true,"href":"https:\/\/roveyayinevi.com.tr\/index.php\/wp-json\/wp\/v2\/product_cat?post=758204"},{"taxonomy":"product_tag","embeddable":true,"href":"https:\/\/roveyayinevi.com.tr\/index.php\/wp-json\/wp\/v2\/product_tag?post=758204"}],"curies":[{"name":"wp","href":"https:\/\/api.w.org\/{rel}","templated":true}]}}