{"id":758203,"date":"2025-08-28T07:57:50","date_gmt":"2025-08-28T04:57:50","guid":{"rendered":"https:\/\/roveyayinevi.com.tr\/index.php\/urun\/emin-bulent-serdaroglu\/"},"modified":"2026-04-16T03:11:19","modified_gmt":"2026-04-16T00:11:19","slug":"emin-bulent-serdaroglu","status":"publish","type":"product","link":"https:\/\/roveyayinevi.com.tr\/index.php\/urun\/emin-bulent-serdaroglu\/","title":{"rendered":"Emin B\u00fclent Serdaro\u011flu"},"content":{"rendered":"<p>Emin B\u00fclend Serdaro\u011flu\u2019nun Galatasaray Lisesi\u2019nde okudu\u011fu y\u0131llarda ba\u015flayan \u015fiir merak\u0131 onun hayat\u0131n\u0131n di\u011fer safhalar\u0131nda da etkisini hissettirir. Fecr-i \u00c2ti grubu i\u00e7erisinde \u00f6nemli bir yere sahip olan Emin B\u00fclend, bu d\u00f6nemde ve daha sonraki d\u00f6nemlerde \u00e7e\u015fitli edebiyat mecmualar\u0131nda \u015fiirler ne\u015freder. Galatasaray Lisesi\u2019nden mezun olduktan sonra futbolcu ve memur kimli\u011fi ile kar\u015f\u0131m\u0131za \u00e7\u0131kan Emin B\u00fclend Serdaro\u011flu, \u00f6l\u00fcm\u00fcne k\u0131sa bir s\u00fcre kal\u0131ncaya kadar memuriyet hayat\u0131na devam eder. Memuriyet y\u0131llar\u0131nda edebiyat hayat\u0131na k\u00fcserek kendi i\u00e7ine \u00e7ekilir; fakat \u015fiirden vazge\u00e7meyerek yay\u0131mlamasa da \u015fiirler yazmay\u0131 s\u00fcrd\u00fcr\u00fcr. Emin B\u00fclend, mill\u00ee konular\u0131 i\u015fleyen \u015fiirler kaleme al\u0131r ve bu d\u00f6nemin kendine has duyu\u015f tarz\u0131n\u0131 ve marazi hassasiyetlerini yans\u0131tan aruz vezni ile \u015fiirler yazar. Bu \u00e7al\u0131\u015fman\u0131n temelini \u015fairin hayat\u0131, \u015fiirlerindeki ferd\u00ee ve sosyal temalar\u0131n dikkatleri sunulmas\u0131 ve \u015fiirlerinin vezin ve \u015fekil bak\u0131m\u0131ndan incelenmesi olu\u015fturmaktad\u0131r.<\/p>\n","protected":false},"excerpt":{"rendered":"<p>Emin B\u00fclend Serdaro\u011flu\u2019nun Galatasaray Lisesi\u2019nde okudu\u011fu y\u0131llarda ba\u015flayan \u015fiir merak\u0131 onun hayat\u0131n\u0131n di\u011fer safhalar\u0131nda da etkisini hissettirir. Fecr-i \u00c2ti grubu i\u00e7erisinde \u00f6nemli bir yere sahip olan<span class=\"excerpt-hellip\"> [\u2026]<\/span><\/p>\n","protected":false},"featured_media":0,"template":"","meta":{"_monsterinsights_skip_tracking":false,"_monsterinsights_sitenote_active":false,"_monsterinsights_sitenote_note":"","_monsterinsights_sitenote_category":0},"product_brand":[],"product_cat":[14009,12291],"product_tag":[],"class_list":{"0":"post-758203","1":"product","2":"type-product","3":"status-publish","5":"product_cat-biyografi-otobiyografi-edebiyat","6":"product_cat-edebiyat","7":"pa_cilt-ciltsiz","8":"pa_tur-kitap","9":"pa_yayinevi-ihlamur-akademi","10":"pa_yazar-oznur-ozdarici","12":"first","13":"instock","14":"sale","15":"shipping-taxable","16":"purchasable","17":"product-type-simple"},"_links":{"self":[{"href":"https:\/\/roveyayinevi.com.tr\/index.php\/wp-json\/wp\/v2\/product\/758203","targetHints":{"allow":["GET"]}}],"collection":[{"href":"https:\/\/roveyayinevi.com.tr\/index.php\/wp-json\/wp\/v2\/product"}],"about":[{"href":"https:\/\/roveyayinevi.com.tr\/index.php\/wp-json\/wp\/v2\/types\/product"}],"wp:attachment":[{"href":"https:\/\/roveyayinevi.com.tr\/index.php\/wp-json\/wp\/v2\/media?parent=758203"}],"wp:term":[{"taxonomy":"product_brand","embeddable":true,"href":"https:\/\/roveyayinevi.com.tr\/index.php\/wp-json\/wp\/v2\/product_brand?post=758203"},{"taxonomy":"product_cat","embeddable":true,"href":"https:\/\/roveyayinevi.com.tr\/index.php\/wp-json\/wp\/v2\/product_cat?post=758203"},{"taxonomy":"product_tag","embeddable":true,"href":"https:\/\/roveyayinevi.com.tr\/index.php\/wp-json\/wp\/v2\/product_tag?post=758203"}],"curies":[{"name":"wp","href":"https:\/\/api.w.org\/{rel}","templated":true}]}}