{"id":758200,"date":"2025-08-28T07:57:44","date_gmt":"2025-08-28T04:57:44","guid":{"rendered":"https:\/\/roveyayinevi.com.tr\/index.php\/urun\/siire-ve-mucadeleye-adanmis-bir-hayat-mustak-erenus\/"},"modified":"2026-04-16T03:11:19","modified_gmt":"2026-04-16T00:11:19","slug":"siire-ve-mucadeleye-adanmis-bir-hayat-mustak-erenus","status":"publish","type":"product","link":"https:\/\/roveyayinevi.com.tr\/index.php\/urun\/siire-ve-mucadeleye-adanmis-bir-hayat-mustak-erenus\/","title":{"rendered":"\u015eiire ve M\u00fccadeleye Adanm\u0131\u015f Bir Hayat &#8211; M\u00fc\u015ftak Erenus"},"content":{"rendered":"<p>Cumhuriyet d\u00f6nemi T\u00fcrk Edebiyat\u0131 \u00fczerine de\u011ferlendirmeler yap\u0131l\u0131rken \u015fairler ve yazarlar ba\u011fl\u0131 bulunduklar\u0131 sanat g\u00f6r\u00fc\u015f\u00fcne g\u00f6re s\u0131n\u0131fland\u0131r\u0131l\u0131r. B\u00f6ylece yap\u0131lacak incelemelerin kapsam\u0131 da ba\u015ftan belirlenmi\u015f olur. Ancak 1923\u2019ten g\u00fcn\u00fcm\u00fcze \u00e7ok fazla sanat\u00e7\u0131n\u0131n eser vermi\u015f olmas\u0131 baz\u0131 isimlerin geri planda kalmas\u0131na ve sadece ismen edebiyat tarihlerinde yer almalar\u0131na neden olur. Do\u011fru bir de\u011ferlendirme yapabilmek ad\u0131na bu isimlerin \u00e7al\u0131\u015fmalar\u0131 g\u00fcn \u0131\u015f\u0131\u011f\u0131na \u00e7\u0131kar\u0131lmal\u0131 ve incelenmelidir. Edebiyat tarihlerinde sadece ismi ve biyografik baz\u0131 bilgiler verilerek \u00fczerinde durulmayan bu \u015fairlerden biri de M\u00fc\u015ftak Erenus\u2019tur. 1940\u2019l\u0131 y\u0131llardan itibaren edebiyatla me\u015fgul olmas\u0131na hatta g\u00fczel sanatlar\u0131n pek \u00e7ok dal\u0131na ilgi duymas\u0131na ra\u011fmen eserleri \u00fczerinde yap\u0131lm\u0131\u015f bir \u00e7al\u0131\u015fma bulunmamaktad\u0131r.<\/p>\n","protected":false},"excerpt":{"rendered":"<p>Cumhuriyet d\u00f6nemi T\u00fcrk Edebiyat\u0131 \u00fczerine de\u011ferlendirmeler yap\u0131l\u0131rken \u015fairler ve yazarlar ba\u011fl\u0131 bulunduklar\u0131 sanat g\u00f6r\u00fc\u015f\u00fcne g\u00f6re s\u0131n\u0131fland\u0131r\u0131l\u0131r. B\u00f6ylece yap\u0131lacak incelemelerin kapsam\u0131 da ba\u015ftan belirlenmi\u015f olur. Ancak 1923\u2019ten<span class=\"excerpt-hellip\"> [\u2026]<\/span><\/p>\n","protected":false},"featured_media":0,"template":"","meta":{"_monsterinsights_skip_tracking":false,"_monsterinsights_sitenote_active":false,"_monsterinsights_sitenote_note":"","_monsterinsights_sitenote_category":0},"product_brand":[],"product_cat":[14009,12291],"product_tag":[],"class_list":{"0":"post-758200","1":"product","2":"type-product","3":"status-publish","5":"product_cat-biyografi-otobiyografi-edebiyat","6":"product_cat-edebiyat","7":"pa_cilt-ciltsiz","8":"pa_tur-kitap","9":"pa_yayinevi-ihlamur-akademi","10":"pa_yazar-ozlem-kayabasi","12":"first","13":"instock","14":"sale","15":"shipping-taxable","16":"purchasable","17":"product-type-simple"},"_links":{"self":[{"href":"https:\/\/roveyayinevi.com.tr\/index.php\/wp-json\/wp\/v2\/product\/758200","targetHints":{"allow":["GET"]}}],"collection":[{"href":"https:\/\/roveyayinevi.com.tr\/index.php\/wp-json\/wp\/v2\/product"}],"about":[{"href":"https:\/\/roveyayinevi.com.tr\/index.php\/wp-json\/wp\/v2\/types\/product"}],"wp:attachment":[{"href":"https:\/\/roveyayinevi.com.tr\/index.php\/wp-json\/wp\/v2\/media?parent=758200"}],"wp:term":[{"taxonomy":"product_brand","embeddable":true,"href":"https:\/\/roveyayinevi.com.tr\/index.php\/wp-json\/wp\/v2\/product_brand?post=758200"},{"taxonomy":"product_cat","embeddable":true,"href":"https:\/\/roveyayinevi.com.tr\/index.php\/wp-json\/wp\/v2\/product_cat?post=758200"},{"taxonomy":"product_tag","embeddable":true,"href":"https:\/\/roveyayinevi.com.tr\/index.php\/wp-json\/wp\/v2\/product_tag?post=758200"}],"curies":[{"name":"wp","href":"https:\/\/api.w.org\/{rel}","templated":true}]}}