{"id":758199,"date":"2025-08-28T07:57:42","date_gmt":"2025-08-28T04:57:42","guid":{"rendered":"https:\/\/roveyayinevi.com.tr\/index.php\/urun\/15-yuzyil-sairlerinden-semsinin-yusuf-u-zuleyha-mesnevisi-2-cilt-tipkibasim\/"},"modified":"2026-04-16T03:11:19","modified_gmt":"2026-04-16T00:11:19","slug":"15-yuzyil-sairlerinden-semsinin-yusuf-u-zuleyha-mesnevisi-2-cilt-tipkibasim","status":"publish","type":"product","link":"https:\/\/roveyayinevi.com.tr\/index.php\/urun\/15-yuzyil-sairlerinden-semsinin-yusuf-u-zuleyha-mesnevisi-2-cilt-tipkibasim\/","title":{"rendered":"15. Y\u00fczy\u0131l \u015eairlerinden \u015eemsi\u2019nin Yusuf u Z\u00fcleyha Mesnevisi 2. Cilt (T\u0131pk\u0131bas\u0131m)"},"content":{"rendered":"<p>\u015eems\u00ee\u2019nin Y\u00fbsuf u Z\u00fcleyh\u00e2 adl\u0131 mesnev\u00eesi, 15. y\u00fczy\u0131l\u0131n sonlar\u0131nda Do\u011fu T\u00fcrk\u00e7esi ile kaleme al\u0131nm\u0131\u015f, T\u00fcrk\u00e7enin de\u011fi\u015fik evrelerinden dil \u00f6zellikleri g\u00f6steren bir eserdir. \u00c7al\u0131\u015fman\u0131n amac\u0131, mesnev\u00ee \u015feklinde kaleme al\u0131nm\u0131\u015f olan bu eseri ara\u015ft\u0131rmac\u0131lar\u0131n ve ilgilenenlerin dikkatine ve istifadesine sunmakt\u0131r.\u00c7al\u0131\u015fman\u0131n ikinci cildi, mesnev\u00eenin tenkitli metninin haz\u0131rlanmas\u0131nda esas ald\u0131\u011f\u0131m\u0131z d\u00f6rt n\u00fcshan\u0131n t\u0131pk\u0131bas\u0131m\u0131n\u0131 bar\u0131nd\u0131rmaktad\u0131r. Tenkitli metin haz\u0131rlan\u0131rken her d\u00f6rt n\u00fcshadan da yararlan\u0131lmas\u0131ndan dolay\u0131 mevcut n\u00fcshalar\u0131n tamam\u0131n\u0131n yer almas\u0131n\u0131 daha uygun g\u00f6rd\u00fck.<\/p>\n","protected":false},"excerpt":{"rendered":"<p>\u015eems\u00ee\u2019nin Y\u00fbsuf u Z\u00fcleyh\u00e2 adl\u0131 mesnev\u00eesi, 15. y\u00fczy\u0131l\u0131n sonlar\u0131nda Do\u011fu T\u00fcrk\u00e7esi ile kaleme al\u0131nm\u0131\u015f, T\u00fcrk\u00e7enin de\u011fi\u015fik evrelerinden dil \u00f6zellikleri g\u00f6steren bir eserdir. \u00c7al\u0131\u015fman\u0131n amac\u0131, mesnev\u00ee \u015feklinde<span class=\"excerpt-hellip\"> [\u2026]<\/span><\/p>\n","protected":false},"featured_media":0,"template":"","meta":{"_monsterinsights_skip_tracking":false,"_monsterinsights_sitenote_active":false,"_monsterinsights_sitenote_note":"","_monsterinsights_sitenote_category":0},"product_brand":[],"product_cat":[13072,12291],"product_tag":[],"class_list":{"0":"post-758199","1":"product","2":"type-product","3":"status-publish","5":"product_cat-arastirma-inceleme-referans","6":"product_cat-edebiyat","7":"pa_cilt-ciltsiz","8":"pa_tur-kitap","9":"pa_yayinevi-ihlamur-akademi","10":"pa_yazar-ahmet-colak","12":"first","13":"instock","14":"sale","15":"shipping-taxable","16":"purchasable","17":"product-type-simple"},"_links":{"self":[{"href":"https:\/\/roveyayinevi.com.tr\/index.php\/wp-json\/wp\/v2\/product\/758199","targetHints":{"allow":["GET"]}}],"collection":[{"href":"https:\/\/roveyayinevi.com.tr\/index.php\/wp-json\/wp\/v2\/product"}],"about":[{"href":"https:\/\/roveyayinevi.com.tr\/index.php\/wp-json\/wp\/v2\/types\/product"}],"wp:attachment":[{"href":"https:\/\/roveyayinevi.com.tr\/index.php\/wp-json\/wp\/v2\/media?parent=758199"}],"wp:term":[{"taxonomy":"product_brand","embeddable":true,"href":"https:\/\/roveyayinevi.com.tr\/index.php\/wp-json\/wp\/v2\/product_brand?post=758199"},{"taxonomy":"product_cat","embeddable":true,"href":"https:\/\/roveyayinevi.com.tr\/index.php\/wp-json\/wp\/v2\/product_cat?post=758199"},{"taxonomy":"product_tag","embeddable":true,"href":"https:\/\/roveyayinevi.com.tr\/index.php\/wp-json\/wp\/v2\/product_tag?post=758199"}],"curies":[{"name":"wp","href":"https:\/\/api.w.org\/{rel}","templated":true}]}}