{"id":758197,"date":"2025-08-28T07:57:39","date_gmt":"2025-08-28T04:57:39","guid":{"rendered":"https:\/\/roveyayinevi.com.tr\/index.php\/urun\/axtiilar-hatiralar\/"},"modified":"2026-04-16T03:11:19","modified_gmt":"2026-04-16T00:11:19","slug":"axtiilar-hatiralar","status":"publish","type":"product","link":"https:\/\/roveyayinevi.com.tr\/index.php\/urun\/axtiilar-hatiralar\/","title":{"rendered":"Axt\u0131\u0131lar (Hat\u0131ralar)"},"content":{"rendered":"<p>\u201c\u0422\u04e9\u043b\u04e9\u0431\u04af\u0440\u044d \u0441\u0443\u043ex \u0430\u0441 \u04af\u04e9\u043b \u0430\u0440\u0430\u0439 \u0421\u0430x\u0430\u0495\u0430 \u0431\u0430\u0430\u0440. \u041c\u0430\u043d\u043d\u0430 \u0421\u0430x\u0430 \u04af\u0442\u04af\u04e9 \u0441\u04af\u0440\u044d\u0495\u044d \u043a\u04af\u043b\u04af\u0433\u044d \u0441\u0443\u043ex \u043a\u04e9\u0441\u0442\u04e9\u0440. \u0421\u0430x\u0430 \u0431\u0430\u043b\u0430\u0495\u0430\u043d\u044b\u0433\u0430\u0440 \u043a\u0438\u0438\u0440: \u043a\u0438\u043d\u0438 \u0442\u0443\u043ex \u0430h\u0430 \u0431\u0430\u0430\u0440\u044b\u043d\u0430\u043d \u044d\u0439\u0438\u0433\u0438\u043d \u043a\u04af\u043d\u0434\u04af\u04af\u043b\u04af\u04e9\u0495\u044d; \u0443\u043e\u043d \u0434\u0430 x\u043e\u043d\u0443\u043a\u043a\u0430 \u043e\u043b\u043e\u0440, \u0431\u0438\u0438\u0440 \u0434\u0430 \u044b\u0439 \u043e\u043b\u043e\u0440: \u043c\u044d\u043b\u0434\u044c\u0438 \u0442\u043e\u0442 \u0431\u0443\u043e\u043b\u0443\u043e\u04a5 \u0431\u044d\u0439\u044d\u04a5 \u0434\u0430\u0495\u0430\u043d\u044b \u0430\u0442\u044b\u04a5 \u0434\u0430\u0495\u0430\u043d\u044b.\u201d \u201cT\u00f6l\u00f6b\u00fcre suox as \u00fc\u00f6l aray Saxa\u011fa baar. Manna Saxa \u00fct\u00fc\u00f6 s\u00fcre\u011fe k\u00fcl\u00fcge suox k\u00f6st\u00f6r. Saxa bala\u011fan\u0131gar kiir: kini tuox asa baar\u0131nan eyigin k\u00fcnd\u00fc\u00fcl\u00fc\u00f6\u011fe; uon da xonukka olor, biir da \u0131y olor: melci tot buoluon\u0303 beyen\u0303 da\u011fan\u0131 at\u0131n\u0303 da\u011fan\u0131.\u201d \u201cKar\u015f\u0131l\u0131ks\u0131z yiyecek i\u00e7ecek yaln\u0131z Sahalarda olur. Sahalar\u0131n g\u00f6n\u00fcl zenginli\u011fi burada kendini apa\u00e7\u0131k g\u00f6sterir. Bir Saha\u2019n\u0131n bala\u011fan\u0131na (evine) gir: Seni a\u011f\u0131rlamak i\u00e7in t\u00fcm yeme\u011fini \u00e7\u0131kar\u0131r; ister on g\u00fcn kal ister bir ay kal: Hem senin hem de at\u0131n\u0131n karn\u0131 her zaman doyar.\u201d<\/p>\n","protected":false},"excerpt":{"rendered":"<p>\u201c\u0422\u04e9\u043b\u04e9\u0431\u04af\u0440\u044d \u0441\u0443\u043ex \u0430\u0441 \u04af\u04e9\u043b \u0430\u0440\u0430\u0439 \u0421\u0430x\u0430\u0495\u0430 \u0431\u0430\u0430\u0440. \u041c\u0430\u043d\u043d\u0430 \u0421\u0430x\u0430 \u04af\u0442\u04af\u04e9 \u0441\u04af\u0440\u044d\u0495\u044d \u043a\u04af\u043b\u04af\u0433\u044d \u0441\u0443\u043ex \u043a\u04e9\u0441\u0442\u04e9\u0440. \u0421\u0430x\u0430 \u0431\u0430\u043b\u0430\u0495\u0430\u043d\u044b\u0433\u0430\u0440 \u043a\u0438\u0438\u0440: \u043a\u0438\u043d\u0438 \u0442\u0443\u043ex \u0430h\u0430 \u0431\u0430\u0430\u0440\u044b\u043d\u0430\u043d \u044d\u0439\u0438\u0433\u0438\u043d \u043a\u04af\u043d\u0434\u04af\u04af\u043b\u04af\u04e9\u0495\u044d; \u0443\u043e\u043d \u0434\u0430 x\u043e\u043d\u0443\u043a\u043a\u0430<span class=\"excerpt-hellip\"> [\u2026]<\/span><\/p>\n","protected":false},"featured_media":0,"template":"","meta":{"_monsterinsights_skip_tracking":false,"_monsterinsights_sitenote_active":false,"_monsterinsights_sitenote_note":"","_monsterinsights_sitenote_category":0},"product_brand":[],"product_cat":[13701,12291],"product_tag":[],"class_list":{"0":"post-758197","1":"product","2":"type-product","3":"status-publish","5":"product_cat-ani-mektup-gunluk","6":"product_cat-edebiyat","7":"pa_cilt-ciltsiz","8":"pa_tur-kitap","9":"pa_yayinevi-ihlamur-akademi","10":"pa_yazar-murat-ersoz","12":"first","13":"instock","14":"sale","15":"shipping-taxable","16":"purchasable","17":"product-type-simple"},"_links":{"self":[{"href":"https:\/\/roveyayinevi.com.tr\/index.php\/wp-json\/wp\/v2\/product\/758197","targetHints":{"allow":["GET"]}}],"collection":[{"href":"https:\/\/roveyayinevi.com.tr\/index.php\/wp-json\/wp\/v2\/product"}],"about":[{"href":"https:\/\/roveyayinevi.com.tr\/index.php\/wp-json\/wp\/v2\/types\/product"}],"wp:attachment":[{"href":"https:\/\/roveyayinevi.com.tr\/index.php\/wp-json\/wp\/v2\/media?parent=758197"}],"wp:term":[{"taxonomy":"product_brand","embeddable":true,"href":"https:\/\/roveyayinevi.com.tr\/index.php\/wp-json\/wp\/v2\/product_brand?post=758197"},{"taxonomy":"product_cat","embeddable":true,"href":"https:\/\/roveyayinevi.com.tr\/index.php\/wp-json\/wp\/v2\/product_cat?post=758197"},{"taxonomy":"product_tag","embeddable":true,"href":"https:\/\/roveyayinevi.com.tr\/index.php\/wp-json\/wp\/v2\/product_tag?post=758197"}],"curies":[{"name":"wp","href":"https:\/\/api.w.org\/{rel}","templated":true}]}}