{"id":758196,"date":"2025-08-28T07:57:36","date_gmt":"2025-08-28T04:57:36","guid":{"rendered":"https:\/\/roveyayinevi.com.tr\/index.php\/urun\/promethenin-sesi-iskender-fikret-akdora\/"},"modified":"2026-04-16T03:11:19","modified_gmt":"2026-04-16T00:11:19","slug":"promethenin-sesi-iskender-fikret-akdora","status":"publish","type":"product","link":"https:\/\/roveyayinevi.com.tr\/index.php\/urun\/promethenin-sesi-iskender-fikret-akdora\/","title":{"rendered":"Promethe&#8217;nin Sesi \u0130skender Fikret Akdora"},"content":{"rendered":"<p>\u201c\u0130skender Fikret Akdora\u2019n\u0131n ilk \u015fiir kitab\u0131 \u2018Hat\u0131ralar \u015eehri\u2019nde Ha\u015fim\u2019le Orhan Veli aras\u0131nda bir \u015fairi bulmaktay\u0131z. Baudelaire telakki ve duyu\u015fundan Souppault telakki ve duyu\u015funa bir atlay\u0131\u015fla artistik ba\u015far\u0131y\u0131 elde etti\u011fini g\u00f6r\u00fcyoruz.\u201dCavit Yama\u00e7  \u201cOzanlar\u0131n en zengini, zenginlerin en ozan\u0131\u201d V\u00e2l\u00e2 Nurettin Modern T\u00fcrk \u015fiirinin y\u00f6nelimlerini \u015fiirinde yans\u0131tan \u0130skender Fikret Akdora\u2019n\u0131n \u015fiir, roman, tiyatro t\u00fcrlerinde eserleri bulunmaktad\u0131r. S\u00fcreli yay\u0131nlarda inceleme ve yaz\u0131lar\u0131 olan \u015fair, dergicilik, gazetecilik faaliyetlerinde de aktif olarak yer alm\u0131\u015ft\u0131r. D\u00f6nemin edebiyat mahfillerinin aranan simalar\u0131ndan olmas\u0131na ra\u011fmen, \u015fairin eserleri ve edeb\u00ee kimli\u011fi hakk\u0131nda g\u00fcn\u00fcm\u00fcze kadar bir \u00e7al\u0131\u015fma yap\u0131lmam\u0131\u015ft\u0131r. Bu \u00e7al\u0131\u015fma, \u015fairin sanat anlay\u0131\u015f\u0131n\u0131, \u015fiirinin kaynaklar\u0131n\u0131 ve \u015fiirlerinin yap\u0131-i\u00e7erik unsurlar\u0131 bak\u0131m\u0131ndan analizini ele almaktad\u0131r. B\u00f6ylece T\u00fcrk edebiyat\u0131na eserleriyle, yaz\u0131lar\u0131yla katk\u0131da bulunan \u015fairin tan\u0131t\u0131lmas\u0131 ama\u00e7lanmaktad\u0131r.<\/p>\n","protected":false},"excerpt":{"rendered":"<p>\u201c\u0130skender Fikret Akdora\u2019n\u0131n ilk \u015fiir kitab\u0131 \u2018Hat\u0131ralar \u015eehri\u2019nde Ha\u015fim\u2019le Orhan Veli aras\u0131nda bir \u015fairi bulmaktay\u0131z. Baudelaire telakki ve duyu\u015fundan Souppault telakki ve duyu\u015funa bir atlay\u0131\u015fla artistik<span class=\"excerpt-hellip\"> [\u2026]<\/span><\/p>\n","protected":false},"featured_media":0,"template":"","meta":{"_monsterinsights_skip_tracking":false,"_monsterinsights_sitenote_active":false,"_monsterinsights_sitenote_note":"","_monsterinsights_sitenote_category":0},"product_brand":[],"product_cat":[13072,12291],"product_tag":[],"class_list":{"0":"post-758196","1":"product","2":"type-product","3":"status-publish","5":"product_cat-arastirma-inceleme-referans","6":"product_cat-edebiyat","7":"pa_cilt-ciltsiz","8":"pa_tur-kitap","9":"pa_yayinevi-ihlamur-akademi","10":"pa_yazar-nilufer-aka-erdem","12":"first","13":"instock","14":"sale","15":"shipping-taxable","16":"purchasable","17":"product-type-simple"},"_links":{"self":[{"href":"https:\/\/roveyayinevi.com.tr\/index.php\/wp-json\/wp\/v2\/product\/758196","targetHints":{"allow":["GET"]}}],"collection":[{"href":"https:\/\/roveyayinevi.com.tr\/index.php\/wp-json\/wp\/v2\/product"}],"about":[{"href":"https:\/\/roveyayinevi.com.tr\/index.php\/wp-json\/wp\/v2\/types\/product"}],"wp:attachment":[{"href":"https:\/\/roveyayinevi.com.tr\/index.php\/wp-json\/wp\/v2\/media?parent=758196"}],"wp:term":[{"taxonomy":"product_brand","embeddable":true,"href":"https:\/\/roveyayinevi.com.tr\/index.php\/wp-json\/wp\/v2\/product_brand?post=758196"},{"taxonomy":"product_cat","embeddable":true,"href":"https:\/\/roveyayinevi.com.tr\/index.php\/wp-json\/wp\/v2\/product_cat?post=758196"},{"taxonomy":"product_tag","embeddable":true,"href":"https:\/\/roveyayinevi.com.tr\/index.php\/wp-json\/wp\/v2\/product_tag?post=758196"}],"curies":[{"name":"wp","href":"https:\/\/api.w.org\/{rel}","templated":true}]}}