{"id":758195,"date":"2025-08-28T07:57:34","date_gmt":"2025-08-28T04:57:34","guid":{"rendered":"https:\/\/roveyayinevi.com.tr\/index.php\/urun\/nikati-divani\/"},"modified":"2026-04-16T03:11:19","modified_gmt":"2026-04-16T00:11:19","slug":"nikati-divani","status":"publish","type":"product","link":"https:\/\/roveyayinevi.com.tr\/index.php\/urun\/nikati-divani\/","title":{"rendered":"Nikati Divan\u0131"},"content":{"rendered":"<p>Klasik T\u00fcrk \u015fiirinin en verimli d\u00f6nemlerinden biri olarak kabul edilen on yedinci y\u00fczy\u0131l Sebk-i Hindi \u00fcslubunun etkisini g\u00f6sterdi\u011fi; Nabi, Nefi, Ne\u015fat\u00ee, \u015eeyh\u00fclislam Yahya, Bahay\u00ee gibi kudretli \u015fairlerin \u015f\u00f6hret sahibi oldu\u011fu bir d\u00f6nemdir. Tezkirelerde kimi bu d\u00f6nem edebiyat\u0131n\u0131n geli\u015fimine katk\u0131 sa\u011flayan kimi ise \u00f6zg\u00fcnl\u00fckten uzak, b\u00fcy\u00fck \u015fairleri taklit etmekten \u00f6teye gidememi\u015f taklit\u00e7i veya bir muakkip olarak de\u011ferlendirilmesi gereken \u015fairlerden de bahsedilmi\u015ftir. Kanaatimize g\u00f6re bu ikinci s\u0131n\u0131fa d\u00e2hil edilebilecek \u015fairlerden biri de on sekizinci y\u00fczy\u0131l\u0131n ba\u015f\u0131nda vefat eden Nikat\u00ee\u2019dir.<\/p>\n","protected":false},"excerpt":{"rendered":"<p>Klasik T\u00fcrk \u015fiirinin en verimli d\u00f6nemlerinden biri olarak kabul edilen on yedinci y\u00fczy\u0131l Sebk-i Hindi \u00fcslubunun etkisini g\u00f6sterdi\u011fi; Nabi, Nefi, Ne\u015fat\u00ee, \u015eeyh\u00fclislam Yahya, Bahay\u00ee gibi kudretli<span class=\"excerpt-hellip\"> [\u2026]<\/span><\/p>\n","protected":false},"featured_media":0,"template":"","meta":{"_monsterinsights_skip_tracking":false,"_monsterinsights_sitenote_active":false,"_monsterinsights_sitenote_note":"","_monsterinsights_sitenote_category":0},"product_brand":[],"product_cat":[13072,12291],"product_tag":[],"class_list":{"0":"post-758195","1":"product","2":"type-product","3":"status-publish","5":"product_cat-arastirma-inceleme-referans","6":"product_cat-edebiyat","7":"pa_cilt-ciltsiz","8":"pa_tur-kitap","9":"pa_yayinevi-ihlamur-akademi","10":"pa_yazar-ahmet-topal","11":"pa_yazar-serkan-turkoglu","13":"first","14":"instock","15":"sale","16":"shipping-taxable","17":"purchasable","18":"product-type-simple"},"_links":{"self":[{"href":"https:\/\/roveyayinevi.com.tr\/index.php\/wp-json\/wp\/v2\/product\/758195","targetHints":{"allow":["GET"]}}],"collection":[{"href":"https:\/\/roveyayinevi.com.tr\/index.php\/wp-json\/wp\/v2\/product"}],"about":[{"href":"https:\/\/roveyayinevi.com.tr\/index.php\/wp-json\/wp\/v2\/types\/product"}],"wp:attachment":[{"href":"https:\/\/roveyayinevi.com.tr\/index.php\/wp-json\/wp\/v2\/media?parent=758195"}],"wp:term":[{"taxonomy":"product_brand","embeddable":true,"href":"https:\/\/roveyayinevi.com.tr\/index.php\/wp-json\/wp\/v2\/product_brand?post=758195"},{"taxonomy":"product_cat","embeddable":true,"href":"https:\/\/roveyayinevi.com.tr\/index.php\/wp-json\/wp\/v2\/product_cat?post=758195"},{"taxonomy":"product_tag","embeddable":true,"href":"https:\/\/roveyayinevi.com.tr\/index.php\/wp-json\/wp\/v2\/product_tag?post=758195"}],"curies":[{"name":"wp","href":"https:\/\/api.w.org\/{rel}","templated":true}]}}