{"id":758194,"date":"2025-08-28T07:57:31","date_gmt":"2025-08-28T04:57:31","guid":{"rendered":"https:\/\/roveyayinevi.com.tr\/index.php\/urun\/cagdas-lilith-gulseli-inal\/"},"modified":"2026-04-16T03:11:19","modified_gmt":"2026-04-16T00:11:19","slug":"cagdas-lilith-gulseli-inal","status":"publish","type":"product","link":"https:\/\/roveyayinevi.com.tr\/index.php\/urun\/cagdas-lilith-gulseli-inal\/","title":{"rendered":"\u00c7a\u011fda\u015f Lilith G\u00fclseli \u0130nal"},"content":{"rendered":"<p>\u201cBir s\u00fcre sonra G\u00fclseli \u0130nal\u2019\u0131n \u015fiirleri yay\u0131nlanmaya ba\u015flad\u0131. Neresinden al\u0131rsan\u0131z de\u011fi\u015fik, g\u00fczel \u015fiirlerdi bunlar\u2026\u201dCEMAL S\u00dcREYA \u201cG\u00fclseli \u0130nal\u2019\u0131n \u015fiiri ilgin\u00e7 olmay\u0131 s\u00fcrd\u00fcr\u00fcyor. \u0130lgin\u00e7 \u00e7\u00fcnk\u00fc g\u00fcn\u00fcm\u00fczde yaz\u0131lan \u015fiirin olduk\u00e7a d\u0131\u015f\u0131nda seyrediyor\u2026 Bereketli bir kaynaktan kalkarak imk\u00e2nl\u0131 bir \u015fiir geli\u015ftirmi\u015f \u0130nal. Gelecek kitaplar\u0131nda bunun daha da g\u00fczel \u00f6rneklerini okuyaca\u011f\u0131m\u0131z\u0131 d\u00fc\u015f\u00fcn\u00fcyorum. \u00c7\u00fcnk\u00fc \u00e7ok renkli, \u00e7arp\u0131c\u0131, \u015fa\u015f\u0131rt\u0131c\u0131 imgeler ve sonsuz \u00e7a\u011fr\u0131\u015f\u0131mlar\u0131n olu\u015fturdu\u011fu bu mozaikten yeni s\u00fcrprizler beklenebilir.\u201dHAYDAR ERG\u00dcLEN \u201c\u0130nal, sezgiler d\u00fcnyas\u0131nda, \u015fiir dilinin olgunlu\u011funda, apayr\u0131 bir ince duyarl\u0131l\u0131kla gezinen ve bizleri gezdiren yeni bir ki\u015fili\u011fin e\u015fi\u011fine varm\u0131\u015f bir \u015fairdir\u2026 \u0130nal\u2019\u0131n \u015fiiri yery\u00fcz\u00fcnden kopup y\u0131ld\u0131zlara uzanan bir d\u00fc\u015f ger\u00e7e\u011fine s\u0131k\u0131 s\u0131k\u0131ya ba\u011fl\u0131d\u0131r\u2026\u201dVEDAT G\u00dcNYOL \u201cA\u00e7\u0131n kapa\u011f\u0131 ve sayfalar\u0131n r\u00fczg\u00e2r\u0131ndan sonra korkmadan b\u0131rak\u0131n kendinizi okyanusun ba\u011fr\u0131na. G\u00fcvenin dibe yakla\u015f\u0131rken hayatta kalaca\u011f\u0131n\u0131za.\u201dTARIK G\u00dcNERSEL<\/p>\n","protected":false},"excerpt":{"rendered":"<p>\u201cBir s\u00fcre sonra G\u00fclseli \u0130nal\u2019\u0131n \u015fiirleri yay\u0131nlanmaya ba\u015flad\u0131. Neresinden al\u0131rsan\u0131z de\u011fi\u015fik, g\u00fczel \u015fiirlerdi bunlar\u2026\u201dCEMAL S\u00dcREYA \u201cG\u00fclseli \u0130nal\u2019\u0131n \u015fiiri ilgin\u00e7 olmay\u0131 s\u00fcrd\u00fcr\u00fcyor. \u0130lgin\u00e7 \u00e7\u00fcnk\u00fc g\u00fcn\u00fcm\u00fczde yaz\u0131lan \u015fiirin<span class=\"excerpt-hellip\"> [\u2026]<\/span><\/p>\n","protected":false},"featured_media":0,"template":"","meta":{"_monsterinsights_skip_tracking":false,"_monsterinsights_sitenote_active":false,"_monsterinsights_sitenote_note":"","_monsterinsights_sitenote_category":0},"product_brand":[],"product_cat":[13072,12291],"product_tag":[],"class_list":{"0":"post-758194","1":"product","2":"type-product","3":"status-publish","5":"product_cat-arastirma-inceleme-referans","6":"product_cat-edebiyat","7":"pa_cilt-ciltsiz","8":"pa_tur-kitap","9":"pa_yayinevi-ihlamur-akademi","10":"pa_yazar-tuba-dalar","12":"first","13":"instock","14":"sale","15":"shipping-taxable","16":"purchasable","17":"product-type-simple"},"_links":{"self":[{"href":"https:\/\/roveyayinevi.com.tr\/index.php\/wp-json\/wp\/v2\/product\/758194","targetHints":{"allow":["GET"]}}],"collection":[{"href":"https:\/\/roveyayinevi.com.tr\/index.php\/wp-json\/wp\/v2\/product"}],"about":[{"href":"https:\/\/roveyayinevi.com.tr\/index.php\/wp-json\/wp\/v2\/types\/product"}],"wp:attachment":[{"href":"https:\/\/roveyayinevi.com.tr\/index.php\/wp-json\/wp\/v2\/media?parent=758194"}],"wp:term":[{"taxonomy":"product_brand","embeddable":true,"href":"https:\/\/roveyayinevi.com.tr\/index.php\/wp-json\/wp\/v2\/product_brand?post=758194"},{"taxonomy":"product_cat","embeddable":true,"href":"https:\/\/roveyayinevi.com.tr\/index.php\/wp-json\/wp\/v2\/product_cat?post=758194"},{"taxonomy":"product_tag","embeddable":true,"href":"https:\/\/roveyayinevi.com.tr\/index.php\/wp-json\/wp\/v2\/product_tag?post=758194"}],"curies":[{"name":"wp","href":"https:\/\/api.w.org\/{rel}","templated":true}]}}