{"id":758193,"date":"2025-08-28T07:57:29","date_gmt":"2025-08-28T04:57:29","guid":{"rendered":"https:\/\/roveyayinevi.com.tr\/index.php\/urun\/ruhi-naci-sagdic\/"},"modified":"2026-04-16T03:11:19","modified_gmt":"2026-04-16T00:11:19","slug":"ruhi-naci-sagdic","status":"publish","type":"product","link":"https:\/\/roveyayinevi.com.tr\/index.php\/urun\/ruhi-naci-sagdic\/","title":{"rendered":"Ruhi Naci Sa\u011fd\u0131\u00e7"},"content":{"rendered":"<p>Ruhi Naci Sa\u011fd\u0131\u00e7 (do\u011f.1895- \u00f6l.1958), \u201cEdremitli Ruhi Naci\u201d ad\u0131yla edeb\u00ee faaliyetine ba\u015flam\u0131\u015f Cumhuriyet d\u00f6nemi \u015fair ve k\u00fclt\u00fcr adam\u0131d\u0131r. \u015eairli\u011fi yan\u0131nda Edremit ve \u00e7evresinde Mill\u00ee M\u00fccadele\u2019deki ba\u015far\u0131l\u0131 hizmetleriyle tan\u0131nm\u0131\u015f bir Kuv\u00e2-y\u0131 Milliyecidir.  D\u00f6nemin b\u00f6lgesel ve ulusal yay\u0131n organlar\u0131nda yaz\u0131 faaliyetinde bulunan Ruhi Naci\u2019nin, Sad\u00e2-y\u0131 Hak gibi \u0130zmir gazetelerinin yan\u0131nda Karesi, \u0130zmir\u2019e Do\u011fru gibi Bal\u0131kesir gazetelerinde de eserleri mevcuttur. Ruhi Naci, Cumhuriyet D\u00f6nemi\u2019nden sonra yay\u0131na ba\u015flayan Bal\u0131kesir\u2019in uzun soluklu gazetelerinden T\u00fcrk Dili\u2019nde ne\u015fretti\u011fi \u015fiir ve nesirleri ile dikkati \u00e7ekmi\u015ftir. Edebiyat tarihimizin \u00f6nemli yay\u0131n mecralar\u0131ndan Dilek, \u00c7a\u011flayan, Irmak gibi edebiyat dergilerinin kurucular\u0131ndan olan Ruhi Naci, Sebil\u00fcrre\u015fat dergisinde de yazm\u0131\u015ft\u0131r. Vakit ve Yeni Sabah gazetelerinde muhabirlik ve k\u00f6\u015fe yazarl\u0131\u011f\u0131 yapm\u0131\u015ft\u0131r.<\/p>\n","protected":false},"excerpt":{"rendered":"<p>Ruhi Naci Sa\u011fd\u0131\u00e7 (do\u011f.1895- \u00f6l.1958), \u201cEdremitli Ruhi Naci\u201d ad\u0131yla edeb\u00ee faaliyetine ba\u015flam\u0131\u015f Cumhuriyet d\u00f6nemi \u015fair ve k\u00fclt\u00fcr adam\u0131d\u0131r. \u015eairli\u011fi yan\u0131nda Edremit ve \u00e7evresinde Mill\u00ee M\u00fccadele\u2019deki ba\u015far\u0131l\u0131<span class=\"excerpt-hellip\"> [\u2026]<\/span><\/p>\n","protected":false},"featured_media":0,"template":"","meta":{"_monsterinsights_skip_tracking":false,"_monsterinsights_sitenote_active":false,"_monsterinsights_sitenote_note":"","_monsterinsights_sitenote_category":0},"product_brand":[],"product_cat":[14009,12291],"product_tag":[],"class_list":{"0":"post-758193","1":"product","2":"type-product","3":"status-publish","5":"product_cat-biyografi-otobiyografi-edebiyat","6":"product_cat-edebiyat","7":"pa_cilt-ciltsiz","8":"pa_tur-kitap","9":"pa_yayinevi-ihlamur-akademi","10":"pa_yazar-zeliha-kapukaya","12":"first","13":"instock","14":"sale","15":"shipping-taxable","16":"purchasable","17":"product-type-simple"},"_links":{"self":[{"href":"https:\/\/roveyayinevi.com.tr\/index.php\/wp-json\/wp\/v2\/product\/758193","targetHints":{"allow":["GET"]}}],"collection":[{"href":"https:\/\/roveyayinevi.com.tr\/index.php\/wp-json\/wp\/v2\/product"}],"about":[{"href":"https:\/\/roveyayinevi.com.tr\/index.php\/wp-json\/wp\/v2\/types\/product"}],"wp:attachment":[{"href":"https:\/\/roveyayinevi.com.tr\/index.php\/wp-json\/wp\/v2\/media?parent=758193"}],"wp:term":[{"taxonomy":"product_brand","embeddable":true,"href":"https:\/\/roveyayinevi.com.tr\/index.php\/wp-json\/wp\/v2\/product_brand?post=758193"},{"taxonomy":"product_cat","embeddable":true,"href":"https:\/\/roveyayinevi.com.tr\/index.php\/wp-json\/wp\/v2\/product_cat?post=758193"},{"taxonomy":"product_tag","embeddable":true,"href":"https:\/\/roveyayinevi.com.tr\/index.php\/wp-json\/wp\/v2\/product_tag?post=758193"}],"curies":[{"name":"wp","href":"https:\/\/api.w.org\/{rel}","templated":true}]}}