{"id":758192,"date":"2025-08-28T07:57:28","date_gmt":"2025-08-28T04:57:28","guid":{"rendered":"https:\/\/roveyayinevi.com.tr\/index.php\/urun\/menasik-i-hacc\/"},"modified":"2026-04-16T03:11:19","modified_gmt":"2026-04-16T00:11:19","slug":"menasik-i-hacc","status":"publish","type":"product","link":"https:\/\/roveyayinevi.com.tr\/index.php\/urun\/menasik-i-hacc\/","title":{"rendered":"Menasik-i Hacc"},"content":{"rendered":"<p>D\u00fc\u015f\u00fcnme, mant\u0131k ve konu\u015fma ile birlikte ve ayn\u0131 zamanda bu hasletlerin bir sonucu olarak din; yaln\u0131zca insana has k\u0131l\u0131nm\u0131\u015f, bu konudaki sorumluluk insanla beraber var olmu\u015ftur. Semav\u00ee olsun olmas\u0131n t\u00fcm dinlerde de insana \u00e7e\u015fitli sorumluluklar y\u00fcklenmi\u015f, ideal insan tipinin \u00e7er\u00e7evesi din\u00ee h\u00fck\u00fcmlerle sabitlenerek \u00e7e\u015fitli kural ve kaidelere ba\u011flanm\u0131\u015ft\u0131r. Bu kural ve kaidelerdeki maksat, insan\u0131 yaratac\u0131s\u0131na yakla\u015ft\u0131rmak, insan ile yarat\u0131c\u0131s\u0131 aras\u0131nda bir k\u00f6pr\u00fc kurmakt\u0131r. Semav\u00ee olmayan dinlerde dahi g\u00f6zlemlenebilen kutsal mek\u00e2n ziyareti, insan\u0131n yarat\u0131c\u0131s\u0131na yakla\u015fma vesilesidir. Di\u011fer dinlere k\u0131yasla hac ibadeti, kutsal mek\u00e2n ziyaretinden ziyade tam tekmil bir ibadet h\u00fckm\u00fcndedir. Bu h\u00fck\u00fcmleri bildiren pek \u00e7ok eser gerek Arap\u00e7a ve Fars\u00e7a gerekse T\u00fcrk\u00e7e kaleme al\u0131nm\u0131\u015ft\u0131r. T\u00fcrklerin \u0130sl\u00e2miyete intibaklar\u0131n\u0131n neticesinde ilk y\u0131llardan itibaren ba\u015fta sat\u0131r alt\u0131 Kur\u2019\u00e2n terc\u00fcmeleri olmak \u00fczere din\u00ee i\u00e7erikli pek \u00e7ok eser kaleme al\u0131nm\u0131\u015f ve hatta din d\u0131\u015f\u0131 eserlerde dahi din\u00ee referanslar verilmi\u015f, tevhid, na\u2019t gibi b\u00f6l\u00fcmler bu eserlerin ilk sayfalar\u0131nda yer tutmu\u015ftur. \u00c7al\u0131\u015fmam\u0131za konu olan Men\u00e2sik-i Hacc isimli eser, men\u00e2sik tarzda kaleme al\u0131nm\u0131\u015f nadide bir eserdir. \u00c7al\u0131\u015fmam\u0131zda bu eserin transkirpsiyonlu metnine ve dil incelemesine yer verilmi\u015ftir. Bu \u00e7al\u0131\u015fman\u0131n hac edebiyat\u0131 ve T\u00fcrk dili \u00e7al\u0131\u015fmalar\u0131na ufak da olsa bir katk\u0131 sa\u011flayaca\u011f\u0131 temennisindeyiz.<\/p>\n","protected":false},"excerpt":{"rendered":"<p>D\u00fc\u015f\u00fcnme, mant\u0131k ve konu\u015fma ile birlikte ve ayn\u0131 zamanda bu hasletlerin bir sonucu olarak din; yaln\u0131zca insana has k\u0131l\u0131nm\u0131\u015f, bu konudaki sorumluluk insanla beraber var olmu\u015ftur.<span class=\"excerpt-hellip\"> [\u2026]<\/span><\/p>\n","protected":false},"featured_media":0,"template":"","meta":{"_monsterinsights_skip_tracking":false,"_monsterinsights_sitenote_active":false,"_monsterinsights_sitenote_note":"","_monsterinsights_sitenote_category":0},"product_brand":[],"product_cat":[12718,12719],"product_tag":[],"class_list":{"0":"post-758192","1":"product","2":"type-product","3":"status-publish","5":"product_cat-din","6":"product_cat-islam","7":"pa_cilt-ciltsiz","8":"pa_tur-kitap","9":"pa_yayinevi-ihlamur-akademi","10":"pa_yazar-ihlamur-kollektif","12":"first","13":"instock","14":"sale","15":"shipping-taxable","16":"purchasable","17":"product-type-simple"},"_links":{"self":[{"href":"https:\/\/roveyayinevi.com.tr\/index.php\/wp-json\/wp\/v2\/product\/758192","targetHints":{"allow":["GET"]}}],"collection":[{"href":"https:\/\/roveyayinevi.com.tr\/index.php\/wp-json\/wp\/v2\/product"}],"about":[{"href":"https:\/\/roveyayinevi.com.tr\/index.php\/wp-json\/wp\/v2\/types\/product"}],"wp:attachment":[{"href":"https:\/\/roveyayinevi.com.tr\/index.php\/wp-json\/wp\/v2\/media?parent=758192"}],"wp:term":[{"taxonomy":"product_brand","embeddable":true,"href":"https:\/\/roveyayinevi.com.tr\/index.php\/wp-json\/wp\/v2\/product_brand?post=758192"},{"taxonomy":"product_cat","embeddable":true,"href":"https:\/\/roveyayinevi.com.tr\/index.php\/wp-json\/wp\/v2\/product_cat?post=758192"},{"taxonomy":"product_tag","embeddable":true,"href":"https:\/\/roveyayinevi.com.tr\/index.php\/wp-json\/wp\/v2\/product_tag?post=758192"}],"curies":[{"name":"wp","href":"https:\/\/api.w.org\/{rel}","templated":true}]}}