{"id":758191,"date":"2025-08-28T07:57:26","date_gmt":"2025-08-28T04:57:26","guid":{"rendered":"https:\/\/roveyayinevi.com.tr\/index.php\/urun\/incili-cavus-fikralarinda-egitici-degerler\/"},"modified":"2026-04-16T03:11:19","modified_gmt":"2026-04-16T00:11:19","slug":"incili-cavus-fikralarinda-egitici-degerler","status":"publish","type":"product","link":"https:\/\/roveyayinevi.com.tr\/index.php\/urun\/incili-cavus-fikralarinda-egitici-degerler\/","title":{"rendered":"\u0130ncili \u00c7avu\u015f F\u0131kralar\u0131nda E\u011fitici De\u011ferler"},"content":{"rendered":"<p>\u0130ncili \u00c7avu\u015f f\u0131kralar\u0131ndaki de\u011fer zenginli\u011fini g\u00fcn y\u00fcz\u00fcne \u00e7\u0131karmak bu \u00e7al\u0131\u015fma i\u00e7in \u00f6nemlidir. F\u0131kra kahraman\u0131 \u0130ncili \u00c7avu\u015f vaktiyle Osmanl\u0131 saray\u0131nda bulunmu\u015f, ince bir n\u00fckte ve derin bir mizah ustas\u0131d\u0131r. \u00d6yle ki, bazen sayfalarca kelime y\u00fck\u00fcyle anlat\u0131labilecek e\u011fitsel bir iletiyi \u0130ncili \u00c7avu\u015f f\u0131kralar\u0131nda yaln\u0131zca birka\u00e7 c\u00fcmleyle, \u00f6z, mizah\u00ee ve etkili \u015fekilde bulmak m\u00fcmk\u00fcnd\u00fcr.\u00c7al\u0131\u015fmada konu edilen \u0130ncili \u00c7avu\u015f f\u0131kralar\u0131ndan bir k\u0131sm\u0131, i\u00e7inden \u00e7\u0131k\u0131lmas\u0131 zor durumlardan haz\u0131rcevapl\u0131kla bir \u00e7\u0131rp\u0131da kurtulmay\u0131 anlat\u0131r; baz\u0131lar\u0131 g\u00f6steri\u015f d\u00fc\u015fk\u00fcnlerinin, kibirli insanlar\u0131n ya\u015fad\u0131klar\u0131 olaylar neticesinde nas\u0131l pi\u015fman olduklar\u0131na de\u011finir; baz\u0131lar\u0131nda ise \u00f6z\u00fc s\u00f6z\u00fc bir, merhametli, cesur insanlar \u00f6v\u00fcl\u00fcr, y\u00fcceltilir. K\u0131sacas\u0131 s\u00f6z konusu f\u0131kralar tek bir konu etraf\u0131nda \u015fekillenmez. Farkl\u0131 konular \u00e7e\u015fitli bak\u0131\u015f a\u00e7\u0131lar\u0131yla ele al\u0131n\u0131r; sosyal ve din\u00ee bir\u00e7ok de\u011fer ilgi \u00e7ekici k\u00fc\u00e7\u00fck k\u0131ssalar etraf\u0131nda \u00e2det\u00e2 somutla\u015ft\u0131r\u0131l\u0131r.<\/p>\n","protected":false},"excerpt":{"rendered":"<p>\u0130ncili \u00c7avu\u015f f\u0131kralar\u0131ndaki de\u011fer zenginli\u011fini g\u00fcn y\u00fcz\u00fcne \u00e7\u0131karmak bu \u00e7al\u0131\u015fma i\u00e7in \u00f6nemlidir. F\u0131kra kahraman\u0131 \u0130ncili \u00c7avu\u015f vaktiyle Osmanl\u0131 saray\u0131nda bulunmu\u015f, ince bir n\u00fckte ve derin bir<span class=\"excerpt-hellip\"> [\u2026]<\/span><\/p>\n","protected":false},"featured_media":0,"template":"","meta":{"_monsterinsights_skip_tracking":false,"_monsterinsights_sitenote_active":false,"_monsterinsights_sitenote_note":"","_monsterinsights_sitenote_category":0},"product_brand":[],"product_cat":[13072,12291],"product_tag":[],"class_list":{"0":"post-758191","1":"product","2":"type-product","3":"status-publish","5":"product_cat-arastirma-inceleme-referans","6":"product_cat-edebiyat","7":"pa_cilt-ciltsiz","8":"pa_tur-kitap","9":"pa_yayinevi-ihlamur-akademi","10":"pa_yazar-hasan-kavruk","11":"pa_yazar-nursen-yildirim","13":"first","14":"instock","15":"sale","16":"shipping-taxable","17":"purchasable","18":"product-type-simple"},"_links":{"self":[{"href":"https:\/\/roveyayinevi.com.tr\/index.php\/wp-json\/wp\/v2\/product\/758191","targetHints":{"allow":["GET"]}}],"collection":[{"href":"https:\/\/roveyayinevi.com.tr\/index.php\/wp-json\/wp\/v2\/product"}],"about":[{"href":"https:\/\/roveyayinevi.com.tr\/index.php\/wp-json\/wp\/v2\/types\/product"}],"wp:attachment":[{"href":"https:\/\/roveyayinevi.com.tr\/index.php\/wp-json\/wp\/v2\/media?parent=758191"}],"wp:term":[{"taxonomy":"product_brand","embeddable":true,"href":"https:\/\/roveyayinevi.com.tr\/index.php\/wp-json\/wp\/v2\/product_brand?post=758191"},{"taxonomy":"product_cat","embeddable":true,"href":"https:\/\/roveyayinevi.com.tr\/index.php\/wp-json\/wp\/v2\/product_cat?post=758191"},{"taxonomy":"product_tag","embeddable":true,"href":"https:\/\/roveyayinevi.com.tr\/index.php\/wp-json\/wp\/v2\/product_tag?post=758191"}],"curies":[{"name":"wp","href":"https:\/\/api.w.org\/{rel}","templated":true}]}}