{"id":758190,"date":"2025-08-28T07:57:24","date_gmt":"2025-08-28T04:57:24","guid":{"rendered":"https:\/\/roveyayinevi.com.tr\/index.php\/urun\/hasan-basri-cantay\/"},"modified":"2026-04-16T03:11:19","modified_gmt":"2026-04-16T00:11:19","slug":"hasan-basri-cantay","status":"publish","type":"product","link":"https:\/\/roveyayinevi.com.tr\/index.php\/urun\/hasan-basri-cantay\/","title":{"rendered":"Hasan Basri \u00c7antay"},"content":{"rendered":"<p>Hasan Basri \u00c7antay (do\u011f. 18 Kas\u0131m 1887-\u00f6l. 3 Aral\u0131k 1964), 20. yy. T\u00fcrk k\u00fclt\u00fcr ve edebiyat\u0131nda iz b\u0131rakm\u0131\u015f \u00e7ok y\u00f6nl\u00fc bir \u015fahsiyettir. Dil, edebiyat, tarih, hukuk vb. sosyal ve k\u00fclt\u00fcrel alanlarda \u00f6nemli say\u0131da eser ve yaz\u0131 ne\u015freden \u00c7antay, ayn\u0131 zamanda bir Kuv\u00e2-y\u0131 Milliye kahraman\u0131 ve Cumhuriyet D\u00f6nemi siyaset adam\u0131d\u0131r. \u00c7antay\u2019\u0131n kanaat \u00f6nderli\u011fi ve gazetecili\u011fi \u015fahsiyetinin di\u011fer y\u00f6nlerini olu\u015fturur.II. Me\u015fr\u00fbtiyet D\u00f6nemi\u2019nde ba\u015flayan \u00c7antay\u2019\u0131n yaz\u0131 faaliyeti, hayat\u0131n\u0131n sonuna kadar devam etmi\u015ftir. \u00c7antay; Y\u0131ld\u0131r\u0131m, Nasihat, Karesi, Do\u011fru S\u00f6z, Ses, \u0130zmir\u2019e Do\u011fru, Zafer-i Mill\u00ee, T\u00fcrk Dili, Bal\u0131kesir Postas\u0131, Bal\u0131kesir Adalet gibi Bal\u0131kesir\u2019de \u00e7\u0131kan gazetelerde gerek y\u00f6neticilik gerekse de yazarl\u0131k faaliyeti ile T\u00fcrk k\u00fclt\u00fcr ve edebiyat\u0131nda iz b\u0131rakm\u0131\u015f bir isimdir. \u00c7antay\u2019\u0131n siyas\u00ee hayat\u0131n\u0131 \u015fekillendiren ve onu Kuv\u00e2-y\u0131 Milliye kahraman\u0131 yapan olaylar M\u00fct\u00e2reke D\u00f6nemi\u2019nde ger\u00e7ekle\u015fir. Ayr\u0131ca Bal\u0131kesir k\u00f6kenli Irmak, Gen\u00e7ler Yolu, Kaynak gibi dergilerin yan\u0131nda S\u0131r\u00e2t-\u0131 M\u00fcstak\u00eem, Sebil\u00fcrre\u015fat, Tanr\u0131da\u011f, \u0130sl\u00e2m ve \u0130sl\u00e2m\u2019\u0131n Nuru gibi mecmualarda da yaz\u0131 ve \u015fiirler ne\u015fretmi\u015ftir. \u00c7antay\u2019\u0131n \u00f6nemli say\u0131da bas\u0131lm\u0131\u015f ve bas\u0131lamam\u0131\u015f telif ve terc\u00fcme eseri bulunmaktad\u0131r.<\/p>\n","protected":false},"excerpt":{"rendered":"<p>Hasan Basri \u00c7antay (do\u011f. 18 Kas\u0131m 1887-\u00f6l. 3 Aral\u0131k 1964), 20. yy. T\u00fcrk k\u00fclt\u00fcr ve edebiyat\u0131nda iz b\u0131rakm\u0131\u015f \u00e7ok y\u00f6nl\u00fc bir \u015fahsiyettir. Dil, edebiyat, tarih, hukuk<span class=\"excerpt-hellip\"> [\u2026]<\/span><\/p>\n","protected":false},"featured_media":0,"template":"","meta":{"_monsterinsights_skip_tracking":false,"_monsterinsights_sitenote_active":false,"_monsterinsights_sitenote_note":"","_monsterinsights_sitenote_category":0},"product_brand":[],"product_cat":[14009,12291],"product_tag":[],"class_list":{"0":"post-758190","1":"product","2":"type-product","3":"status-publish","5":"product_cat-biyografi-otobiyografi-edebiyat","6":"product_cat-edebiyat","7":"pa_cilt-ciltsiz","8":"pa_tur-kitap","9":"pa_yayinevi-ihlamur-akademi","10":"pa_yazar-zeliha-kapukaya","12":"first","13":"instock","14":"sale","15":"shipping-taxable","16":"purchasable","17":"product-type-simple"},"_links":{"self":[{"href":"https:\/\/roveyayinevi.com.tr\/index.php\/wp-json\/wp\/v2\/product\/758190","targetHints":{"allow":["GET"]}}],"collection":[{"href":"https:\/\/roveyayinevi.com.tr\/index.php\/wp-json\/wp\/v2\/product"}],"about":[{"href":"https:\/\/roveyayinevi.com.tr\/index.php\/wp-json\/wp\/v2\/types\/product"}],"wp:attachment":[{"href":"https:\/\/roveyayinevi.com.tr\/index.php\/wp-json\/wp\/v2\/media?parent=758190"}],"wp:term":[{"taxonomy":"product_brand","embeddable":true,"href":"https:\/\/roveyayinevi.com.tr\/index.php\/wp-json\/wp\/v2\/product_brand?post=758190"},{"taxonomy":"product_cat","embeddable":true,"href":"https:\/\/roveyayinevi.com.tr\/index.php\/wp-json\/wp\/v2\/product_cat?post=758190"},{"taxonomy":"product_tag","embeddable":true,"href":"https:\/\/roveyayinevi.com.tr\/index.php\/wp-json\/wp\/v2\/product_tag?post=758190"}],"curies":[{"name":"wp","href":"https:\/\/api.w.org\/{rel}","templated":true}]}}