{"id":758189,"date":"2025-08-28T07:57:22","date_gmt":"2025-08-28T04:57:22","guid":{"rendered":"https:\/\/roveyayinevi.com.tr\/index.php\/urun\/divance-i-ersed\/"},"modified":"2026-04-16T03:11:19","modified_gmt":"2026-04-16T00:11:19","slug":"divance-i-ersed","status":"publish","type":"product","link":"https:\/\/roveyayinevi.com.tr\/index.php\/urun\/divance-i-ersed\/","title":{"rendered":"Divan\u00e7e-i Er\u015fed"},"content":{"rendered":"<p>Eser, Medine Arif Hikmet K\u00fct\u00fcphanesi 117\/811 numarada \u201cD\u00eev\u00e2n\u201d olarak kay\u0131tl\u0131 olmas\u0131yla birlikte Er\u015fed\u2019in baz\u0131 \u015fiirlerinde kendi eserini \u201cd\u00eev\u00e2n\u00e7e\u201d olarak nitelemesi sebebiyle, kitab\u0131m\u0131za \u201cD\u00eev\u00e2n\u00e7e-i Er\u015fed\u201d ad\u0131n\u0131 vermeyi uygun g\u00f6rd\u00fck. Ara\u015ft\u0131rmalar\u0131m\u0131z neticesinde ba\u015fka bir n\u00fcshas\u0131 tespit edilemeyen eserin m\u00fcellif hatt\u0131 olmas\u0131 kuvvetle muhtemeldir. \u015eiirlerinden; abisiyle birlikte Hicaz\u2019a gitti\u011fi, babas\u0131n\u0131n vefat\u0131ndan sonra \u00e7ok s\u0131k\u0131nt\u0131lar \u00e7ekti\u011fi, kendisine d\u00fc\u015fmanl\u0131k besleyen insanlar\u0131n bulundu\u011fu anla\u015f\u0131lan Er\u015fed, eserini 21 ya\u015f\u0131nda tamamlam\u0131\u015f ve 29 ya\u015f\u0131nda vefat etmi\u015ftir. Bu erken \u00f6l\u00fcme telmihte bulunmak i\u00e7in kitab\u0131m\u0131z\u0131n kapa\u011f\u0131na k\u0131r\u0131k g\u00fcl fig\u00fcr\u00fc koymay\u0131 tercih ettik. \u015eair eserinin \u00f6n s\u00f6z\u00fcnde unutulmak istemedi\u011fini bu nedenle bir\u00e7ok \u015fiir yazd\u0131\u011f\u0131n\u0131 s\u00f6ylemekte, eserini okuyan ki\u015filerden de kendisine hay\u0131r dua etmelerini istemektedir&#8230;Ne diyelim, Allah Er\u015fed\u2019e rahmetler eylesin&#8230;<\/p>\n","protected":false},"excerpt":{"rendered":"<p>Eser, Medine Arif Hikmet K\u00fct\u00fcphanesi 117\/811 numarada \u201cD\u00eev\u00e2n\u201d olarak kay\u0131tl\u0131 olmas\u0131yla birlikte Er\u015fed\u2019in baz\u0131 \u015fiirlerinde kendi eserini \u201cd\u00eev\u00e2n\u00e7e\u201d olarak nitelemesi sebebiyle, kitab\u0131m\u0131za \u201cD\u00eev\u00e2n\u00e7e-i Er\u015fed\u201d ad\u0131n\u0131 vermeyi<span class=\"excerpt-hellip\"> [\u2026]<\/span><\/p>\n","protected":false},"featured_media":0,"template":"","meta":{"_monsterinsights_skip_tracking":false,"_monsterinsights_sitenote_active":false,"_monsterinsights_sitenote_note":"","_monsterinsights_sitenote_category":0},"product_brand":[],"product_cat":[13072,12291],"product_tag":[],"class_list":{"0":"post-758189","1":"product","2":"type-product","3":"status-publish","5":"product_cat-arastirma-inceleme-referans","6":"product_cat-edebiyat","7":"pa_cilt-ciltsiz","8":"pa_tur-kitap","9":"pa_yayinevi-ihlamur-akademi","10":"pa_yazar-ihlamur-kollektif","12":"first","13":"instock","14":"sale","15":"shipping-taxable","16":"purchasable","17":"product-type-simple"},"_links":{"self":[{"href":"https:\/\/roveyayinevi.com.tr\/index.php\/wp-json\/wp\/v2\/product\/758189","targetHints":{"allow":["GET"]}}],"collection":[{"href":"https:\/\/roveyayinevi.com.tr\/index.php\/wp-json\/wp\/v2\/product"}],"about":[{"href":"https:\/\/roveyayinevi.com.tr\/index.php\/wp-json\/wp\/v2\/types\/product"}],"wp:attachment":[{"href":"https:\/\/roveyayinevi.com.tr\/index.php\/wp-json\/wp\/v2\/media?parent=758189"}],"wp:term":[{"taxonomy":"product_brand","embeddable":true,"href":"https:\/\/roveyayinevi.com.tr\/index.php\/wp-json\/wp\/v2\/product_brand?post=758189"},{"taxonomy":"product_cat","embeddable":true,"href":"https:\/\/roveyayinevi.com.tr\/index.php\/wp-json\/wp\/v2\/product_cat?post=758189"},{"taxonomy":"product_tag","embeddable":true,"href":"https:\/\/roveyayinevi.com.tr\/index.php\/wp-json\/wp\/v2\/product_tag?post=758189"}],"curies":[{"name":"wp","href":"https:\/\/api.w.org\/{rel}","templated":true}]}}