{"id":758187,"date":"2025-08-28T07:57:20","date_gmt":"2025-08-28T04:57:20","guid":{"rendered":"https:\/\/roveyayinevi.com.tr\/index.php\/urun\/s-sami-ilker-armagani\/"},"modified":"2026-04-16T03:11:19","modified_gmt":"2026-04-16T00:11:19","slug":"s-sami-ilker-armagani","status":"publish","type":"product","link":"https:\/\/roveyayinevi.com.tr\/index.php\/urun\/s-sami-ilker-armagani\/","title":{"rendered":"S. Sami \u0130lker Arma\u011fan\u0131"},"content":{"rendered":"<p>1956 y\u0131l\u0131nda Manisa\u2019n\u0131n G\u00f6rdes il\u00e7esinde d\u00fcnyaya gelen Prof. Dr. S\u00fcleyman Sami \u0130lker; i\u015f disiplini ve \u00e7al\u0131\u015fkanl\u0131\u011f\u0131 ile T\u0131p camias\u0131nda m\u00fcmtaz bir yere sahip olmu\u015ftur.  Hocam\u0131z; T\u00fcrk diline, T\u00fcrk k\u00fclt\u00fcr\u00fcne ve T\u00fcrk tarihine olan i\u00e7ten ba\u011fl\u0131l\u0131\u011f\u0131 ile de g\u00f6n\u00fclleri fethetmi\u015ftir. Al\u00e7ak g\u00f6n\u00fcll\u00fc, yard\u0131msever, iyi niyetli ve her zaman yap\u0131c\u0131 bir karaktere sahip olan \u0130lker, geride silinmez bir iz b\u0131rakm\u0131\u015ft\u0131r. Edebiyata ve g\u00fczel sanatlar\u0131n hemen her alan\u0131na olan ilgisi onun kalemini g\u00fc\u00e7lendirmi\u015f ve d\u00fc\u015f\u00fcnce d\u00fcnyas\u0131n\u0131 alabildi\u011fine geni\u015fletmi\u015ftir. Geleneklerine k\u00f6kten ba\u011fl\u0131 olan S.Sami \u0130lker, insan\u0131 e\u011fit ki toplum d\u00fczelsin \u015fiar\u0131ndan hareketle yaz\u0131lar yazm\u0131\u015f, konferanslar vermi\u015f ve kitaplar \u00e7\u0131karm\u0131\u015ft\u0131r. \u0130nsan sa\u011fl\u0131\u011f\u0131n\u0131n her \u015feyden \u00f6nce geldi\u011fini, \u00e7evreye ve do\u011faya sahip \u00e7\u0131kman\u0131n insana sahip \u00e7\u0131kmak oldu\u011funu her vesile ile dile getiren \u0130lker, sa\u011fl\u0131kl\u0131 beslenme \u00fczerine orta dereceli okullarda, \u00fcniversitelerde ve sivil toplum kurulu\u015flar\u0131nda konferanslar vermi\u015f bir modern zaman yol ba\u015f\u00e7\u0131s\u0131d\u0131r. T\u00fcrk insan\u0131na olan inanc\u0131, \u00f6\u011frencilerine olan sevgisi ve dostlar\u0131na olan vefas\u0131 onu bir bak\u0131ma modern zaman \u201caksakal\u0131\u201d mertebesine y\u00fckseltmi\u015ftir dense yerinde olacakt\u0131r.<\/p>\n","protected":false},"excerpt":{"rendered":"<p>1956 y\u0131l\u0131nda Manisa\u2019n\u0131n G\u00f6rdes il\u00e7esinde d\u00fcnyaya gelen Prof. Dr. S\u00fcleyman Sami \u0130lker; i\u015f disiplini ve \u00e7al\u0131\u015fkanl\u0131\u011f\u0131 ile T\u0131p camias\u0131nda m\u00fcmtaz bir yere sahip olmu\u015ftur. Hocam\u0131z; T\u00fcrk<span class=\"excerpt-hellip\"> [\u2026]<\/span><\/p>\n","protected":false},"featured_media":0,"template":"","meta":{"_monsterinsights_skip_tracking":false,"_monsterinsights_sitenote_active":false,"_monsterinsights_sitenote_note":"","_monsterinsights_sitenote_category":0},"product_brand":[],"product_cat":[13488],"product_tag":[],"class_list":{"0":"post-758187","1":"product","2":"type-product","3":"status-publish","5":"product_cat-toplum-ve-insan","6":"pa_cilt-ciltli","7":"pa_tur-kitap","8":"pa_yayinevi-ihlamur-akademi","9":"pa_yazar-ihlamur-kollektif","11":"first","12":"instock","13":"sale","14":"shipping-taxable","15":"purchasable","16":"product-type-simple"},"_links":{"self":[{"href":"https:\/\/roveyayinevi.com.tr\/index.php\/wp-json\/wp\/v2\/product\/758187","targetHints":{"allow":["GET"]}}],"collection":[{"href":"https:\/\/roveyayinevi.com.tr\/index.php\/wp-json\/wp\/v2\/product"}],"about":[{"href":"https:\/\/roveyayinevi.com.tr\/index.php\/wp-json\/wp\/v2\/types\/product"}],"wp:attachment":[{"href":"https:\/\/roveyayinevi.com.tr\/index.php\/wp-json\/wp\/v2\/media?parent=758187"}],"wp:term":[{"taxonomy":"product_brand","embeddable":true,"href":"https:\/\/roveyayinevi.com.tr\/index.php\/wp-json\/wp\/v2\/product_brand?post=758187"},{"taxonomy":"product_cat","embeddable":true,"href":"https:\/\/roveyayinevi.com.tr\/index.php\/wp-json\/wp\/v2\/product_cat?post=758187"},{"taxonomy":"product_tag","embeddable":true,"href":"https:\/\/roveyayinevi.com.tr\/index.php\/wp-json\/wp\/v2\/product_tag?post=758187"}],"curies":[{"name":"wp","href":"https:\/\/api.w.org\/{rel}","templated":true}]}}