{"id":758186,"date":"2025-08-28T07:57:18","date_gmt":"2025-08-28T04:57:18","guid":{"rendered":"https:\/\/roveyayinevi.com.tr\/index.php\/urun\/sibani-namenin-budapeste-nushasi\/"},"modified":"2026-04-16T03:11:19","modified_gmt":"2026-04-16T00:11:19","slug":"sibani-namenin-budapeste-nushasi","status":"publish","type":"product","link":"https:\/\/roveyayinevi.com.tr\/index.php\/urun\/sibani-namenin-budapeste-nushasi\/","title":{"rendered":"\u015eibani-Name\u2019nin Budape\u015fte N\u00fcshas\u0131"},"content":{"rendered":"<p>Kitab\u0131n konusunu \u015eiban\u00ee-n\u00e2me\u2019nin Budape\u015fte n\u00fcshas\u0131 te\u015fkil etmektedir. \u015eiban Han\u2019\u0131n hayat\u0131 ve sava\u015flar\u0131 etraf\u0131nda \u015fekillenen bir vekayin\u00e2me niteli\u011fi ta\u015f\u0131yan eser \u00fczerine bug\u00fcne kadar yap\u0131lm\u0131\u015f \u00e7al\u0131\u015fmalarda, Avusturya Mill\u00ee K\u00fct\u00fcphanesi\u2019ndeki yazman\u0131n tek n\u00fcsha oldu\u011fu d\u00fc\u015f\u00fcn\u00fclmekteydi. Ancak tespit edilerek yay\u0131ma haz\u0131rlanan bu yeni n\u00fcsha yaln\u0131zca iml\u00e2 ve dil \u00f6zellikleri bak\u0131m\u0131ndan de\u011fil; i\u015fledi\u011fi olaylar bak\u0131m\u0131ndan da baz\u0131 farkl\u0131 \u00f6zellikler ta\u015f\u0131maktad\u0131r. Eserin bu y\u00f6nleriyle \u00c7a\u011fatay T\u00fcrk\u00e7esi ve d\u00f6nem tarihi ara\u015ft\u0131rmalar\u0131na katk\u0131 sunmas\u0131n\u0131 umut ediyorum.Arife Ece EV\u0130RGEN<\/p>\n","protected":false},"excerpt":{"rendered":"<p>Kitab\u0131n konusunu \u015eiban\u00ee-n\u00e2me\u2019nin Budape\u015fte n\u00fcshas\u0131 te\u015fkil etmektedir. \u015eiban Han\u2019\u0131n hayat\u0131 ve sava\u015flar\u0131 etraf\u0131nda \u015fekillenen bir vekayin\u00e2me niteli\u011fi ta\u015f\u0131yan eser \u00fczerine bug\u00fcne kadar yap\u0131lm\u0131\u015f \u00e7al\u0131\u015fmalarda, Avusturya Mill\u00ee<span class=\"excerpt-hellip\"> [\u2026]<\/span><\/p>\n","protected":false},"featured_media":0,"template":"","meta":{"_monsterinsights_skip_tracking":false,"_monsterinsights_sitenote_active":false,"_monsterinsights_sitenote_note":"","_monsterinsights_sitenote_category":0},"product_brand":[],"product_cat":[18545,12291],"product_tag":[],"class_list":{"0":"post-758186","1":"product","2":"type-product","3":"status-publish","5":"product_cat-anlati","6":"product_cat-edebiyat","7":"pa_cilt-ciltsiz","8":"pa_tur-kitap","9":"pa_yayinevi-ihlamur-akademi","10":"pa_yazar-ihlamur-kollektif","12":"first","13":"instock","14":"sale","15":"shipping-taxable","16":"purchasable","17":"product-type-simple"},"_links":{"self":[{"href":"https:\/\/roveyayinevi.com.tr\/index.php\/wp-json\/wp\/v2\/product\/758186","targetHints":{"allow":["GET"]}}],"collection":[{"href":"https:\/\/roveyayinevi.com.tr\/index.php\/wp-json\/wp\/v2\/product"}],"about":[{"href":"https:\/\/roveyayinevi.com.tr\/index.php\/wp-json\/wp\/v2\/types\/product"}],"wp:attachment":[{"href":"https:\/\/roveyayinevi.com.tr\/index.php\/wp-json\/wp\/v2\/media?parent=758186"}],"wp:term":[{"taxonomy":"product_brand","embeddable":true,"href":"https:\/\/roveyayinevi.com.tr\/index.php\/wp-json\/wp\/v2\/product_brand?post=758186"},{"taxonomy":"product_cat","embeddable":true,"href":"https:\/\/roveyayinevi.com.tr\/index.php\/wp-json\/wp\/v2\/product_cat?post=758186"},{"taxonomy":"product_tag","embeddable":true,"href":"https:\/\/roveyayinevi.com.tr\/index.php\/wp-json\/wp\/v2\/product_tag?post=758186"}],"curies":[{"name":"wp","href":"https:\/\/api.w.org\/{rel}","templated":true}]}}