{"id":758185,"date":"2025-08-28T07:57:17","date_gmt":"2025-08-28T04:57:17","guid":{"rendered":"https:\/\/roveyayinevi.com.tr\/index.php\/urun\/cengiz-aytmatovun-eserlerinde-utopya-ve-distopya\/"},"modified":"2026-04-16T03:11:19","modified_gmt":"2026-04-16T00:11:19","slug":"cengiz-aytmatovun-eserlerinde-utopya-ve-distopya","status":"publish","type":"product","link":"https:\/\/roveyayinevi.com.tr\/index.php\/urun\/cengiz-aytmatovun-eserlerinde-utopya-ve-distopya\/","title":{"rendered":"Cengiz Aytmatov&#8217;un Eserlerinde \u00dctopya ve Distopya"},"content":{"rendered":"<p>Eserlerini, daha iyi bir varolu\u015f bi\u00e7imine dayal\u0131 olarak kaleme alanAytmatov, tarihin ve \u00fctopyan\u0131n sonunun ilan edildi\u011fi bir \u00e7a\u011fda, umuda herzamankinden daha \u00e7ok ihtiyac\u0131m\u0131z oldu\u011funu an\u0131msat\u0131r. Bu bak\u0131mdan onuneserleri, d\u00fc\u015ften kaynaklanan, yar\u0131 insan, yar\u0131 hayvan \u00fctopik beden tasar\u0131lar\u0131ile devam eden, umudun ve \u00fctopyac\u0131 taleplerin hi\u00e7 eksilmedi\u011fi metinlerdir.Aytmatov, eserlerinde, s\u0131radan ya\u015fam\u0131n aynas\u0131ndan istek resimlerisunarken bir taraftan da \u201cinsanlar\u0131n olmas\u0131ndan korktuklar\u0131 \u015feyi\u201d dillendirir.Eserlerindeki insanl\u0131k h\u00e2llerine ait t\u00fcm par\u00e7alar\u0131n, \u00fctopik istekg\u00f6r\u00fcn\u00fcmlerinin, eserlerinde i\u015flenen temalar\u0131n bir \u015fey s\u00f6yledi\u011fini, hepsinin\u201cdaha b\u00fcy\u00fck bir hakikatin par\u00e7as\u0131 oldu\u011funu\u201d bilir ve okuruna daha b\u00fcy\u00fckhakikatleri g\u00f6stermek ister.Onun eserlerinde \u00fctopya, biraz da onu g\u00f6rmesini bilenler, i\u00e7inde umutarzusunu ta\u015f\u0131yanlar i\u00e7indir, t\u0131pk\u0131 Beyaz Gemi\u2019deki k\u00fc\u00e7\u00fck \u00e7ocu\u011fun bilincinin vekalbinin derinliklerinde kalan Maral Ana\u2019y\u0131 istemsizce \u00e7a\u011f\u0131rmas\u0131, onu d\u00fc\u015fd\u00fcnyas\u0131n\u0131n \u00fctopik imgelemi yapmas\u0131 gibi yazar\u0131n metinlerindeki \u00e7o\u011fumesajda \u00fctopya, onu \u00e7a\u011f\u0131ranlar ve g\u00f6rmesini bilenler i\u00e7indir.<\/p>\n","protected":false},"excerpt":{"rendered":"<p>Eserlerini, daha iyi bir varolu\u015f bi\u00e7imine dayal\u0131 olarak kaleme alanAytmatov, tarihin ve \u00fctopyan\u0131n sonunun ilan edildi\u011fi bir \u00e7a\u011fda, umuda herzamankinden daha \u00e7ok ihtiyac\u0131m\u0131z oldu\u011funu an\u0131msat\u0131r. Bu<span class=\"excerpt-hellip\"> [\u2026]<\/span><\/p>\n","protected":false},"featured_media":0,"template":"","meta":{"_monsterinsights_skip_tracking":false,"_monsterinsights_sitenote_active":false,"_monsterinsights_sitenote_note":"","_monsterinsights_sitenote_category":0},"product_brand":[],"product_cat":[20351,12388],"product_tag":[],"class_list":{"0":"post-758185","1":"product","2":"type-product","3":"status-publish","5":"product_cat-dusunce","6":"product_cat-felsefe","7":"pa_cilt-ciltsiz","8":"pa_tur-kitap","9":"pa_yayinevi-ihlamur-akademi","10":"pa_yazar-ihlamur-kollektif","12":"first","13":"instock","14":"sale","15":"shipping-taxable","16":"purchasable","17":"product-type-simple"},"_links":{"self":[{"href":"https:\/\/roveyayinevi.com.tr\/index.php\/wp-json\/wp\/v2\/product\/758185","targetHints":{"allow":["GET"]}}],"collection":[{"href":"https:\/\/roveyayinevi.com.tr\/index.php\/wp-json\/wp\/v2\/product"}],"about":[{"href":"https:\/\/roveyayinevi.com.tr\/index.php\/wp-json\/wp\/v2\/types\/product"}],"wp:attachment":[{"href":"https:\/\/roveyayinevi.com.tr\/index.php\/wp-json\/wp\/v2\/media?parent=758185"}],"wp:term":[{"taxonomy":"product_brand","embeddable":true,"href":"https:\/\/roveyayinevi.com.tr\/index.php\/wp-json\/wp\/v2\/product_brand?post=758185"},{"taxonomy":"product_cat","embeddable":true,"href":"https:\/\/roveyayinevi.com.tr\/index.php\/wp-json\/wp\/v2\/product_cat?post=758185"},{"taxonomy":"product_tag","embeddable":true,"href":"https:\/\/roveyayinevi.com.tr\/index.php\/wp-json\/wp\/v2\/product_tag?post=758185"}],"curies":[{"name":"wp","href":"https:\/\/api.w.org\/{rel}","templated":true}]}}