{"id":758184,"date":"2025-08-28T07:57:15","date_gmt":"2025-08-28T04:57:15","guid":{"rendered":"https:\/\/roveyayinevi.com.tr\/index.php\/urun\/yilmaz-gurbuzun-romanlari-ve-romanciligi\/"},"modified":"2026-04-16T03:11:19","modified_gmt":"2026-04-16T00:11:19","slug":"yilmaz-gurbuzun-romanlari-ve-romanciligi","status":"publish","type":"product","link":"https:\/\/roveyayinevi.com.tr\/index.php\/urun\/yilmaz-gurbuzun-romanlari-ve-romanciligi\/","title":{"rendered":"Y\u0131lmaz G\u00fcrb\u00fcz&#8217;\u00fcn Romanlar\u0131 ve Romanc\u0131l\u0131\u011f\u0131"},"content":{"rendered":"<p>Tarihi mill\u00ee bilincin kayna\u011f\u0131 olarak g\u00f6ren Y\u0131lmaz G\u00fcrb\u00fcz, romanlar\u0131nda T\u00fcrk tarihinin \u00e7e\u015fitli devirlerini konu alm\u0131\u015ft\u0131r. Romanlar\u0131n\u0131n siyasi arka plan\u0131nda II. G\u00f6kt\u00fcrk Devleti\u2019nden B\u00fcy\u00fck Sel\u00e7uklu Devleti\u2019ne; Anadolu Sel\u00e7uklu Devleti\u2019nden Eyy\u00fbb\u00ee Devleti\u2019ne; Osmanl\u0131 \u0130mparatorlu\u011fu\u2019ndan T\u00fcrkiye Cumhuriyeti\u2019ne kadar geni\u015f bir tarih aral\u0131\u011f\u0131 mevcuttur. Romanlar\u0131nda ele ald\u0131\u011f\u0131 tarih\u00ee devrin sosyal ve siyasi olaylar\u0131n\u0131 romanlar\u0131n\u0131n arka plan\u0131na titizlikle yans\u0131tm\u0131\u015ft\u0131r.Romanlar\u0131n\u0131n sonuna \u201cYararlan\u0131lan Kaynaklar\u201d b\u00f6l\u00fcm\u00fcn\u00fc eklemesi, eserlerini tarihin yaz\u0131l\u0131 kaynaklar\u0131n\u0131 dikkate alarak yazd\u0131\u011f\u0131n\u0131 g\u00f6stermektedir. Ayr\u0131ca bir\u00e7ok roman\u0131na d\u00e2hil etti\u011fi eserini yazma zaman\u0131na ili\u015fkin bilgileri okuyucuyla payla\u015fmas\u0131 da yazd\u0131klar\u0131nda yaz\u0131l\u0131 kaynaklarca sabit tarih\u00ee verilere s\u0131k\u0131 s\u0131k\u0131ya ba\u011fl\u0131 oldu\u011funu kan\u0131tlar niteliktedir. Y\u0131lmaz G\u00fcrb\u00fcz\u2019\u00fcn bir yazar olarak \u00f6ne \u00e7\u0131kan y\u00f6n\u00fc, yaz\u0131l\u0131 kaynaklara dayanan tarih\u00ee veriler \u0131\u015f\u0131\u011f\u0131nda romanlar\u0131n\u0131 kurgulamas\u0131 ve anlatt\u0131\u011f\u0131 olay zaman\u0131ndan sapmadan olaylar\u0131 tarih\u00ee ger\u00e7eklere ba\u011fl\u0131 kalarak kaleme almas\u0131d\u0131r. Y\u0131lmaz G\u00fcrb\u00fcz\u2019\u00fcn romanlar\u0131bu yorumlar \u0131\u015f\u0131\u011f\u0131nda dikkate de\u011fer bir nitelik ta\u015f\u0131maktad\u0131r.<\/p>\n","protected":false},"excerpt":{"rendered":"<p>Tarihi mill\u00ee bilincin kayna\u011f\u0131 olarak g\u00f6ren Y\u0131lmaz G\u00fcrb\u00fcz, romanlar\u0131nda T\u00fcrk tarihinin \u00e7e\u015fitli devirlerini konu alm\u0131\u015ft\u0131r. Romanlar\u0131n\u0131n siyasi arka plan\u0131nda II. G\u00f6kt\u00fcrk Devleti\u2019nden B\u00fcy\u00fck Sel\u00e7uklu Devleti\u2019ne; Anadolu<span class=\"excerpt-hellip\"> [\u2026]<\/span><\/p>\n","protected":false},"featured_media":0,"template":"","meta":{"_monsterinsights_skip_tracking":false,"_monsterinsights_sitenote_active":false,"_monsterinsights_sitenote_note":"","_monsterinsights_sitenote_category":0},"product_brand":[],"product_cat":[13072,12291],"product_tag":[],"class_list":{"0":"post-758184","1":"product","2":"type-product","3":"status-publish","5":"product_cat-arastirma-inceleme-referans","6":"product_cat-edebiyat","7":"pa_cilt-ciltsiz","8":"pa_tur-kitap","9":"pa_yayinevi-ihlamur-akademi","10":"pa_yazar-sezaver-capci-sipahi","12":"first","13":"instock","14":"sale","15":"shipping-taxable","16":"purchasable","17":"product-type-simple"},"_links":{"self":[{"href":"https:\/\/roveyayinevi.com.tr\/index.php\/wp-json\/wp\/v2\/product\/758184","targetHints":{"allow":["GET"]}}],"collection":[{"href":"https:\/\/roveyayinevi.com.tr\/index.php\/wp-json\/wp\/v2\/product"}],"about":[{"href":"https:\/\/roveyayinevi.com.tr\/index.php\/wp-json\/wp\/v2\/types\/product"}],"wp:attachment":[{"href":"https:\/\/roveyayinevi.com.tr\/index.php\/wp-json\/wp\/v2\/media?parent=758184"}],"wp:term":[{"taxonomy":"product_brand","embeddable":true,"href":"https:\/\/roveyayinevi.com.tr\/index.php\/wp-json\/wp\/v2\/product_brand?post=758184"},{"taxonomy":"product_cat","embeddable":true,"href":"https:\/\/roveyayinevi.com.tr\/index.php\/wp-json\/wp\/v2\/product_cat?post=758184"},{"taxonomy":"product_tag","embeddable":true,"href":"https:\/\/roveyayinevi.com.tr\/index.php\/wp-json\/wp\/v2\/product_tag?post=758184"}],"curies":[{"name":"wp","href":"https:\/\/api.w.org\/{rel}","templated":true}]}}