{"id":758182,"date":"2025-08-28T07:57:12","date_gmt":"2025-08-28T04:57:12","guid":{"rendered":"https:\/\/roveyayinevi.com.tr\/index.php\/urun\/cankiri-halk-inanislari\/"},"modified":"2026-04-16T03:11:19","modified_gmt":"2026-04-16T00:11:19","slug":"cankiri-halk-inanislari","status":"publish","type":"product","link":"https:\/\/roveyayinevi.com.tr\/index.php\/urun\/cankiri-halk-inanislari\/","title":{"rendered":"\u00c7ank\u0131r\u0131 Halk \u0130nan\u0131\u015flar\u0131"},"content":{"rendered":"<p>\u00c7ank\u0131r\u0131 k\u00fclt\u00fcrel zenginliklerini geleneksel t\u00f6re, t\u00f6ren ve uygulamalarla, g\u00fcn\u00fcm\u00fcze kadar ta\u015f\u0131yan \u00f6rnek \u015fehirlerden biridir. \u00c7ank\u0131r\u0131 halk\u0131 eski T\u00fcrk geleneklerinden g\u00fcn\u00fcm\u00fcze gelen bu adet, inanma ve bunlara ba\u011fl\u0131 pratikleri t\u00fcm canl\u0131l\u0131\u011f\u0131yla korumu\u015f bu inan\u0131\u015f bi\u00e7imlerini \u00e2det ad\u0131 alt\u0131nda ya\u015fatm\u0131\u015ft\u0131r. \u00d6rne\u011fin halk inan\u0131\u015flar\u0131nda yer alan alkaras\u0131, albast\u0131 efsanesi, uzun \u00f6m\u00fcrl\u00fc olmas\u0131 i\u00e7in \u00e7ocuklara Ya\u015far, Durmu\u015f, Sat\u0131lm\u0131\u015f, Sat\u0131 vb. isimlerin verilmesi, t\u00fcrbelere ve kutlu a\u011fa\u00e7lara, \u00e7al\u0131lara bez ba\u011flanmas\u0131, \u00e7ocu\u011fun ve annenin k\u0131rklanmas\u0131 k\u00f6t\u00fc ruhlardan korunma maksad\u0131yla de\u011fi\u015fik adetlerin yap\u0131lmas\u0131 bu d\u00fc\u015f\u00fcncelerdendir.<\/p>\n","protected":false},"excerpt":{"rendered":"<p>\u00c7ank\u0131r\u0131 k\u00fclt\u00fcrel zenginliklerini geleneksel t\u00f6re, t\u00f6ren ve uygulamalarla, g\u00fcn\u00fcm\u00fcze kadar ta\u015f\u0131yan \u00f6rnek \u015fehirlerden biridir. \u00c7ank\u0131r\u0131 halk\u0131 eski T\u00fcrk geleneklerinden g\u00fcn\u00fcm\u00fcze gelen bu adet, inanma ve bunlara<span class=\"excerpt-hellip\"> [\u2026]<\/span><\/p>\n","protected":false},"featured_media":0,"template":"","meta":{"_monsterinsights_skip_tracking":false,"_monsterinsights_sitenote_active":false,"_monsterinsights_sitenote_note":"","_monsterinsights_sitenote_category":0},"product_brand":[],"product_cat":[12324],"product_tag":[],"class_list":{"0":"post-758182","1":"product","2":"type-product","3":"status-publish","5":"product_cat-sosyoloji","6":"pa_cilt-ciltsiz","7":"pa_tur-kitap","8":"pa_yayinevi-ihlamur-akademi","9":"pa_yazar-munir-cerrahoglu","11":"first","12":"instock","13":"sale","14":"shipping-taxable","15":"purchasable","16":"product-type-simple"},"_links":{"self":[{"href":"https:\/\/roveyayinevi.com.tr\/index.php\/wp-json\/wp\/v2\/product\/758182","targetHints":{"allow":["GET"]}}],"collection":[{"href":"https:\/\/roveyayinevi.com.tr\/index.php\/wp-json\/wp\/v2\/product"}],"about":[{"href":"https:\/\/roveyayinevi.com.tr\/index.php\/wp-json\/wp\/v2\/types\/product"}],"wp:attachment":[{"href":"https:\/\/roveyayinevi.com.tr\/index.php\/wp-json\/wp\/v2\/media?parent=758182"}],"wp:term":[{"taxonomy":"product_brand","embeddable":true,"href":"https:\/\/roveyayinevi.com.tr\/index.php\/wp-json\/wp\/v2\/product_brand?post=758182"},{"taxonomy":"product_cat","embeddable":true,"href":"https:\/\/roveyayinevi.com.tr\/index.php\/wp-json\/wp\/v2\/product_cat?post=758182"},{"taxonomy":"product_tag","embeddable":true,"href":"https:\/\/roveyayinevi.com.tr\/index.php\/wp-json\/wp\/v2\/product_tag?post=758182"}],"curies":[{"name":"wp","href":"https:\/\/api.w.org\/{rel}","templated":true}]}}