{"id":758181,"date":"2025-08-28T07:57:10","date_gmt":"2025-08-28T04:57:10","guid":{"rendered":"https:\/\/roveyayinevi.com.tr\/index.php\/urun\/cagdas-turk-siiri-uzerine-yazilar\/"},"modified":"2026-04-16T03:11:19","modified_gmt":"2026-04-16T00:11:19","slug":"cagdas-turk-siiri-uzerine-yazilar","status":"publish","type":"product","link":"https:\/\/roveyayinevi.com.tr\/index.php\/urun\/cagdas-turk-siiri-uzerine-yazilar\/","title":{"rendered":"\u00c7a\u011fda\u015f T\u00fcrk \u015eiiri \u00dczerine Yaz\u0131lar"},"content":{"rendered":"<p>\u015eiirin R\u00fcyas\u0131n\u0131 G\u00f6rmek: \u00c7a\u011fda\u015f T\u00fcrk \u015eiiri \u00dczerine Yaz\u0131lar, Tanzimat\u2019tan g\u00fcn\u00fcm\u00fcze kadar \u015fairlerimizin yazd\u0131\u011f\u0131 \u00e7e\u015fitli \u015fiirler, baz\u0131 \u015fairlerimizin \u015fiir anlay\u0131\u015flar\u0131 ve \u015fiirlerindeki temalar hakk\u0131ndaki yaz\u0131lardan olu\u015fuyor. Kitapta; Mehmet Akif Ersoy\u2019dan Necip Faz\u0131l K\u0131sak\u00fcrek\u2019e, Orhan Veli Kan\u0131k\u2019tan Cahit S\u0131tk\u0131 Taranc\u0131\u2019ya, Mehmet Emin Yurdakul\u2019dan Faruk Nafiz \u00c7aml\u0131bel\u2019e, Ziya Osman Saba\u2019dan \u00d6mer Faruk Toprak\u2019a, Sabri Alt\u0131nel\u2019den Ayhan K\u0131rdar\u2019a, Bekir B\u00fcy\u00fckark\u0131n\u2019dan Nebih Nafile\u2019ye \u015fair ve yazarlar\u0131m\u0131z\u0131n \u015fiirleri ve \u015fiir anlay\u0131\u015flar\u0131 farkl\u0131 bak\u0131\u015f a\u00e7\u0131lar\u0131 ile de\u011ferlendiriliyor. Ayr\u0131ca kitab\u0131n ilk yaz\u0131s\u0131 olan \u2018T\u00fcrk \u015eiirinde Redif ve Bat\u0131 \u015eiirindeki Kar\u015f\u0131l\u0131\u011f\u0131\u2019 yaz\u0131s\u0131 ile redifin Bat\u0131 \u015fiirindeki kar\u015f\u0131l\u0131klar\u0131 \u00fczerine mukayeseli bir incelemeye yer veriliyor. Kitapta yer alan yaz\u0131lar ile \u00e7a\u011fda\u015f T\u00fcrk \u015fiirinin \u00f6nemli \u015fairlerinin \u015fiirleri; zaman, deniz, \u00fctopya, \u00f6zlem, a\u015fk, kahramanl\u0131k, h\u00fcrriyet, vatan sevgisi, umut, \u00f6l\u00fcm, ya\u015fama sevinci, yaln\u0131zl\u0131k vb. izlekler ile kavramlar etraf\u0131nda ele al\u0131n\u0131yor ve \u015fairlerimizin \u015fiir ufuklar\u0131na bir yolculuk yap\u0131l\u0131yor.<\/p>\n","protected":false},"excerpt":{"rendered":"<p>\u015eiirin R\u00fcyas\u0131n\u0131 G\u00f6rmek: \u00c7a\u011fda\u015f T\u00fcrk \u015eiiri \u00dczerine Yaz\u0131lar, Tanzimat\u2019tan g\u00fcn\u00fcm\u00fcze kadar \u015fairlerimizin yazd\u0131\u011f\u0131 \u00e7e\u015fitli \u015fiirler, baz\u0131 \u015fairlerimizin \u015fiir anlay\u0131\u015flar\u0131 ve \u015fiirlerindeki temalar hakk\u0131ndaki yaz\u0131lardan olu\u015fuyor. Kitapta;<span class=\"excerpt-hellip\"> [\u2026]<\/span><\/p>\n","protected":false},"featured_media":0,"template":"","meta":{"_monsterinsights_skip_tracking":false,"_monsterinsights_sitenote_active":false,"_monsterinsights_sitenote_note":"","_monsterinsights_sitenote_category":0},"product_brand":[],"product_cat":[12291,12509],"product_tag":[],"class_list":{"0":"post-758181","1":"product","2":"type-product","3":"status-publish","5":"product_cat-edebiyat","6":"product_cat-siir","7":"pa_cilt-ciltsiz","8":"pa_tur-kitap","9":"pa_yayinevi-ihlamur-akademi","10":"pa_yazar-fatih-sakalli","12":"first","13":"instock","14":"sale","15":"shipping-taxable","16":"purchasable","17":"product-type-simple"},"_links":{"self":[{"href":"https:\/\/roveyayinevi.com.tr\/index.php\/wp-json\/wp\/v2\/product\/758181","targetHints":{"allow":["GET"]}}],"collection":[{"href":"https:\/\/roveyayinevi.com.tr\/index.php\/wp-json\/wp\/v2\/product"}],"about":[{"href":"https:\/\/roveyayinevi.com.tr\/index.php\/wp-json\/wp\/v2\/types\/product"}],"wp:attachment":[{"href":"https:\/\/roveyayinevi.com.tr\/index.php\/wp-json\/wp\/v2\/media?parent=758181"}],"wp:term":[{"taxonomy":"product_brand","embeddable":true,"href":"https:\/\/roveyayinevi.com.tr\/index.php\/wp-json\/wp\/v2\/product_brand?post=758181"},{"taxonomy":"product_cat","embeddable":true,"href":"https:\/\/roveyayinevi.com.tr\/index.php\/wp-json\/wp\/v2\/product_cat?post=758181"},{"taxonomy":"product_tag","embeddable":true,"href":"https:\/\/roveyayinevi.com.tr\/index.php\/wp-json\/wp\/v2\/product_tag?post=758181"}],"curies":[{"name":"wp","href":"https:\/\/api.w.org\/{rel}","templated":true}]}}