{"id":758174,"date":"2025-08-28T07:57:00","date_gmt":"2025-08-28T04:57:00","guid":{"rendered":"https:\/\/roveyayinevi.com.tr\/index.php\/urun\/erken-cocukluk-donemi-cocuklarina-yonelik-stem-etkinlikleri\/"},"modified":"2026-04-16T03:11:18","modified_gmt":"2026-04-16T00:11:18","slug":"erken-cocukluk-donemi-cocuklarina-yonelik-stem-etkinlikleri","status":"publish","type":"product","link":"https:\/\/roveyayinevi.com.tr\/index.php\/urun\/erken-cocukluk-donemi-cocuklarina-yonelik-stem-etkinlikleri\/","title":{"rendered":"Erken \u00c7ocukluk D\u00f6nemi \u00c7ocuklar\u0131na Y\u00f6nelik Stem Etkinlikleri"},"content":{"rendered":"<p>Bir \u00e7ok disiplini bir arada kullan\u0131lmas\u0131n\u0131 temel alan STEAM yakla\u015f\u0131m\u0131 21. yy becerilerini temel alan bir yakla\u015f\u0131md\u0131r. Bu alanda yay\u0131nlanm\u0131\u015f eserler i\u00e7eresinde erken \u00e7ocukluk d\u00f6nemini temel alan ve \u00f6\u011fretmenlere yol g\u00f6sterici nitelikte nadir eserlerden biridir. Kitapta yer alan STEAM ve kodlama e\u011fitimleri siz \u00f6\u011fretmenlerimize bu konuda temel bilgileri veren 25 etkinlik i\u00e7ermektedir. Haz\u0131rlanan her etkinlik bir ya\u015fam olgusunu temel almaktad\u0131r. Bu sayede bu \u00f6\u011frendi\u011fim  ger\u00e7ek hayatta ne i\u015fime yarayacak? sorusuna cevap veren okul\u00f6ncesi \u00e7ocuklar\u0131n\u0131n bilimsel d\u00fc\u015f\u00fcnme becerileri ve yarat\u0131c\u0131l\u0131klar\u0131n\u0131 geli\u015ftirici etkinlikler i\u00e7eren bir eserdir. K\u0131ymetli \u00f6\u011fretmenim bu kitap size STEAM ve kodlamay\u0131 \u00f6\u011fretirken s\u0131n\u0131fta e\u011flenceli ve aktif kat\u0131l\u0131m oldu\u011fu bir ortam sunacakt\u0131r.<\/p>\n","protected":false},"excerpt":{"rendered":"<p>Bir \u00e7ok disiplini bir arada kullan\u0131lmas\u0131n\u0131 temel alan STEAM yakla\u015f\u0131m\u0131 21. yy becerilerini temel alan bir yakla\u015f\u0131md\u0131r. Bu alanda yay\u0131nlanm\u0131\u015f eserler i\u00e7eresinde erken \u00e7ocukluk d\u00f6nemini temel<span class=\"excerpt-hellip\"> [\u2026]<\/span><\/p>\n","protected":false},"featured_media":0,"template":"","meta":{"_monsterinsights_skip_tracking":false,"_monsterinsights_sitenote_active":false,"_monsterinsights_sitenote_note":"","_monsterinsights_sitenote_category":0},"product_brand":[],"product_cat":[12831,12324],"product_tag":[],"class_list":{"0":"post-758174","1":"product","2":"type-product","3":"status-publish","5":"product_cat-aile-ve-cocuk","6":"product_cat-sosyoloji","7":"pa_cilt-ciltsiz","8":"pa_tur-kitap","9":"pa_yayinevi-ihlamur-akademi","10":"pa_yazar-enver-turksoy","11":"pa_yazar-fatma-alisinanoglu","12":"pa_yazar-ridvan-karabulut","14":"first","15":"instock","16":"sale","17":"shipping-taxable","18":"purchasable","19":"product-type-simple"},"_links":{"self":[{"href":"https:\/\/roveyayinevi.com.tr\/index.php\/wp-json\/wp\/v2\/product\/758174","targetHints":{"allow":["GET"]}}],"collection":[{"href":"https:\/\/roveyayinevi.com.tr\/index.php\/wp-json\/wp\/v2\/product"}],"about":[{"href":"https:\/\/roveyayinevi.com.tr\/index.php\/wp-json\/wp\/v2\/types\/product"}],"wp:attachment":[{"href":"https:\/\/roveyayinevi.com.tr\/index.php\/wp-json\/wp\/v2\/media?parent=758174"}],"wp:term":[{"taxonomy":"product_brand","embeddable":true,"href":"https:\/\/roveyayinevi.com.tr\/index.php\/wp-json\/wp\/v2\/product_brand?post=758174"},{"taxonomy":"product_cat","embeddable":true,"href":"https:\/\/roveyayinevi.com.tr\/index.php\/wp-json\/wp\/v2\/product_cat?post=758174"},{"taxonomy":"product_tag","embeddable":true,"href":"https:\/\/roveyayinevi.com.tr\/index.php\/wp-json\/wp\/v2\/product_tag?post=758174"}],"curies":[{"name":"wp","href":"https:\/\/api.w.org\/{rel}","templated":true}]}}