{"id":758170,"date":"2025-08-28T07:56:54","date_gmt":"2025-08-28T04:56:54","guid":{"rendered":"https:\/\/roveyayinevi.com.tr\/index.php\/urun\/zonguldak-devrek-turkuleri\/"},"modified":"2026-04-16T03:11:18","modified_gmt":"2026-04-16T00:11:18","slug":"zonguldak-devrek-turkuleri","status":"publish","type":"product","link":"https:\/\/roveyayinevi.com.tr\/index.php\/urun\/zonguldak-devrek-turkuleri\/","title":{"rendered":"Zonguldak &#8211; Devrek T\u00fcrk\u00fcleri"},"content":{"rendered":"<p>\u0130brahim T\u0131\u011f taraf\u0131ndan haz\u0131rlanan \u201cZonguldak-Devrek T\u00fcrk\u00fcleri\u201d adl\u0131 bu kitapta, daha \u00f6nce repertuvarda olan t\u00fcrk\u00fclerin yan\u0131nda, T\u0131\u011f taraf\u0131ndan derlenen yeni t\u00fcrk\u00fcler de bulunmaktad\u0131r. Kitapta, t\u00fcrk\u00fclerinin s\u00f6zleriyle birlikte notalar\u0131 da yer almaktad\u0131r. Kitapta, t\u00fcrk\u00fcler hakk\u0131nda konunun uzmanl\u0131 taraf\u0131nda yaz\u0131lm\u0131\u015f makaleler de bulunur.  T\u00fcrkilere ek olarak, yerel kelimeler, b\u00f6lgeye \u00f6zg\u00fc adetler kitab\u0131 zenginle\u015ftirmi\u015ftir.       <\/p>\n","protected":false},"excerpt":{"rendered":"<p>\u0130brahim T\u0131\u011f taraf\u0131ndan haz\u0131rlanan \u201cZonguldak-Devrek T\u00fcrk\u00fcleri\u201d adl\u0131 bu kitapta, daha \u00f6nce repertuvarda olan t\u00fcrk\u00fclerin yan\u0131nda, T\u0131\u011f taraf\u0131ndan derlenen yeni t\u00fcrk\u00fcler de bulunmaktad\u0131r. Kitapta, t\u00fcrk\u00fclerinin s\u00f6zleriyle birlikte<span class=\"excerpt-hellip\"> [\u2026]<\/span><\/p>\n","protected":false},"featured_media":0,"template":"","meta":{"_monsterinsights_skip_tracking":false,"_monsterinsights_sitenote_active":false,"_monsterinsights_sitenote_note":"","_monsterinsights_sitenote_category":0},"product_brand":[],"product_cat":[14556],"product_tag":[],"class_list":{"0":"post-758170","1":"product","2":"type-product","3":"status-publish","5":"product_cat-muzik","6":"pa_cilt-ciltsiz","7":"pa_tur-kitap","8":"pa_yayinevi-myrina-yayinlari","9":"pa_yazar-ibrahim-tig","11":"first","12":"instock","13":"sale","14":"shipping-taxable","15":"purchasable","16":"product-type-simple"},"_links":{"self":[{"href":"https:\/\/roveyayinevi.com.tr\/index.php\/wp-json\/wp\/v2\/product\/758170","targetHints":{"allow":["GET"]}}],"collection":[{"href":"https:\/\/roveyayinevi.com.tr\/index.php\/wp-json\/wp\/v2\/product"}],"about":[{"href":"https:\/\/roveyayinevi.com.tr\/index.php\/wp-json\/wp\/v2\/types\/product"}],"wp:attachment":[{"href":"https:\/\/roveyayinevi.com.tr\/index.php\/wp-json\/wp\/v2\/media?parent=758170"}],"wp:term":[{"taxonomy":"product_brand","embeddable":true,"href":"https:\/\/roveyayinevi.com.tr\/index.php\/wp-json\/wp\/v2\/product_brand?post=758170"},{"taxonomy":"product_cat","embeddable":true,"href":"https:\/\/roveyayinevi.com.tr\/index.php\/wp-json\/wp\/v2\/product_cat?post=758170"},{"taxonomy":"product_tag","embeddable":true,"href":"https:\/\/roveyayinevi.com.tr\/index.php\/wp-json\/wp\/v2\/product_tag?post=758170"}],"curies":[{"name":"wp","href":"https:\/\/api.w.org\/{rel}","templated":true}]}}